{"id":1486,"date":"2025-08-27T18:59:46","date_gmt":"2025-08-27T18:59:46","guid":{"rendered":"https:\/\/afrodad.org\/afcodd5\/?page_id=1486"},"modified":"2025-08-27T21:41:03","modified_gmt":"2025-08-27T21:41:03","slug":"download-telecharger","status":"publish","type":"page","link":"https:\/\/afrodad.org\/afcodd5\/download-telecharger\/","title":{"rendered":"Download \/ T\u00e9l\u00e9charger"},"content":{"rendered":"\n<p class=\"\"><strong><a href=\"https:\/\/afrodad.org\/afcodd5\/wp-content\/uploads\/2025\/08\/AfCoDD-V-Day-2-3.pdf\">Day 2 and 3 programme in English<\/a><\/strong><\/p>\n\n\n\n<p class=\"\"><strong><a href=\"https:\/\/afrodad.org\/afcodd5\/wp-content\/uploads\/2025\/08\/AfCoDD-V-Day-2-3-FR.pdf\">Programme des jours 2 et 3 en fran\u00e7ais<\/a><\/strong><\/p>\n\n\n\n<p class=\"\"><\/p>\n","protected":false},"excerpt":{"rendered":"<p>Day 2 and 3 programme in English Programme des jours 2 et 3 en fran\u00e7ais<\/p>\n","protected":false},"author":1,"featured_media":0,"parent":0,"menu_order":0,"comment_status":"closed","ping_status":"closed","template":"","meta":{"nf_dc_page":"","om_disable_all_campaigns":false,"_monsterinsights_skip_tracking":false,"_monsterinsights_sitenote_active":false,"_monsterinsights_sitenote_note":"","_monsterinsights_sitenote_category":0,"footnotes":""},"class_list":["post-1486","page","type-page","status-publish","hentry"],"yoast_head":"<!-- This site is optimized with the Yoast SEO plugin v27.5 - https:\/\/yoast.com\/product\/yoast-seo-wordpress\/ -->\n<title>Download \/ T\u00e9l\u00e9charger - AfCoDD V<\/title>\n<meta name=\"robots\" content=\"index, follow, max-snippet:-1, max-image-preview:large, max-video-preview:-1\" \/>\n<link rel=\"canonical\" href=\"https:\/\/afrodad.org\/afcodd5\/download-telecharger\/\" \/>\n<meta property=\"og:locale\" content=\"en_US\" \/>\n<meta property=\"og:type\" content=\"article\" \/>\n<meta property=\"og:title\" content=\"Download \/ T\u00e9l\u00e9charger - AfCoDD V\" \/>\n<meta property=\"og:description\" content=\"Day 2 and 3 programme in English Programme des jours 2 et 3 en fran\u00e7ais\" \/>\n<meta property=\"og:url\" content=\"https:\/\/afrodad.org\/afcodd5\/download-telecharger\/\" \/>\n<meta property=\"og:site_name\" content=\"AfCoDD V\" \/>\n<meta property=\"article:publisher\" content=\"https:\/\/www.facebook.com\/AFRODAD\/\" \/>\n<meta property=\"article:modified_time\" content=\"2025-08-27T21:41:03+00:00\" \/>\n<meta name=\"twitter:card\" content=\"summary_large_image\" \/>\n<meta name=\"twitter:site\" content=\"@AFRODAD2011\" \/>\n<meta name=\"twitter:label1\" content=\"Est. reading time\" \/>\n\t<meta name=\"twitter:data1\" content=\"1 minute\" \/>\n<script type=\"application\/ld+json\" class=\"yoast-schema-graph\">{\"@context\":\"https:\\\/\\\/schema.org\",\"@graph\":[{\"@type\":\"WebPage\",\"@id\":\"https:\\\/\\\/afrodad.org\\\/afcodd5\\\/download-telecharger\\\/\",\"url\":\"https:\\\/\\\/afrodad.org\\\/afcodd5\\\/download-telecharger\\\/\",\"name\":\"Download \\\/ T\u00e9l\u00e9charger - AfCoDD V\",\"isPartOf\":{\"@id\":\"https:\\\/\\\/afrodad.org\\\/afcodd5\\\/#website\"},\"datePublished\":\"2025-08-27T18:59:46+00:00\",\"dateModified\":\"2025-08-27T21:41:03+00:00\",\"breadcrumb\":{\"@id\":\"https:\\\/\\\/afrodad.org\\\/afcodd5\\\/download-telecharger\\\/#breadcrumb\"},\"inLanguage\":\"en-US\",\"potentialAction\":[{\"@type\":\"ReadAction\",\"target\":[\"https:\\\/\\\/afrodad.org\\\/afcodd5\\\/download-telecharger\\\/\"]}]},{\"@type\":\"BreadcrumbList\",\"@id\":\"https:\\\/\\\/afrodad.org\\\/afcodd5\\\/download-telecharger\\\/#breadcrumb\",\"itemListElement\":[{\"@type\":\"ListItem\",\"position\":1,\"name\":\"Home\",\"item\":\"https:\\\/\\\/afrodad.org\\\/afcodd5\\\/\"},{\"@type\":\"ListItem\",\"position\":2,\"name\":\"Download \\\/ T\u00e9l\u00e9charger\"}]},{\"@type\":\"WebSite\",\"@id\":\"https:\\\/\\\/afrodad.org\\\/afcodd5\\\/#website\",\"url\":\"https:\\\/\\\/afrodad.org\\\/afcodd5\\\/\",\"name\":\"AfCoDD V\",\"description\":\"5th Edition of the African Conference on Debt and Development\",\"potentialAction\":[{\"@type\":\"SearchAction\",\"target\":{\"@type\":\"EntryPoint\",\"urlTemplate\":\"https:\\\/\\\/afrodad.org\\\/afcodd5\\\/?s={search_term_string}\"},\"query-input\":{\"@type\":\"PropertyValueSpecification\",\"valueRequired\":true,\"valueName\":\"search_term_string\"}}],\"inLanguage\":\"en-US\"}]}<\/script>\n<!-- \/ Yoast SEO plugin. -->","yoast_head_json":{"title":"Download \/ T\u00e9l\u00e9charger - AfCoDD V","robots":{"index":"index","follow":"follow","max-snippet":"max-snippet:-1","max-image-preview":"max-image-preview:large","max-video-preview":"max-video-preview:-1"},"canonical":"https:\/\/afrodad.org\/afcodd5\/download-telecharger\/","og_locale":"en_US","og_type":"article","og_title":"Download \/ T\u00e9l\u00e9charger - AfCoDD V","og_description":"Day 2 and 3 programme in English Programme des jours 2 et 3 en fran\u00e7ais","og_url":"https:\/\/afrodad.org\/afcodd5\/download-telecharger\/","og_site_name":"AfCoDD V","article_publisher":"https:\/\/www.facebook.com\/AFRODAD\/","article_modified_time":"2025-08-27T21:41:03+00:00","twitter_card":"summary_large_image","twitter_site":"@AFRODAD2011","twitter_misc":{"Est. reading time":"1 minute"},"schema":{"@context":"https:\/\/schema.org","@graph":[{"@type":"WebPage","@id":"https:\/\/afrodad.org\/afcodd5\/download-telecharger\/","url":"https:\/\/afrodad.org\/afcodd5\/download-telecharger\/","name":"Download \/ T\u00e9l\u00e9charger - AfCoDD V","isPartOf":{"@id":"https:\/\/afrodad.org\/afcodd5\/#website"},"datePublished":"2025-08-27T18:59:46+00:00","dateModified":"2025-08-27T21:41:03+00:00","breadcrumb":{"@id":"https:\/\/afrodad.org\/afcodd5\/download-telecharger\/#breadcrumb"},"inLanguage":"en-US","potentialAction":[{"@type":"ReadAction","target":["https:\/\/afrodad.org\/afcodd5\/download-telecharger\/"]}]},{"@type":"BreadcrumbList","@id":"https:\/\/afrodad.org\/afcodd5\/download-telecharger\/#breadcrumb","itemListElement":[{"@type":"ListItem","position":1,"name":"Home","item":"https:\/\/afrodad.org\/afcodd5\/"},{"@type":"ListItem","position":2,"name":"Download \/ T\u00e9l\u00e9charger"}]},{"@type":"WebSite","@id":"https:\/\/afrodad.org\/afcodd5\/#website","url":"https:\/\/afrodad.org\/afcodd5\/","name":"AfCoDD V","description":"5th Edition of the African Conference on Debt and Development","potentialAction":[{"@type":"SearchAction","target":{"@type":"EntryPoint","urlTemplate":"https:\/\/afrodad.org\/afcodd5\/?s={search_term_string}"},"query-input":{"@type":"PropertyValueSpecification","valueRequired":true,"valueName":"search_term_string"}}],"inLanguage":"en-US"}]}},"jetpack_sharing_enabled":true,"_links":{"self":[{"href":"https:\/\/afrodad.org\/afcodd5\/wp-json\/wp\/v2\/pages\/1486","targetHints":{"allow":["GET"]}}],"collection":[{"href":"https:\/\/afrodad.org\/afcodd5\/wp-json\/wp\/v2\/pages"}],"about":[{"href":"https:\/\/afrodad.org\/afcodd5\/wp-json\/wp\/v2\/types\/page"}],"author":[{"embeddable":true,"href":"https:\/\/afrodad.org\/afcodd5\/wp-json\/wp\/v2\/users\/1"}],"replies":[{"embeddable":true,"href":"https:\/\/afrodad.org\/afcodd5\/wp-json\/wp\/v2\/comments?post=1486"}],"version-history":[{"count":2,"href":"https:\/\/afrodad.org\/afcodd5\/wp-json\/wp\/v2\/pages\/1486\/revisions"}],"predecessor-version":[{"id":1491,"href":"https:\/\/afrodad.org\/afcodd5\/wp-json\/wp\/v2\/pages\/1486\/revisions\/1491"}],"wp:attachment":[{"href":"https:\/\/afrodad.org\/afcodd5\/wp-json\/wp\/v2\/media?parent=1486"}],"curies":[{"name":"wp","href":"https:\/\/api.w.org\/{rel}","templated":true}]}}