{"id":13444,"date":"2024-02-25T19:12:24","date_gmt":"2024-02-25T19:12:24","guid":{"rendered":"https:\/\/afrodad.org\/afromedi\/staging\/3155\/?page_id=13444"},"modified":"2024-03-09T01:23:16","modified_gmt":"2024-03-09T01:23:16","slug":"elementor-13444","status":"publish","type":"page","link":"https:\/\/afrodad.org\/afromedi\/staging\/3155\/fr\/elementor-13444\/","title":{"rendered":"Speakers &#8211; French"},"content":{"rendered":"\t\t<div data-elementor-type=\"wp-page\" data-elementor-id=\"13444\" class=\"elementor elementor-13444\" data-elementor-post-type=\"page\">\n\t\t\t\t\t\t<section data-particle_enable=\"false\" data-particle-mobile-disabled=\"false\" class=\"elementor-section elementor-top-section elementor-element elementor-element-34841a7 elementor-section-boxed elementor-section-height-default elementor-section-height-default\" data-id=\"34841a7\" data-element_type=\"section\" data-e-type=\"section\">\n\t\t\t\t\t\t<div class=\"elementor-container elementor-column-gap-no\">\n\t\t\t\t\t<div class=\"elementor-column elementor-col-100 elementor-top-column elementor-element elementor-element-172a094b\" data-id=\"172a094b\" data-element_type=\"column\" data-e-type=\"column\">\n\t\t\t<div class=\"elementor-widget-wrap elementor-element-populated\">\n\t\t\t\t\t\t<div class=\"elementor-element elementor-element-e235225 elementor-widget elementor-widget-elementskit-heading\" data-id=\"e235225\" data-element_type=\"widget\" data-e-type=\"widget\" data-widget_type=\"elementskit-heading.default\">\n\t\t\t\t<div class=\"elementor-widget-container\">\n\t\t\t\t\t<div class=\"ekit-wid-con\" ><div class=\"ekit-heading elementskit-section-title-wraper text_center   ekit_heading_tablet-   ekit_heading_mobile-\"><h3 class=\"ekit-heading--title elementskit-section-title \">Conf\u00e9renciers d'AFROMEDI IV<\/h3>\t\t\t\t<div class='ekit-heading__description'>\n\t\t\t\t\t<div>\n<div class=\"css-44 \">\n<div>\n<div class=\"ts-pivot-lookup-component\">\n<div class=\"ms-Grid ts-grid\">\n<div class=\"ms-Grid-row\">\n<div class=\"ts-textfield-container \">\n<div class=\"ts-alignment-view-container\">\n<div class=\"ts-alignment-view  ms-font-m ts-alignment-view-tgt ts-ltr-left-zero\">\n<div><span class=\"ts-alignment-element\">Apprenez<\/span> <span class=\"ts-alignment-element\">de<\/span> premi\u00e8re <span class=\"ts-alignment-element\">main<\/span> <span class=\"ts-alignment-element\">des<\/span> <span class=\"ts-alignment-element\">leaders<\/span> <span class=\"ts-alignment-element\">de<\/span> <span class=\"ts-alignment-element\">l<\/span><span class=\"ts-alignment-element\">\u2019<\/span><span class=\"ts-alignment-element\">industrie<\/span> <span class=\"ts-alignment-element\">sur<\/span> <span class=\"ts-alignment-element\">la<\/span> <span class=\"ts-alignment-element\">dette<\/span> <span class=\"ts-alignment-element\">et<\/span> <span class=\"ts-alignment-element\">le<\/span> <span class=\"ts-alignment-element\">d\u00e9veloppement<\/span> <span class=\"ts-alignment-element\">en<\/span> <span class=\"ts-alignment-element\">Afrique<\/span> <span class=\"ts-alignment-element\">et<\/span> <span class=\"ts-alignment-element\">le<\/span> <span class=\"ts-alignment-element\">lien<\/span> <span class=\"ts-alignment-element\">avec<\/span> Afrom\u00e9dias<span class=\"ts-alignment-element\">.<\/span><\/div>\n<\/div>\n<\/div>\n<\/div>\n<\/div>\n<\/div>\n<\/div>\n<\/div>\n<\/div>\n<\/div>\n\t\t\t\t<\/div>\n\t\t\t<\/div><\/div>\t\t\t\t<\/div>\n\t\t\t\t<\/div>\n\t\t<div data-particle_enable=\"false\" data-particle-mobile-disabled=\"false\" class=\"elementor-element elementor-element-0b9fa15 e-grid e-con-full e-con e-parent\" data-id=\"0b9fa15\" data-element_type=\"container\" data-e-type=\"container\" data-settings=\"{&quot;background_background&quot;:&quot;classic&quot;}\">\n\t\t\t\t<div class=\"elementor-element elementor-element-fef8f07 eael-team-align-eael-team-align-default elementor-widget elementor-widget-eael-team-member\" data-id=\"fef8f07\" data-element_type=\"widget\" data-e-type=\"widget\" data-widget_type=\"eael-team-member.default\">\n\t\t\t\t<div class=\"elementor-widget-container\">\n\t\t\t\t\t\n\n\t<div id=\"eael-team-member-fef8f07\" class=\"eael-team-item eael-team-members-simple \">\n\t\t<div class=\"eael-team-item-inner\">\n\t\t\t<div class=\"eael-team-image\">\n\t\t\t\t<figure>\n\t\t\t\t\t\t\t\t\t\t<img decoding=\"async\" src=\"https:\/\/i0.wp.com\/afrodad.org\/afromedi\/staging\/3155\/wp-content\/uploads\/2024\/02\/President-UNCJI.png?fit=481%2C485&#038;ssl=1\" alt=\"\">\n\t\t\t\t\t\t\t\t\t<\/figure>\n\t\t\t\t\n\t\t\t\t\n\t\t\t<\/div>\n\n\t\t\t<div class=\"eael-team-content\">\n\t\t\t\t<h2 class=\"eael-team-member-name\">Jean Claude<\/h2><h3 class=\"eael-team-member-position\">Le pr\u00e9sident de l'Union nationale des journalistes de C\u00f4te d'Ivoire (UNJCI)<\/h3>\n\t\t\t\t\t\t\t\t\t\t\t\t\t\t<p class=\"eael-team-text\"><\/p>\n\t\t\t\t\t\t\t<\/div>\n\t\t<\/div>\n\t<\/div>\n\t\t\t\t\t<\/div>\n\t\t\t\t<\/div>\n\t\t\t\t<div class=\"elementor-element elementor-element-17a0f4b eael-team-align-eael-team-align-default elementor-widget elementor-widget-eael-team-member\" data-id=\"17a0f4b\" data-element_type=\"widget\" data-e-type=\"widget\" data-widget_type=\"eael-team-member.default\">\n\t\t\t\t<div class=\"elementor-widget-container\">\n\t\t\t\t\t\n\n\t<div id=\"eael-team-member-17a0f4b\" class=\"eael-team-item eael-team-members-simple \">\n\t\t<div class=\"eael-team-item-inner\">\n\t\t\t<div class=\"eael-team-image\">\n\t\t\t\t<figure>\n\t\t\t\t\t\t\t\t\t\t<img decoding=\"async\" src=\"https:\/\/i0.wp.com\/afrodad.org\/afromedi\/staging\/3155\/wp-content\/uploads\/2024\/02\/Amadou.png?fit=481%2C484&#038;ssl=1\" alt=\"\">\n\t\t\t\t\t\t\t\t\t<\/figure>\n\t\t\t\t\n\t\t\t\t\n\t\t\t<\/div>\n\n\t\t\t<div class=\"eael-team-content\">\n\t\t\t\t<h2 class=\"eael-team-member-name\">S.E.M Amadou Coulibaly<\/h2><h3 class=\"eael-team-member-position\">Ministre de la Communication et de l'Economie Num\u00e9rique, Porte-parole du Gouvernement, r\u00e9publique de C\u00f4te d'Ivoire<\/h3>\n\t\t\t\t\t\t\t\t\t\t\t\t\t\t<p class=\"eael-team-text\"><\/p>\n\t\t\t\t\t\t\t<\/div>\n\t\t<\/div>\n\t<\/div>\n\t\t\t\t\t<\/div>\n\t\t\t\t<\/div>\n\t\t\t\t<div class=\"elementor-element elementor-element-b11c3c2 eael-team-align-eael-team-align-default elementor-widget elementor-widget-eael-team-member\" data-id=\"b11c3c2\" data-element_type=\"widget\" data-e-type=\"widget\" data-widget_type=\"eael-team-member.default\">\n\t\t\t\t<div class=\"elementor-widget-container\">\n\t\t\t\t\t\n\n\t<div id=\"eael-team-member-b11c3c2\" class=\"eael-team-item eael-team-members-simple \">\n\t\t<div class=\"eael-team-item-inner\">\n\t\t\t<div class=\"eael-team-image\">\n\t\t\t\t<figure>\n\t\t\t\t\t\t\t\t\t\t<img decoding=\"async\" src=\"https:\/\/i0.wp.com\/afrodad.org\/afromedi\/staging\/3155\/wp-content\/uploads\/2024\/02\/Adama.png?fit=481%2C485&#038;ssl=1\" alt=\"\">\n\t\t\t\t\t\t\t\t\t<\/figure>\n\t\t\t\t\n\t\t\t\t\n\t\t\t<\/div>\n\n\t\t\t<div class=\"eael-team-content\">\n\t\t\t\t<h2 class=\"eael-team-member-name\">S.E.M Adama Coulibaly<\/h2><h3 class=\"eael-team-member-position\">Ministre de l\u2019Economie et des Finances, r\u00e9publique de C\u00f4te d'Ivoire<\/h3>\n\t\t\t\t\t\t\t\t\t\t\t\t\t\t<p class=\"eael-team-text\"><\/p>\n\t\t\t\t\t\t\t<\/div>\n\t\t<\/div>\n\t<\/div>\n\t\t\t\t\t<\/div>\n\t\t\t\t<\/div>\n\t\t\t\t<div class=\"elementor-element elementor-element-7c2bc6e eael-team-align-eael-team-align-default elementor-widget elementor-widget-eael-team-member\" data-id=\"7c2bc6e\" data-element_type=\"widget\" data-e-type=\"widget\" data-widget_type=\"eael-team-member.default\">\n\t\t\t\t<div class=\"elementor-widget-container\">\n\t\t\t\t\t\n\n\t<div id=\"eael-team-member-7c2bc6e\" class=\"eael-team-item eael-team-members-simple \">\n\t\t<div class=\"eael-team-item-inner\">\n\t\t\t<div class=\"eael-team-image\">\n\t\t\t\t<figure>\n\t\t\t\t\t\t\t\t\t\t<img decoding=\"async\" src=\"https:\/\/i0.wp.com\/afrodad.org\/afromedi\/staging\/3155\/wp-content\/uploads\/2024\/02\/Fidelite.png?fit=481%2C485&#038;ssl=1\" alt=\"\">\n\t\t\t\t\t\t\t\t\t<\/figure>\n\t\t\t\t\n\t\t\t\t\n\t\t\t<\/div>\n\n\t\t\t<div class=\"eael-team-content\">\n\t\t\t\t<h2 class=\"eael-team-member-name\">Fid\u00e9lit\u00e9 Nshimiyimana  <\/h2><h3 class=\"eael-team-member-position\">Responsable des Campagnes &amp; de la Communication<\/h3>\n\t\t\t\t\t\t\t\t\t\t\t\t\t\t<p class=\"eael-team-text\"><\/p>\n\t\t\t\t\t\t\t<\/div>\n\t\t<\/div>\n\t<\/div>\n\t\t\t\t\t<\/div>\n\t\t\t\t<\/div>\n\t\t\t\t<div class=\"elementor-element elementor-element-0261fbc eael-team-align-eael-team-align-default elementor-widget elementor-widget-eael-team-member\" data-id=\"0261fbc\" data-element_type=\"widget\" data-e-type=\"widget\" data-widget_type=\"eael-team-member.default\">\n\t\t\t\t<div class=\"elementor-widget-container\">\n\t\t\t\t\t\n\n\t<div id=\"eael-team-member-0261fbc\" class=\"eael-team-item eael-team-members-simple \">\n\t\t<div class=\"eael-team-item-inner\">\n\t\t\t<div class=\"eael-team-image\">\n\t\t\t\t<figure>\n\t\t\t\t\t\t\t\t\t\t<img decoding=\"async\" src=\"https:\/\/i0.wp.com\/afrodad.org\/afromedi\/staging\/3155\/wp-content\/uploads\/2024\/02\/Asset-15.png?fit=346%2C349&#038;ssl=1\" alt=\"\">\n\t\t\t\t\t\t\t\t\t<\/figure>\n\t\t\t\t\n\t\t\t\t\n\t\t\t<\/div>\n\n\t\t\t<div class=\"eael-team-content\">\n\t\t\t\t<h2 class=\"eael-team-member-name\">Dr Lyla Latif<\/h2><h3 class=\"eael-team-member-position\">Consultante<\/h3>\n\t\t\t\t\t\t\t\t\t\t\t\t\t\t<p class=\"eael-team-text\"><\/p>\n\t\t\t\t\t\t\t<\/div>\n\t\t<\/div>\n\t<\/div>\n\t\t\t\t\t<\/div>\n\t\t\t\t<\/div>\n\t\t\t\t<div class=\"elementor-element elementor-element-453a5fc eael-team-align-eael-team-align-default elementor-widget elementor-widget-eael-team-member\" data-id=\"453a5fc\" data-element_type=\"widget\" data-e-type=\"widget\" data-widget_type=\"eael-team-member.default\">\n\t\t\t\t<div class=\"elementor-widget-container\">\n\t\t\t\t\t\n\n\t<div id=\"eael-team-member-453a5fc\" class=\"eael-team-item eael-team-members-simple \">\n\t\t<div class=\"eael-team-item-inner\">\n\t\t\t<div class=\"eael-team-image\">\n\t\t\t\t<figure>\n\t\t\t\t\t\t\t\t\t\t<img decoding=\"async\" src=\"https:\/\/i0.wp.com\/afrodad.org\/afromedi\/staging\/3155\/wp-content\/uploads\/2024\/02\/Victoria.png?fit=481%2C486&#038;ssl=1\" alt=\"\">\n\t\t\t\t\t\t\t\t\t<\/figure>\n\t\t\t\t\n\t\t\t\t\n\t\t\t<\/div>\n\n\t\t\t<div class=\"eael-team-content\">\n\t\t\t\t<h2 class=\"eael-team-member-name\">Victoria Rubadiri<\/h2><h3 class=\"eael-team-member-position\">Journaliste et pr\u00e9sentatrice de t\u00e9l\u00e9vision \u00e0 Citizen TV, laur\u00e9ate du prix Komla Dumor 2020 de BBC World News<\/h3>\n\t\t\t\t\t\t\t\t\t\t\t\t\t\t<p class=\"eael-team-text\"><\/p>\n\t\t\t\t\t\t\t<\/div>\n\t\t<\/div>\n\t<\/div>\n\t\t\t\t\t<\/div>\n\t\t\t\t<\/div>\n\t\t\t\t<div class=\"elementor-element elementor-element-90ef00f eael-team-align-eael-team-align-default elementor-widget elementor-widget-eael-team-member\" data-id=\"90ef00f\" data-element_type=\"widget\" data-e-type=\"widget\" data-widget_type=\"eael-team-member.default\">\n\t\t\t\t<div class=\"elementor-widget-container\">\n\t\t\t\t\t\n\n\t<div id=\"eael-team-member-90ef00f\" class=\"eael-team-item eael-team-members-simple \">\n\t\t<div class=\"eael-team-item-inner\">\n\t\t\t<div class=\"eael-team-image\">\n\t\t\t\t<figure>\n\t\t\t\t\t\t\t\t\t\t<img decoding=\"async\" src=\"https:\/\/i0.wp.com\/afrodad.org\/afromedi\/staging\/3155\/wp-content\/uploads\/2024\/02\/Asset-14.png?fit=347%2C349&#038;ssl=1\" alt=\"\">\n\t\t\t\t\t\t\t\t\t<\/figure>\n\t\t\t\t\n\t\t\t\t\n\t\t\t<\/div>\n\n\t\t\t<div class=\"eael-team-content\">\n\t\t\t\t<h2 class=\"eael-team-member-name\">Adwoa Adobea-Owusu<\/h2><h3 class=\"eael-team-member-position\">Journaliste d'investigation<\/h3>\n\t\t\t\t\t\t\t\t\t\t\t\t\t\t<p class=\"eael-team-text\"><\/p>\n\t\t\t\t\t\t\t<\/div>\n\t\t<\/div>\n\t<\/div>\n\t\t\t\t\t<\/div>\n\t\t\t\t<\/div>\n\t\t\t\t<\/div>\n\t\t\t\t\t<\/div>\n\t\t<\/div>\n\t\t\t\t\t<\/div>\n\t\t<\/section>\n\t\t\t\t<\/div>\n\t\t","protected":false},"excerpt":{"rendered":"<p>Conf\u00e9renciers d&#8217;AFROMEDI IV Apprenez de premi\u00e8re main des leaders de l\u2019industrie sur la dette et le d\u00e9veloppement en Afrique et le lien avec Afrom\u00e9dias. Jean Claude Le pr\u00e9sident de l&#8217;Union nationale des journalistes de C\u00f4te d&#8217;Ivoire (UNJCI) S.E.M Amadou Coulibaly Ministre de la Communication et de l&#8217;Economie Num\u00e9rique, Porte-parole du Gouvernement, r\u00e9publique de C\u00f4te d&#8217;Ivoire [&hellip;]<\/p>\n","protected":false},"author":2,"featured_media":0,"parent":0,"menu_order":0,"comment_status":"closed","ping_status":"closed","template":"","meta":{"footnotes":""},"class_list":["post-13444","page","type-page","status-publish","hentry"],"yoast_head":"<!-- This site is optimized with the Yoast SEO plugin v27.6 - https:\/\/yoast.com\/product\/yoast-seo-wordpress\/ -->\n<title>Speakers - French - AFROMEDI<\/title>\n<meta name=\"robots\" content=\"index, follow, max-snippet:-1, max-image-preview:large, max-video-preview:-1\" \/>\n<link rel=\"canonical\" href=\"https:\/\/afrodad.org\/afromedi\/staging\/3155\/fr\/elementor-13444\/\" \/>\n<meta property=\"og:locale\" content=\"en_US\" \/>\n<meta property=\"og:type\" content=\"article\" \/>\n<meta property=\"og:title\" content=\"Speakers - French - AFROMEDI\" \/>\n<meta property=\"og:description\" content=\"Conf\u00e9renciers d&#8217;AFROMEDI IV Apprenez de premi\u00e8re main des leaders de l\u2019industrie sur la dette et le d\u00e9veloppement en Afrique et le lien avec Afrom\u00e9dias. Jean Claude Le pr\u00e9sident de l&#8217;Union nationale des journalistes de C\u00f4te d&#8217;Ivoire (UNJCI) S.E.M Amadou Coulibaly Ministre de la Communication et de l&#8217;Economie Num\u00e9rique, Porte-parole du Gouvernement, r\u00e9publique de C\u00f4te d&#8217;Ivoire [&hellip;]\" \/>\n<meta property=\"og:url\" content=\"https:\/\/afrodad.org\/afromedi\/staging\/3155\/fr\/elementor-13444\/\" \/>\n<meta property=\"og:site_name\" content=\"AFROMEDI\" \/>\n<meta property=\"article:modified_time\" content=\"2024-03-09T01:23:16+00:00\" \/>\n<meta property=\"og:image\" content=\"https:\/\/afrodad.org\/afromedi\/staging\/3155\/wp-content\/uploads\/2024\/02\/President-UNCJI.png\" \/>\n<meta name=\"twitter:card\" content=\"summary_large_image\" \/>\n<meta name=\"twitter:label1\" content=\"Est. reading time\" \/>\n\t<meta name=\"twitter:data1\" content=\"2 minutes\" \/>\n<script type=\"application\/ld+json\" class=\"yoast-schema-graph\">{\"@context\":\"https:\\\/\\\/schema.org\",\"@graph\":[{\"@type\":\"WebPage\",\"@id\":\"https:\\\/\\\/afrodad.org\\\/afromedi\\\/staging\\\/3155\\\/fr\\\/elementor-13444\\\/\",\"url\":\"https:\\\/\\\/afrodad.org\\\/afromedi\\\/staging\\\/3155\\\/fr\\\/elementor-13444\\\/\",\"name\":\"Speakers - French - AFROMEDI\",\"isPartOf\":{\"@id\":\"https:\\\/\\\/afrodad.org\\\/afromedi\\\/staging\\\/3155\\\/#website\"},\"primaryImageOfPage\":{\"@id\":\"https:\\\/\\\/afrodad.org\\\/afromedi\\\/staging\\\/3155\\\/fr\\\/elementor-13444\\\/#primaryimage\"},\"image\":{\"@id\":\"https:\\\/\\\/afrodad.org\\\/afromedi\\\/staging\\\/3155\\\/fr\\\/elementor-13444\\\/#primaryimage\"},\"thumbnailUrl\":\"https:\\\/\\\/afrodad.org\\\/afromedi\\\/staging\\\/3155\\\/wp-content\\\/uploads\\\/2024\\\/02\\\/President-UNCJI.png\",\"datePublished\":\"2024-02-25T19:12:24+00:00\",\"dateModified\":\"2024-03-09T01:23:16+00:00\",\"breadcrumb\":{\"@id\":\"https:\\\/\\\/afrodad.org\\\/afromedi\\\/staging\\\/3155\\\/fr\\\/elementor-13444\\\/#breadcrumb\"},\"inLanguage\":\"en-US\",\"potentialAction\":[{\"@type\":\"ReadAction\",\"target\":[\"https:\\\/\\\/afrodad.org\\\/afromedi\\\/staging\\\/3155\\\/fr\\\/elementor-13444\\\/\"]}]},{\"@type\":\"ImageObject\",\"inLanguage\":\"en-US\",\"@id\":\"https:\\\/\\\/afrodad.org\\\/afromedi\\\/staging\\\/3155\\\/fr\\\/elementor-13444\\\/#primaryimage\",\"url\":\"https:\\\/\\\/i0.wp.com\\\/afrodad.org\\\/afromedi\\\/staging\\\/3155\\\/wp-content\\\/uploads\\\/2024\\\/02\\\/President-UNCJI.png?fit=481%2C485&ssl=1\",\"contentUrl\":\"https:\\\/\\\/i0.wp.com\\\/afrodad.org\\\/afromedi\\\/staging\\\/3155\\\/wp-content\\\/uploads\\\/2024\\\/02\\\/President-UNCJI.png?fit=481%2C485&ssl=1\",\"width\":481,\"height\":485},{\"@type\":\"BreadcrumbList\",\"@id\":\"https:\\\/\\\/afrodad.org\\\/afromedi\\\/staging\\\/3155\\\/fr\\\/elementor-13444\\\/#breadcrumb\",\"itemListElement\":[{\"@type\":\"ListItem\",\"position\":1,\"name\":\"Home\",\"item\":\"https:\\\/\\\/afrodad.org\\\/afromedi\\\/staging\\\/3155\\\/\"},{\"@type\":\"ListItem\",\"position\":2,\"name\":\"Speakers &#8211; French\"}]},{\"@type\":\"WebSite\",\"@id\":\"https:\\\/\\\/afrodad.org\\\/afromedi\\\/staging\\\/3155\\\/#website\",\"url\":\"https:\\\/\\\/afrodad.org\\\/afromedi\\\/staging\\\/3155\\\/\",\"name\":\"AFROMEDI\",\"description\":\"\",\"publisher\":{\"@id\":\"https:\\\/\\\/afrodad.org\\\/afromedi\\\/staging\\\/3155\\\/#organization\"},\"potentialAction\":[{\"@type\":\"SearchAction\",\"target\":{\"@type\":\"EntryPoint\",\"urlTemplate\":\"https:\\\/\\\/afrodad.org\\\/afromedi\\\/staging\\\/3155\\\/?s={search_term_string}\"},\"query-input\":{\"@type\":\"PropertyValueSpecification\",\"valueRequired\":true,\"valueName\":\"search_term_string\"}}],\"inLanguage\":\"en-US\"},{\"@type\":\"Organization\",\"@id\":\"https:\\\/\\\/afrodad.org\\\/afromedi\\\/staging\\\/3155\\\/#organization\",\"name\":\"AFROMEDI\",\"url\":\"https:\\\/\\\/afrodad.org\\\/afromedi\\\/staging\\\/3155\\\/\",\"logo\":{\"@type\":\"ImageObject\",\"inLanguage\":\"en-US\",\"@id\":\"https:\\\/\\\/afrodad.org\\\/afromedi\\\/staging\\\/3155\\\/#\\\/schema\\\/logo\\\/image\\\/\",\"url\":\"https:\\\/\\\/i0.wp.com\\\/afrodad.org\\\/afromedi\\\/staging\\\/3155\\\/wp-content\\\/uploads\\\/2023\\\/03\\\/AFRODADs-logo-2.png?fit=196%2C109&ssl=1\",\"contentUrl\":\"https:\\\/\\\/i0.wp.com\\\/afrodad.org\\\/afromedi\\\/staging\\\/3155\\\/wp-content\\\/uploads\\\/2023\\\/03\\\/AFRODADs-logo-2.png?fit=196%2C109&ssl=1\",\"width\":196,\"height\":109,\"caption\":\"AFROMEDI\"},\"image\":{\"@id\":\"https:\\\/\\\/afrodad.org\\\/afromedi\\\/staging\\\/3155\\\/#\\\/schema\\\/logo\\\/image\\\/\"}}]}<\/script>\n<!-- \/ Yoast SEO plugin. -->","yoast_head_json":{"title":"Speakers - French - AFROMEDI","robots":{"index":"index","follow":"follow","max-snippet":"max-snippet:-1","max-image-preview":"max-image-preview:large","max-video-preview":"max-video-preview:-1"},"canonical":"https:\/\/afrodad.org\/afromedi\/staging\/3155\/fr\/elementor-13444\/","og_locale":"en_US","og_type":"article","og_title":"Speakers - French - AFROMEDI","og_description":"Conf\u00e9renciers d&#8217;AFROMEDI IV Apprenez de premi\u00e8re main des leaders de l\u2019industrie sur la dette et le d\u00e9veloppement en Afrique et le lien avec Afrom\u00e9dias. Jean Claude Le pr\u00e9sident de l&#8217;Union nationale des journalistes de C\u00f4te d&#8217;Ivoire (UNJCI) S.E.M Amadou Coulibaly Ministre de la Communication et de l&#8217;Economie Num\u00e9rique, Porte-parole du Gouvernement, r\u00e9publique de C\u00f4te d&#8217;Ivoire [&hellip;]","og_url":"https:\/\/afrodad.org\/afromedi\/staging\/3155\/fr\/elementor-13444\/","og_site_name":"AFROMEDI","article_modified_time":"2024-03-09T01:23:16+00:00","og_image":[{"url":"https:\/\/afrodad.org\/afromedi\/staging\/3155\/wp-content\/uploads\/2024\/02\/President-UNCJI.png","type":"","width":"","height":""}],"twitter_card":"summary_large_image","twitter_misc":{"Est. reading time":"2 minutes"},"schema":{"@context":"https:\/\/schema.org","@graph":[{"@type":"WebPage","@id":"https:\/\/afrodad.org\/afromedi\/staging\/3155\/fr\/elementor-13444\/","url":"https:\/\/afrodad.org\/afromedi\/staging\/3155\/fr\/elementor-13444\/","name":"Speakers - French - AFROMEDI","isPartOf":{"@id":"https:\/\/afrodad.org\/afromedi\/staging\/3155\/#website"},"primaryImageOfPage":{"@id":"https:\/\/afrodad.org\/afromedi\/staging\/3155\/fr\/elementor-13444\/#primaryimage"},"image":{"@id":"https:\/\/afrodad.org\/afromedi\/staging\/3155\/fr\/elementor-13444\/#primaryimage"},"thumbnailUrl":"https:\/\/afrodad.org\/afromedi\/staging\/3155\/wp-content\/uploads\/2024\/02\/President-UNCJI.png","datePublished":"2024-02-25T19:12:24+00:00","dateModified":"2024-03-09T01:23:16+00:00","breadcrumb":{"@id":"https:\/\/afrodad.org\/afromedi\/staging\/3155\/fr\/elementor-13444\/#breadcrumb"},"inLanguage":"en-US","potentialAction":[{"@type":"ReadAction","target":["https:\/\/afrodad.org\/afromedi\/staging\/3155\/fr\/elementor-13444\/"]}]},{"@type":"ImageObject","inLanguage":"en-US","@id":"https:\/\/afrodad.org\/afromedi\/staging\/3155\/fr\/elementor-13444\/#primaryimage","url":"https:\/\/i0.wp.com\/afrodad.org\/afromedi\/staging\/3155\/wp-content\/uploads\/2024\/02\/President-UNCJI.png?fit=481%2C485&ssl=1","contentUrl":"https:\/\/i0.wp.com\/afrodad.org\/afromedi\/staging\/3155\/wp-content\/uploads\/2024\/02\/President-UNCJI.png?fit=481%2C485&ssl=1","width":481,"height":485},{"@type":"BreadcrumbList","@id":"https:\/\/afrodad.org\/afromedi\/staging\/3155\/fr\/elementor-13444\/#breadcrumb","itemListElement":[{"@type":"ListItem","position":1,"name":"Home","item":"https:\/\/afrodad.org\/afromedi\/staging\/3155\/"},{"@type":"ListItem","position":2,"name":"Speakers &#8211; French"}]},{"@type":"WebSite","@id":"https:\/\/afrodad.org\/afromedi\/staging\/3155\/#website","url":"https:\/\/afrodad.org\/afromedi\/staging\/3155\/","name":"AFROMEDI","description":"","publisher":{"@id":"https:\/\/afrodad.org\/afromedi\/staging\/3155\/#organization"},"potentialAction":[{"@type":"SearchAction","target":{"@type":"EntryPoint","urlTemplate":"https:\/\/afrodad.org\/afromedi\/staging\/3155\/?s={search_term_string}"},"query-input":{"@type":"PropertyValueSpecification","valueRequired":true,"valueName":"search_term_string"}}],"inLanguage":"en-US"},{"@type":"Organization","@id":"https:\/\/afrodad.org\/afromedi\/staging\/3155\/#organization","name":"AFROMEDI","url":"https:\/\/afrodad.org\/afromedi\/staging\/3155\/","logo":{"@type":"ImageObject","inLanguage":"en-US","@id":"https:\/\/afrodad.org\/afromedi\/staging\/3155\/#\/schema\/logo\/image\/","url":"https:\/\/i0.wp.com\/afrodad.org\/afromedi\/staging\/3155\/wp-content\/uploads\/2023\/03\/AFRODADs-logo-2.png?fit=196%2C109&ssl=1","contentUrl":"https:\/\/i0.wp.com\/afrodad.org\/afromedi\/staging\/3155\/wp-content\/uploads\/2023\/03\/AFRODADs-logo-2.png?fit=196%2C109&ssl=1","width":196,"height":109,"caption":"AFROMEDI"},"image":{"@id":"https:\/\/afrodad.org\/afromedi\/staging\/3155\/#\/schema\/logo\/image\/"}}]}},"jetpack_sharing_enabled":true,"_links":{"self":[{"href":"https:\/\/afrodad.org\/afromedi\/staging\/3155\/wp-json\/wp\/v2\/pages\/13444","targetHints":{"allow":["GET"]}}],"collection":[{"href":"https:\/\/afrodad.org\/afromedi\/staging\/3155\/wp-json\/wp\/v2\/pages"}],"about":[{"href":"https:\/\/afrodad.org\/afromedi\/staging\/3155\/wp-json\/wp\/v2\/types\/page"}],"author":[{"embeddable":true,"href":"https:\/\/afrodad.org\/afromedi\/staging\/3155\/wp-json\/wp\/v2\/users\/2"}],"replies":[{"embeddable":true,"href":"https:\/\/afrodad.org\/afromedi\/staging\/3155\/wp-json\/wp\/v2\/comments?post=13444"}],"version-history":[{"count":5,"href":"https:\/\/afrodad.org\/afromedi\/staging\/3155\/wp-json\/wp\/v2\/pages\/13444\/revisions"}],"predecessor-version":[{"id":13527,"href":"https:\/\/afrodad.org\/afromedi\/staging\/3155\/wp-json\/wp\/v2\/pages\/13444\/revisions\/13527"}],"wp:attachment":[{"href":"https:\/\/afrodad.org\/afromedi\/staging\/3155\/wp-json\/wp\/v2\/media?parent=13444"}],"curies":[{"name":"wp","href":"https:\/\/api.w.org\/{rel}","templated":true}]}}