{"id":13454,"date":"2024-02-25T19:12:24","date_gmt":"2024-02-25T19:12:24","guid":{"rendered":"https:\/\/afrodad.org\/afromedi\/staging\/3155\/?page_id=13454"},"modified":"2024-03-09T01:22:52","modified_gmt":"2024-03-09T01:22:52","slug":"elementor-13454","status":"publish","type":"page","link":"https:\/\/afrodad.org\/afromedi\/staging\/3155\/pt\/elementor-13454\/","title":{"rendered":"Speakers &#8211; Portuguese"},"content":{"rendered":"\t\t<div data-elementor-type=\"wp-page\" data-elementor-id=\"13454\" class=\"elementor elementor-13454\" data-elementor-post-type=\"page\">\n\t\t\t\t\t\t<section data-particle_enable=\"false\" data-particle-mobile-disabled=\"false\" class=\"elementor-section elementor-top-section elementor-element elementor-element-34841a7 elementor-section-boxed elementor-section-height-default elementor-section-height-default\" data-id=\"34841a7\" data-element_type=\"section\" data-e-type=\"section\">\n\t\t\t\t\t\t<div class=\"elementor-container elementor-column-gap-no\">\n\t\t\t\t\t<div class=\"elementor-column elementor-col-100 elementor-top-column elementor-element elementor-element-172a094b\" data-id=\"172a094b\" data-element_type=\"column\" data-e-type=\"column\">\n\t\t\t<div class=\"elementor-widget-wrap elementor-element-populated\">\n\t\t\t\t\t\t<div class=\"elementor-element elementor-element-e235225 elementor-widget elementor-widget-elementskit-heading\" data-id=\"e235225\" data-element_type=\"widget\" data-e-type=\"widget\" data-widget_type=\"elementskit-heading.default\">\n\t\t\t\t<div class=\"elementor-widget-container\">\n\t\t\t\t\t<div class=\"ekit-wid-con\" ><div class=\"ekit-heading elementskit-section-title-wraper text_center   ekit_heading_tablet-   ekit_heading_mobile-\"><h3 class=\"ekit-heading--title elementskit-section-title \">ORADORES DA CONFER\u00caNCIA AFROMEDI IV<\/h3>\t\t\t\t<div class='ekit-heading__description'>\n\t\t\t\t\t<p>Aprenda em primeira m\u00e3o com os l\u00edderes da ind\u00fastria sobre a d\u00edvida e o desenvolvimento em \u00c1frica e a liga\u00e7\u00e3o \u00e0 Afrom\u00eddia.<\/p>\n\t\t\t\t<\/div>\n\t\t\t<\/div><\/div>\t\t\t\t<\/div>\n\t\t\t\t<\/div>\n\t\t<div data-particle_enable=\"false\" data-particle-mobile-disabled=\"false\" class=\"elementor-element elementor-element-0b9fa15 e-grid e-con-full e-con e-parent\" data-id=\"0b9fa15\" data-element_type=\"container\" data-e-type=\"container\" data-settings=\"{&quot;background_background&quot;:&quot;classic&quot;}\">\n\t\t\t\t<div class=\"elementor-element elementor-element-fef8f07 eael-team-align-eael-team-align-default elementor-widget elementor-widget-eael-team-member\" data-id=\"fef8f07\" data-element_type=\"widget\" data-e-type=\"widget\" data-widget_type=\"eael-team-member.default\">\n\t\t\t\t<div class=\"elementor-widget-container\">\n\t\t\t\t\t\n\n\t<div id=\"eael-team-member-fef8f07\" class=\"eael-team-item eael-team-members-simple \">\n\t\t<div class=\"eael-team-item-inner\">\n\t\t\t<div class=\"eael-team-image\">\n\t\t\t\t<figure>\n\t\t\t\t\t\t\t\t\t\t<img decoding=\"async\" src=\"https:\/\/i0.wp.com\/afrodad.org\/afromedi\/staging\/3155\/wp-content\/uploads\/2024\/02\/President-UNCJI.png?fit=481%2C485&#038;ssl=1\" alt=\"\">\n\t\t\t\t\t\t\t\t\t<\/figure>\n\t\t\t\t\n\t\t\t\t\n\t\t\t<\/div>\n\n\t\t\t<div class=\"eael-team-content\">\n\t\t\t\t<h2 class=\"eael-team-member-name\">Jean Claude<\/h2><h3 class=\"eael-team-member-position\">Presidente do Sindicato Nacional dos Jornalistas da Costa do Marfim (UNJCI),<\/h3>\n\t\t\t\t\t\t\t\t\t\t\t\t\t\t<p class=\"eael-team-text\"><\/p>\n\t\t\t\t\t\t\t<\/div>\n\t\t<\/div>\n\t<\/div>\n\t\t\t\t\t<\/div>\n\t\t\t\t<\/div>\n\t\t\t\t<div class=\"elementor-element elementor-element-17a0f4b eael-team-align-eael-team-align-default elementor-widget elementor-widget-eael-team-member\" data-id=\"17a0f4b\" data-element_type=\"widget\" data-e-type=\"widget\" data-widget_type=\"eael-team-member.default\">\n\t\t\t\t<div class=\"elementor-widget-container\">\n\t\t\t\t\t\n\n\t<div id=\"eael-team-member-17a0f4b\" class=\"eael-team-item eael-team-members-simple \">\n\t\t<div class=\"eael-team-item-inner\">\n\t\t\t<div class=\"eael-team-image\">\n\t\t\t\t<figure>\n\t\t\t\t\t\t\t\t\t\t<img decoding=\"async\" src=\"https:\/\/i0.wp.com\/afrodad.org\/afromedi\/staging\/3155\/wp-content\/uploads\/2024\/02\/Amadou.png?fit=481%2C484&#038;ssl=1\" alt=\"\">\n\t\t\t\t\t\t\t\t\t<\/figure>\n\t\t\t\t\n\t\t\t\t\n\t\t\t<\/div>\n\n\t\t\t<div class=\"eael-team-content\">\n\t\t\t\t<h2 class=\"eael-team-member-name\">S.E.M Amadou Coulibaly<\/h2><h3 class=\"eael-team-member-position\">Ministro da Comunica\u00e7\u00e3o e da Economia Digital &amp; Porta-voz do Governo, Rep\u00fablica da Costa do Marfim<\/h3>\n\t\t\t\t\t\t\t\t\t\t\t\t\t\t<p class=\"eael-team-text\"><\/p>\n\t\t\t\t\t\t\t<\/div>\n\t\t<\/div>\n\t<\/div>\n\t\t\t\t\t<\/div>\n\t\t\t\t<\/div>\n\t\t\t\t<div class=\"elementor-element elementor-element-b11c3c2 eael-team-align-eael-team-align-default elementor-widget elementor-widget-eael-team-member\" data-id=\"b11c3c2\" data-element_type=\"widget\" data-e-type=\"widget\" data-widget_type=\"eael-team-member.default\">\n\t\t\t\t<div class=\"elementor-widget-container\">\n\t\t\t\t\t\n\n\t<div id=\"eael-team-member-b11c3c2\" class=\"eael-team-item eael-team-members-simple \">\n\t\t<div class=\"eael-team-item-inner\">\n\t\t\t<div class=\"eael-team-image\">\n\t\t\t\t<figure>\n\t\t\t\t\t\t\t\t\t\t<img decoding=\"async\" src=\"https:\/\/i0.wp.com\/afrodad.org\/afromedi\/staging\/3155\/wp-content\/uploads\/2024\/02\/Adama.png?fit=481%2C485&#038;ssl=1\" alt=\"\">\n\t\t\t\t\t\t\t\t\t<\/figure>\n\t\t\t\t\n\t\t\t\t\n\t\t\t<\/div>\n\n\t\t\t<div class=\"eael-team-content\">\n\t\t\t\t<h2 class=\"eael-team-member-name\">S.E.M Adama Coulibaly<\/h2><h3 class=\"eael-team-member-position\">Ministro da Economia e das Finan\u00e7as, Rep\u00fablica da Costa do Marfim<\/h3>\n\t\t\t\t\t\t\t\t\t\t\t\t\t\t<p class=\"eael-team-text\"><\/p>\n\t\t\t\t\t\t\t<\/div>\n\t\t<\/div>\n\t<\/div>\n\t\t\t\t\t<\/div>\n\t\t\t\t<\/div>\n\t\t\t\t<div class=\"elementor-element elementor-element-7c2bc6e eael-team-align-eael-team-align-default elementor-widget elementor-widget-eael-team-member\" data-id=\"7c2bc6e\" data-element_type=\"widget\" data-e-type=\"widget\" data-widget_type=\"eael-team-member.default\">\n\t\t\t\t<div class=\"elementor-widget-container\">\n\t\t\t\t\t\n\n\t<div id=\"eael-team-member-7c2bc6e\" class=\"eael-team-item eael-team-members-simple \">\n\t\t<div class=\"eael-team-item-inner\">\n\t\t\t<div class=\"eael-team-image\">\n\t\t\t\t<figure>\n\t\t\t\t\t\t\t\t\t\t<img decoding=\"async\" src=\"https:\/\/i0.wp.com\/afrodad.org\/afromedi\/staging\/3155\/wp-content\/uploads\/2024\/02\/Fidelite.png?fit=481%2C485&#038;ssl=1\" alt=\"\">\n\t\t\t\t\t\t\t\t\t<\/figure>\n\t\t\t\t\n\t\t\t\t\n\t\t\t<\/div>\n\n\t\t\t<div class=\"eael-team-content\">\n\t\t\t\t<h2 class=\"eael-team-member-name\">Fid\u00e9lit\u00e9 Nshimiyimana  <\/h2><h3 class=\"eael-team-member-position\"> de Campanhas e Comunica\u00e7\u00e3o, AFRODAD<\/h3>\n\t\t\t\t\t\t\t\t\t\t\t\t\t\t<p class=\"eael-team-text\"><\/p>\n\t\t\t\t\t\t\t<\/div>\n\t\t<\/div>\n\t<\/div>\n\t\t\t\t\t<\/div>\n\t\t\t\t<\/div>\n\t\t\t\t<div class=\"elementor-element elementor-element-0261fbc eael-team-align-eael-team-align-default elementor-widget elementor-widget-eael-team-member\" data-id=\"0261fbc\" data-element_type=\"widget\" data-e-type=\"widget\" data-widget_type=\"eael-team-member.default\">\n\t\t\t\t<div class=\"elementor-widget-container\">\n\t\t\t\t\t\n\n\t<div id=\"eael-team-member-0261fbc\" class=\"eael-team-item eael-team-members-simple \">\n\t\t<div class=\"eael-team-item-inner\">\n\t\t\t<div class=\"eael-team-image\">\n\t\t\t\t<figure>\n\t\t\t\t\t\t\t\t\t\t<img decoding=\"async\" src=\"https:\/\/i0.wp.com\/afrodad.org\/afromedi\/staging\/3155\/wp-content\/uploads\/2024\/02\/Asset-15.png?fit=346%2C349&#038;ssl=1\" alt=\"\">\n\t\t\t\t\t\t\t\t\t<\/figure>\n\t\t\t\t\n\t\t\t\t\n\t\t\t<\/div>\n\n\t\t\t<div class=\"eael-team-content\">\n\t\t\t\t<h2 class=\"eael-team-member-name\">Dr. Lyla Latif<\/h2><h3 class=\"eael-team-member-position\">consultora<\/h3>\n\t\t\t\t\t\t\t\t\t\t\t\t\t\t<p class=\"eael-team-text\"><\/p>\n\t\t\t\t\t\t\t<\/div>\n\t\t<\/div>\n\t<\/div>\n\t\t\t\t\t<\/div>\n\t\t\t\t<\/div>\n\t\t\t\t<div class=\"elementor-element elementor-element-453a5fc eael-team-align-eael-team-align-default elementor-widget elementor-widget-eael-team-member\" data-id=\"453a5fc\" data-element_type=\"widget\" data-e-type=\"widget\" data-widget_type=\"eael-team-member.default\">\n\t\t\t\t<div class=\"elementor-widget-container\">\n\t\t\t\t\t\n\n\t<div id=\"eael-team-member-453a5fc\" class=\"eael-team-item eael-team-members-simple \">\n\t\t<div class=\"eael-team-item-inner\">\n\t\t\t<div class=\"eael-team-image\">\n\t\t\t\t<figure>\n\t\t\t\t\t\t\t\t\t\t<img decoding=\"async\" src=\"https:\/\/i0.wp.com\/afrodad.org\/afromedi\/staging\/3155\/wp-content\/uploads\/2024\/02\/Victoria.png?fit=481%2C486&#038;ssl=1\" alt=\"\">\n\t\t\t\t\t\t\t\t\t<\/figure>\n\t\t\t\t\n\t\t\t\t\n\t\t\t<\/div>\n\n\t\t\t<div class=\"eael-team-content\">\n\t\t\t\t<h2 class=\"eael-team-member-name\">Victoria Rubadiri<\/h2><h3 class=\"eael-team-member-position\">Jornalista e apresentadora de TV na Citizen TV, vencedora do Pr\u00eamio Komla Dumor 2020 da BBC World News<\/h3>\n\t\t\t\t\t\t\t\t\t\t\t\t\t\t<p class=\"eael-team-text\"><\/p>\n\t\t\t\t\t\t\t<\/div>\n\t\t<\/div>\n\t<\/div>\n\t\t\t\t\t<\/div>\n\t\t\t\t<\/div>\n\t\t\t\t<div class=\"elementor-element elementor-element-90ef00f eael-team-align-eael-team-align-default elementor-widget elementor-widget-eael-team-member\" data-id=\"90ef00f\" data-element_type=\"widget\" data-e-type=\"widget\" data-widget_type=\"eael-team-member.default\">\n\t\t\t\t<div class=\"elementor-widget-container\">\n\t\t\t\t\t\n\n\t<div id=\"eael-team-member-90ef00f\" class=\"eael-team-item eael-team-members-simple \">\n\t\t<div class=\"eael-team-item-inner\">\n\t\t\t<div class=\"eael-team-image\">\n\t\t\t\t<figure>\n\t\t\t\t\t\t\t\t\t\t<img decoding=\"async\" src=\"https:\/\/i0.wp.com\/afrodad.org\/afromedi\/staging\/3155\/wp-content\/uploads\/2024\/02\/Asset-14.png?fit=347%2C349&#038;ssl=1\" alt=\"\">\n\t\t\t\t\t\t\t\t\t<\/figure>\n\t\t\t\t\n\t\t\t\t\n\t\t\t<\/div>\n\n\t\t\t<div class=\"eael-team-content\">\n\t\t\t\t<h2 class=\"eael-team-member-name\">Adwoa Adobea-Owusu<\/h2><h3 class=\"eael-team-member-position\">Jornalista investigativo<\/h3>\n\t\t\t\t\t\t\t\t\t\t\t\t\t\t<p class=\"eael-team-text\"><\/p>\n\t\t\t\t\t\t\t<\/div>\n\t\t<\/div>\n\t<\/div>\n\t\t\t\t\t<\/div>\n\t\t\t\t<\/div>\n\t\t\t\t<\/div>\n\t\t\t\t\t<\/div>\n\t\t<\/div>\n\t\t\t\t\t<\/div>\n\t\t<\/section>\n\t\t\t\t<\/div>\n\t\t","protected":false},"excerpt":{"rendered":"<p>ORADORES DA CONFER\u00caNCIA AFROMEDI IV Aprenda em primeira m\u00e3o com os l\u00edderes da ind\u00fastria sobre a d\u00edvida e o desenvolvimento em \u00c1frica e a liga\u00e7\u00e3o \u00e0 Afrom\u00eddia. Jean Claude Presidente do Sindicato Nacional dos Jornalistas da Costa do Marfim (UNJCI), S.E.M Amadou Coulibaly Ministro da Comunica\u00e7\u00e3o e da Economia Digital &amp; Porta-voz do Governo, Rep\u00fablica [&hellip;]<\/p>\n","protected":false},"author":2,"featured_media":0,"parent":0,"menu_order":0,"comment_status":"closed","ping_status":"closed","template":"","meta":{"footnotes":""},"class_list":["post-13454","page","type-page","status-publish","hentry"],"yoast_head":"<!-- This site is optimized with the Yoast SEO plugin v27.6 - https:\/\/yoast.com\/product\/yoast-seo-wordpress\/ -->\n<title>Speakers - Portuguese - AFROMEDI<\/title>\n<meta name=\"robots\" content=\"index, follow, max-snippet:-1, max-image-preview:large, max-video-preview:-1\" \/>\n<link rel=\"canonical\" href=\"https:\/\/afrodad.org\/afromedi\/staging\/3155\/pt\/elementor-13454\/\" \/>\n<meta property=\"og:locale\" content=\"en_US\" \/>\n<meta property=\"og:type\" content=\"article\" \/>\n<meta property=\"og:title\" content=\"Speakers - Portuguese - AFROMEDI\" \/>\n<meta property=\"og:description\" content=\"ORADORES DA CONFER\u00caNCIA AFROMEDI IV Aprenda em primeira m\u00e3o com os l\u00edderes da ind\u00fastria sobre a d\u00edvida e o desenvolvimento em \u00c1frica e a liga\u00e7\u00e3o \u00e0 Afrom\u00eddia. Jean Claude Presidente do Sindicato Nacional dos Jornalistas da Costa do Marfim (UNJCI), S.E.M Amadou Coulibaly Ministro da Comunica\u00e7\u00e3o e da Economia Digital &amp; Porta-voz do Governo, Rep\u00fablica [&hellip;]\" \/>\n<meta property=\"og:url\" content=\"https:\/\/afrodad.org\/afromedi\/staging\/3155\/pt\/elementor-13454\/\" \/>\n<meta property=\"og:site_name\" content=\"AFROMEDI\" \/>\n<meta property=\"article:modified_time\" content=\"2024-03-09T01:22:52+00:00\" \/>\n<meta property=\"og:image\" content=\"https:\/\/afrodad.org\/afromedi\/staging\/3155\/wp-content\/uploads\/2024\/02\/President-UNCJI.png\" \/>\n<meta name=\"twitter:card\" content=\"summary_large_image\" \/>\n<meta name=\"twitter:label1\" content=\"Est. reading time\" \/>\n\t<meta name=\"twitter:data1\" content=\"2 minutes\" \/>\n<script type=\"application\/ld+json\" class=\"yoast-schema-graph\">{\"@context\":\"https:\\\/\\\/schema.org\",\"@graph\":[{\"@type\":\"WebPage\",\"@id\":\"https:\\\/\\\/afrodad.org\\\/afromedi\\\/staging\\\/3155\\\/pt\\\/elementor-13454\\\/\",\"url\":\"https:\\\/\\\/afrodad.org\\\/afromedi\\\/staging\\\/3155\\\/pt\\\/elementor-13454\\\/\",\"name\":\"Speakers - Portuguese - AFROMEDI\",\"isPartOf\":{\"@id\":\"https:\\\/\\\/afrodad.org\\\/afromedi\\\/staging\\\/3155\\\/#website\"},\"primaryImageOfPage\":{\"@id\":\"https:\\\/\\\/afrodad.org\\\/afromedi\\\/staging\\\/3155\\\/pt\\\/elementor-13454\\\/#primaryimage\"},\"image\":{\"@id\":\"https:\\\/\\\/afrodad.org\\\/afromedi\\\/staging\\\/3155\\\/pt\\\/elementor-13454\\\/#primaryimage\"},\"thumbnailUrl\":\"https:\\\/\\\/afrodad.org\\\/afromedi\\\/staging\\\/3155\\\/wp-content\\\/uploads\\\/2024\\\/02\\\/President-UNCJI.png\",\"datePublished\":\"2024-02-25T19:12:24+00:00\",\"dateModified\":\"2024-03-09T01:22:52+00:00\",\"breadcrumb\":{\"@id\":\"https:\\\/\\\/afrodad.org\\\/afromedi\\\/staging\\\/3155\\\/pt\\\/elementor-13454\\\/#breadcrumb\"},\"inLanguage\":\"en-US\",\"potentialAction\":[{\"@type\":\"ReadAction\",\"target\":[\"https:\\\/\\\/afrodad.org\\\/afromedi\\\/staging\\\/3155\\\/pt\\\/elementor-13454\\\/\"]}]},{\"@type\":\"ImageObject\",\"inLanguage\":\"en-US\",\"@id\":\"https:\\\/\\\/afrodad.org\\\/afromedi\\\/staging\\\/3155\\\/pt\\\/elementor-13454\\\/#primaryimage\",\"url\":\"https:\\\/\\\/i0.wp.com\\\/afrodad.org\\\/afromedi\\\/staging\\\/3155\\\/wp-content\\\/uploads\\\/2024\\\/02\\\/President-UNCJI.png?fit=481%2C485&ssl=1\",\"contentUrl\":\"https:\\\/\\\/i0.wp.com\\\/afrodad.org\\\/afromedi\\\/staging\\\/3155\\\/wp-content\\\/uploads\\\/2024\\\/02\\\/President-UNCJI.png?fit=481%2C485&ssl=1\",\"width\":481,\"height\":485},{\"@type\":\"BreadcrumbList\",\"@id\":\"https:\\\/\\\/afrodad.org\\\/afromedi\\\/staging\\\/3155\\\/pt\\\/elementor-13454\\\/#breadcrumb\",\"itemListElement\":[{\"@type\":\"ListItem\",\"position\":1,\"name\":\"Home\",\"item\":\"https:\\\/\\\/afrodad.org\\\/afromedi\\\/staging\\\/3155\\\/\"},{\"@type\":\"ListItem\",\"position\":2,\"name\":\"Speakers &#8211; Portuguese\"}]},{\"@type\":\"WebSite\",\"@id\":\"https:\\\/\\\/afrodad.org\\\/afromedi\\\/staging\\\/3155\\\/#website\",\"url\":\"https:\\\/\\\/afrodad.org\\\/afromedi\\\/staging\\\/3155\\\/\",\"name\":\"AFROMEDI\",\"description\":\"\",\"publisher\":{\"@id\":\"https:\\\/\\\/afrodad.org\\\/afromedi\\\/staging\\\/3155\\\/#organization\"},\"potentialAction\":[{\"@type\":\"SearchAction\",\"target\":{\"@type\":\"EntryPoint\",\"urlTemplate\":\"https:\\\/\\\/afrodad.org\\\/afromedi\\\/staging\\\/3155\\\/?s={search_term_string}\"},\"query-input\":{\"@type\":\"PropertyValueSpecification\",\"valueRequired\":true,\"valueName\":\"search_term_string\"}}],\"inLanguage\":\"en-US\"},{\"@type\":\"Organization\",\"@id\":\"https:\\\/\\\/afrodad.org\\\/afromedi\\\/staging\\\/3155\\\/#organization\",\"name\":\"AFROMEDI\",\"url\":\"https:\\\/\\\/afrodad.org\\\/afromedi\\\/staging\\\/3155\\\/\",\"logo\":{\"@type\":\"ImageObject\",\"inLanguage\":\"en-US\",\"@id\":\"https:\\\/\\\/afrodad.org\\\/afromedi\\\/staging\\\/3155\\\/#\\\/schema\\\/logo\\\/image\\\/\",\"url\":\"https:\\\/\\\/i0.wp.com\\\/afrodad.org\\\/afromedi\\\/staging\\\/3155\\\/wp-content\\\/uploads\\\/2023\\\/03\\\/AFRODADs-logo-2.png?fit=196%2C109&ssl=1\",\"contentUrl\":\"https:\\\/\\\/i0.wp.com\\\/afrodad.org\\\/afromedi\\\/staging\\\/3155\\\/wp-content\\\/uploads\\\/2023\\\/03\\\/AFRODADs-logo-2.png?fit=196%2C109&ssl=1\",\"width\":196,\"height\":109,\"caption\":\"AFROMEDI\"},\"image\":{\"@id\":\"https:\\\/\\\/afrodad.org\\\/afromedi\\\/staging\\\/3155\\\/#\\\/schema\\\/logo\\\/image\\\/\"}}]}<\/script>\n<!-- \/ Yoast SEO plugin. -->","yoast_head_json":{"title":"Speakers - Portuguese - AFROMEDI","robots":{"index":"index","follow":"follow","max-snippet":"max-snippet:-1","max-image-preview":"max-image-preview:large","max-video-preview":"max-video-preview:-1"},"canonical":"https:\/\/afrodad.org\/afromedi\/staging\/3155\/pt\/elementor-13454\/","og_locale":"en_US","og_type":"article","og_title":"Speakers - Portuguese - AFROMEDI","og_description":"ORADORES DA CONFER\u00caNCIA AFROMEDI IV Aprenda em primeira m\u00e3o com os l\u00edderes da ind\u00fastria sobre a d\u00edvida e o desenvolvimento em \u00c1frica e a liga\u00e7\u00e3o \u00e0 Afrom\u00eddia. Jean Claude Presidente do Sindicato Nacional dos Jornalistas da Costa do Marfim (UNJCI), S.E.M Amadou Coulibaly Ministro da Comunica\u00e7\u00e3o e da Economia Digital &amp; Porta-voz do Governo, Rep\u00fablica [&hellip;]","og_url":"https:\/\/afrodad.org\/afromedi\/staging\/3155\/pt\/elementor-13454\/","og_site_name":"AFROMEDI","article_modified_time":"2024-03-09T01:22:52+00:00","og_image":[{"url":"https:\/\/afrodad.org\/afromedi\/staging\/3155\/wp-content\/uploads\/2024\/02\/President-UNCJI.png","type":"","width":"","height":""}],"twitter_card":"summary_large_image","twitter_misc":{"Est. reading time":"2 minutes"},"schema":{"@context":"https:\/\/schema.org","@graph":[{"@type":"WebPage","@id":"https:\/\/afrodad.org\/afromedi\/staging\/3155\/pt\/elementor-13454\/","url":"https:\/\/afrodad.org\/afromedi\/staging\/3155\/pt\/elementor-13454\/","name":"Speakers - Portuguese - AFROMEDI","isPartOf":{"@id":"https:\/\/afrodad.org\/afromedi\/staging\/3155\/#website"},"primaryImageOfPage":{"@id":"https:\/\/afrodad.org\/afromedi\/staging\/3155\/pt\/elementor-13454\/#primaryimage"},"image":{"@id":"https:\/\/afrodad.org\/afromedi\/staging\/3155\/pt\/elementor-13454\/#primaryimage"},"thumbnailUrl":"https:\/\/afrodad.org\/afromedi\/staging\/3155\/wp-content\/uploads\/2024\/02\/President-UNCJI.png","datePublished":"2024-02-25T19:12:24+00:00","dateModified":"2024-03-09T01:22:52+00:00","breadcrumb":{"@id":"https:\/\/afrodad.org\/afromedi\/staging\/3155\/pt\/elementor-13454\/#breadcrumb"},"inLanguage":"en-US","potentialAction":[{"@type":"ReadAction","target":["https:\/\/afrodad.org\/afromedi\/staging\/3155\/pt\/elementor-13454\/"]}]},{"@type":"ImageObject","inLanguage":"en-US","@id":"https:\/\/afrodad.org\/afromedi\/staging\/3155\/pt\/elementor-13454\/#primaryimage","url":"https:\/\/i0.wp.com\/afrodad.org\/afromedi\/staging\/3155\/wp-content\/uploads\/2024\/02\/President-UNCJI.png?fit=481%2C485&ssl=1","contentUrl":"https:\/\/i0.wp.com\/afrodad.org\/afromedi\/staging\/3155\/wp-content\/uploads\/2024\/02\/President-UNCJI.png?fit=481%2C485&ssl=1","width":481,"height":485},{"@type":"BreadcrumbList","@id":"https:\/\/afrodad.org\/afromedi\/staging\/3155\/pt\/elementor-13454\/#breadcrumb","itemListElement":[{"@type":"ListItem","position":1,"name":"Home","item":"https:\/\/afrodad.org\/afromedi\/staging\/3155\/"},{"@type":"ListItem","position":2,"name":"Speakers &#8211; Portuguese"}]},{"@type":"WebSite","@id":"https:\/\/afrodad.org\/afromedi\/staging\/3155\/#website","url":"https:\/\/afrodad.org\/afromedi\/staging\/3155\/","name":"AFROMEDI","description":"","publisher":{"@id":"https:\/\/afrodad.org\/afromedi\/staging\/3155\/#organization"},"potentialAction":[{"@type":"SearchAction","target":{"@type":"EntryPoint","urlTemplate":"https:\/\/afrodad.org\/afromedi\/staging\/3155\/?s={search_term_string}"},"query-input":{"@type":"PropertyValueSpecification","valueRequired":true,"valueName":"search_term_string"}}],"inLanguage":"en-US"},{"@type":"Organization","@id":"https:\/\/afrodad.org\/afromedi\/staging\/3155\/#organization","name":"AFROMEDI","url":"https:\/\/afrodad.org\/afromedi\/staging\/3155\/","logo":{"@type":"ImageObject","inLanguage":"en-US","@id":"https:\/\/afrodad.org\/afromedi\/staging\/3155\/#\/schema\/logo\/image\/","url":"https:\/\/i0.wp.com\/afrodad.org\/afromedi\/staging\/3155\/wp-content\/uploads\/2023\/03\/AFRODADs-logo-2.png?fit=196%2C109&ssl=1","contentUrl":"https:\/\/i0.wp.com\/afrodad.org\/afromedi\/staging\/3155\/wp-content\/uploads\/2023\/03\/AFRODADs-logo-2.png?fit=196%2C109&ssl=1","width":196,"height":109,"caption":"AFROMEDI"},"image":{"@id":"https:\/\/afrodad.org\/afromedi\/staging\/3155\/#\/schema\/logo\/image\/"}}]}},"jetpack_sharing_enabled":true,"_links":{"self":[{"href":"https:\/\/afrodad.org\/afromedi\/staging\/3155\/wp-json\/wp\/v2\/pages\/13454","targetHints":{"allow":["GET"]}}],"collection":[{"href":"https:\/\/afrodad.org\/afromedi\/staging\/3155\/wp-json\/wp\/v2\/pages"}],"about":[{"href":"https:\/\/afrodad.org\/afromedi\/staging\/3155\/wp-json\/wp\/v2\/types\/page"}],"author":[{"embeddable":true,"href":"https:\/\/afrodad.org\/afromedi\/staging\/3155\/wp-json\/wp\/v2\/users\/2"}],"replies":[{"embeddable":true,"href":"https:\/\/afrodad.org\/afromedi\/staging\/3155\/wp-json\/wp\/v2\/comments?post=13454"}],"version-history":[{"count":5,"href":"https:\/\/afrodad.org\/afromedi\/staging\/3155\/wp-json\/wp\/v2\/pages\/13454\/revisions"}],"predecessor-version":[{"id":13526,"href":"https:\/\/afrodad.org\/afromedi\/staging\/3155\/wp-json\/wp\/v2\/pages\/13454\/revisions\/13526"}],"wp:attachment":[{"href":"https:\/\/afrodad.org\/afromedi\/staging\/3155\/wp-json\/wp\/v2\/media?parent=13454"}],"curies":[{"name":"wp","href":"https:\/\/api.w.org\/{rel}","templated":true}]}}