{"id":13289,"date":"2024-02-25T19:12:24","date_gmt":"2024-02-25T19:12:24","guid":{"rendered":"https:\/\/afrodad.org\/afromedi\/?page_id=13289"},"modified":"2024-03-18T12:44:36","modified_gmt":"2024-03-18T12:44:36","slug":"speakers","status":"publish","type":"page","link":"https:\/\/afrodad.org\/afromedi\/speakers\/","title":{"rendered":"Speakers"},"content":{"rendered":"\t\t<div data-elementor-type=\"wp-page\" data-elementor-id=\"13289\" class=\"elementor elementor-13289\">\n\t\t\t\t\t\t<section data-particle_enable=\"false\" data-particle-mobile-disabled=\"false\" class=\"elementor-section elementor-top-section elementor-element elementor-element-34841a7 elementor-section-boxed elementor-section-height-default elementor-section-height-default\" data-id=\"34841a7\" data-element_type=\"section\" data-e-type=\"section\">\n\t\t\t\t\t\t<div class=\"elementor-container elementor-column-gap-no\">\n\t\t\t\t\t<div class=\"elementor-column elementor-col-100 elementor-top-column elementor-element elementor-element-172a094b\" data-id=\"172a094b\" data-element_type=\"column\" data-e-type=\"column\">\n\t\t\t<div class=\"elementor-widget-wrap elementor-element-populated\">\n\t\t\t\t\t\t<div class=\"elementor-element elementor-element-e235225 elementor-widget elementor-widget-elementskit-heading\" data-id=\"e235225\" data-element_type=\"widget\" data-e-type=\"widget\" data-widget_type=\"elementskit-heading.default\">\n\t\t\t\t<div class=\"elementor-widget-container\">\n\t\t\t\t\t<div class=\"ekit-wid-con\" ><div class=\"ekit-heading elementskit-section-title-wraper text_center   ekit_heading_tablet-   ekit_heading_mobile-\"><h3 class=\"ekit-heading--title elementskit-section-title \">AFROMEDI IV Speakers<\/h3><\/div><\/div>\t\t\t\t<\/div>\n\t\t\t\t<\/div>\n\t\t<div data-particle_enable=\"false\" data-particle-mobile-disabled=\"false\" class=\"elementor-element elementor-element-0b9fa15 e-grid e-con-boxed e-con e-parent\" data-id=\"0b9fa15\" data-element_type=\"container\" data-e-type=\"container\" data-settings=\"{&quot;background_background&quot;:&quot;classic&quot;}\">\n\t\t\t\t\t<div class=\"e-con-inner\">\n\t\t<a class=\"eael-wrapper-link-18cfc4f --eael-wrapper-link-tag\" href=\"https:\/\/afrodad.org\/afromedi\/hon-adama-coulibaly\/\" target=\"_blank\"><\/a>\t\t<div data-eael-wrapper-link=\"eael-wrapper-link-18cfc4f\" class=\"elementor-element elementor-element-18cfc4f eael-team-align-eael-team-align-default elementor-widget elementor-widget-eael-team-member\" data-id=\"18cfc4f\" data-element_type=\"widget\" data-e-type=\"widget\" data-widget_type=\"eael-team-member.default\">\n\t\t\t\t<div class=\"elementor-widget-container\">\n\t\t\t\t\t\n\n\t<div id=\"eael-team-member-18cfc4f\" class=\"eael-team-item eael-team-members-simple \">\n\t\t<div class=\"eael-team-item-inner\">\n\t\t\t<div class=\"eael-team-image\">\n\t\t\t\t<figure>\n\t\t\t\t\t\t\t\t\t\t<img decoding=\"async\" src=\"https:\/\/i0.wp.com\/afrodad.org\/afromedi\/wp-content\/uploads\/2024\/02\/Adama.png?fit=481%2C485&#038;ssl=1\" alt=\"\">\n\t\t\t\t\t\t\t\t\t<\/figure>\n\t\t\t\t\n\t\t\t\t\n\t\t\t<\/div>\n\n\t\t\t<div class=\"eael-team-content\">\n\t\t\t\t<h2 class=\"eael-team-member-name\">Hon. Adama Coulibaly<\/h2><h3 class=\"eael-team-member-position\">Minister of Economy and Finance, The Republic of C\u00f4te d'Ivoire<\/h3>\n\t\t\t\t\t\t\t\t\t\t\t\t\t\t<p class=\"eael-team-text\"><\/p>\n\t\t\t\t\t\t\t<\/div>\n\t\t<\/div>\n\t<\/div>\n\t\t\t\t\t<\/div>\n\t\t\t\t<\/div>\n\t\t<a class=\"eael-wrapper-link-324f0c1 --eael-wrapper-link-tag\" href=\"https:\/\/afrodad.org\/afromedi\/hon-amadou\/\" target=\"_blank\"><\/a>\t\t<div data-eael-wrapper-link=\"eael-wrapper-link-324f0c1\" class=\"elementor-element elementor-element-324f0c1 eael-team-align-eael-team-align-default elementor-widget elementor-widget-eael-team-member\" data-id=\"324f0c1\" data-element_type=\"widget\" data-e-type=\"widget\" data-widget_type=\"eael-team-member.default\">\n\t\t\t\t<div class=\"elementor-widget-container\">\n\t\t\t\t\t\n\n\t<div id=\"eael-team-member-324f0c1\" class=\"eael-team-item eael-team-members-simple \">\n\t\t<div class=\"eael-team-item-inner\">\n\t\t\t<div class=\"eael-team-image\">\n\t\t\t\t<figure>\n\t\t\t\t\t\t\t\t\t\t<img decoding=\"async\" src=\"https:\/\/i0.wp.com\/afrodad.org\/afromedi\/wp-content\/uploads\/2024\/02\/Amadou.png?fit=481%2C484&#038;ssl=1\" alt=\"\">\n\t\t\t\t\t\t\t\t\t<\/figure>\n\t\t\t\t\n\t\t\t\t\n\t\t\t<\/div>\n\n\t\t\t<div class=\"eael-team-content\">\n\t\t\t\t<h2 class=\"eael-team-member-name\">Hon. Amadou Coulibaly<\/h2><h3 class=\"eael-team-member-position\">Minister of Communication and Digital Economy &amp; Government Spokesman, The Republic of C\u00f4te d'Ivoire<\/h3>\n\t\t\t\t\t\t\t\t\t\t\t\t\t\t<p class=\"eael-team-text\"><\/p>\n\t\t\t\t\t\t\t<\/div>\n\t\t<\/div>\n\t<\/div>\n\t\t\t\t\t<\/div>\n\t\t\t\t<\/div>\n\t\t<a class=\"eael-wrapper-link-bca2584 --eael-wrapper-link-tag\" href=\"https:\/\/afrodad.org\/afromedi\/jean\/\" target=\"_blank\"><\/a>\t\t<div data-eael-wrapper-link=\"eael-wrapper-link-bca2584\" class=\"elementor-element elementor-element-bca2584 eael-team-align-eael-team-align-default elementor-widget elementor-widget-eael-team-member\" data-id=\"bca2584\" data-element_type=\"widget\" data-e-type=\"widget\" data-widget_type=\"eael-team-member.default\">\n\t\t\t\t<div class=\"elementor-widget-container\">\n\t\t\t\t\t\n\n\t<div id=\"eael-team-member-bca2584\" class=\"eael-team-item eael-team-members-simple \">\n\t\t<div class=\"eael-team-item-inner\">\n\t\t\t<div class=\"eael-team-image\">\n\t\t\t\t<figure>\n\t\t\t\t\t\t\t\t\t\t<img decoding=\"async\" src=\"https:\/\/i0.wp.com\/afrodad.org\/afromedi\/wp-content\/uploads\/2024\/02\/President-UNCJI.png?fit=481%2C485&#038;ssl=1\" alt=\"\">\n\t\t\t\t\t\t\t\t\t<\/figure>\n\t\t\t\t\n\t\t\t\t\n\t\t\t<\/div>\n\n\t\t\t<div class=\"eael-team-content\">\n\t\t\t\t<h2 class=\"eael-team-member-name\">Jean Claude<\/h2><h3 class=\"eael-team-member-position\">President, The National Union of Journalists of C\u00f4te d'Ivoire (UNJCI),<\/h3>\n\t\t\t\t\t\t\t\t\t\t\t\t\t\t<p class=\"eael-team-text\"><\/p>\n\t\t\t\t\t\t\t<\/div>\n\t\t<\/div>\n\t<\/div>\n\t\t\t\t\t<\/div>\n\t\t\t\t<\/div>\n\t\t<a class=\"eael-wrapper-link-7c2bc6e --eael-wrapper-link-tag\" href=\"https:\/\/afrodad.org\/afromedi\/fidelite\/\" target=\"_blank\"><\/a>\t\t<div data-eael-wrapper-link=\"eael-wrapper-link-7c2bc6e\" class=\"elementor-element elementor-element-7c2bc6e eael-team-align-eael-team-align-default elementor-widget elementor-widget-eael-team-member\" data-id=\"7c2bc6e\" data-element_type=\"widget\" data-e-type=\"widget\" data-widget_type=\"eael-team-member.default\">\n\t\t\t\t<div class=\"elementor-widget-container\">\n\t\t\t\t\t\n\n\t<div id=\"eael-team-member-7c2bc6e\" class=\"eael-team-item eael-team-members-simple \">\n\t\t<div class=\"eael-team-item-inner\">\n\t\t\t<div class=\"eael-team-image\">\n\t\t\t\t<figure>\n\t\t\t\t\t\t\t\t\t\t<img decoding=\"async\" src=\"https:\/\/i0.wp.com\/afrodad.org\/afromedi\/wp-content\/uploads\/2024\/02\/Fidelite.png?fit=481%2C485&#038;ssl=1\" alt=\"\">\n\t\t\t\t\t\t\t\t\t<\/figure>\n\t\t\t\t\n\t\t\t\t\n\t\t\t<\/div>\n\n\t\t\t<div class=\"eael-team-content\">\n\t\t\t\t<h2 class=\"eael-team-member-name\">Fid\u00e9lit\u00e9 Nshimiyimana  <\/h2><h3 class=\"eael-team-member-position\">Campaigns &amp; Communication Manager, AFRODAD<\/h3>\n\t\t\t\t\t\t\t\t\t\t\t\t\t\t<p class=\"eael-team-text\"><\/p>\n\t\t\t\t\t\t\t<\/div>\n\t\t<\/div>\n\t<\/div>\n\t\t\t\t\t<\/div>\n\t\t\t\t<\/div>\n\t\t<a class=\"eael-wrapper-link-0261fbc --eael-wrapper-link-tag\" href=\"https:\/\/afrodad.org\/afromedi\/dr-lyla\/\" target=\"_blank\"><\/a>\t\t<div data-eael-wrapper-link=\"eael-wrapper-link-0261fbc\" class=\"elementor-element elementor-element-0261fbc eael-team-align-eael-team-align-default elementor-widget elementor-widget-eael-team-member\" data-id=\"0261fbc\" data-element_type=\"widget\" data-e-type=\"widget\" data-widget_type=\"eael-team-member.default\">\n\t\t\t\t<div class=\"elementor-widget-container\">\n\t\t\t\t\t\n\n\t<div id=\"eael-team-member-0261fbc\" class=\"eael-team-item eael-team-members-simple \">\n\t\t<div class=\"eael-team-item-inner\">\n\t\t\t<div class=\"eael-team-image\">\n\t\t\t\t<figure>\n\t\t\t\t\t\t\t\t\t\t<img decoding=\"async\" src=\"https:\/\/i0.wp.com\/afrodad.org\/afromedi\/wp-content\/uploads\/2024\/02\/Asset-15.png?fit=346%2C349&#038;ssl=1\" alt=\"\">\n\t\t\t\t\t\t\t\t\t<\/figure>\n\t\t\t\t\n\t\t\t\t\n\t\t\t<\/div>\n\n\t\t\t<div class=\"eael-team-content\">\n\t\t\t\t<h2 class=\"eael-team-member-name\">Dr. Lyla Latif<\/h2><h3 class=\"eael-team-member-position\">Advocate, Commissioner for Oaths, Notary Public<\/h3>\n\t\t\t\t\t\t\t\t\t\t\t\t\t\t<p class=\"eael-team-text\"><\/p>\n\t\t\t\t\t\t\t<\/div>\n\t\t<\/div>\n\t<\/div>\n\t\t\t\t\t<\/div>\n\t\t\t\t<\/div>\n\t\t<a class=\"eael-wrapper-link-453a5fc --eael-wrapper-link-tag\" href=\"https:\/\/afrodad.org\/afromedi\/victoria-rubadiri\/\" target=\"_blank\"><\/a>\t\t<div data-eael-wrapper-link=\"eael-wrapper-link-453a5fc\" class=\"elementor-element elementor-element-453a5fc eael-team-align-eael-team-align-default elementor-widget elementor-widget-eael-team-member\" data-id=\"453a5fc\" data-element_type=\"widget\" data-e-type=\"widget\" data-widget_type=\"eael-team-member.default\">\n\t\t\t\t<div class=\"elementor-widget-container\">\n\t\t\t\t\t\n\n\t<div id=\"eael-team-member-453a5fc\" class=\"eael-team-item eael-team-members-simple \">\n\t\t<div class=\"eael-team-item-inner\">\n\t\t\t<div class=\"eael-team-image\">\n\t\t\t\t<figure>\n\t\t\t\t\t\t\t\t\t\t<img decoding=\"async\" src=\"https:\/\/i0.wp.com\/afrodad.org\/afromedi\/wp-content\/uploads\/2024\/02\/Victoria.png?fit=481%2C486&#038;ssl=1\" alt=\"\">\n\t\t\t\t\t\t\t\t\t<\/figure>\n\t\t\t\t\n\t\t\t\t\n\t\t\t<\/div>\n\n\t\t\t<div class=\"eael-team-content\">\n\t\t\t\t<h2 class=\"eael-team-member-name\">Victoria Rubadiri<\/h2><h3 class=\"eael-team-member-position\">Journalist and TV presenter at Citizen TV, winner of BBC World News' 2020 Komla Dumor Award<\/h3>\n\t\t\t\t\t\t\t\t\t\t\t\t\t\t<p class=\"eael-team-text\"><\/p>\n\t\t\t\t\t\t\t<\/div>\n\t\t<\/div>\n\t<\/div>\n\t\t\t\t\t<\/div>\n\t\t\t\t<\/div>\n\t\t<a class=\"eael-wrapper-link-90ef00f --eael-wrapper-link-tag\" href=\"https:\/\/afrodad.org\/afromedi\/adwoa-owusu\/\" target=\"_blank\"><\/a>\t\t<div data-eael-wrapper-link=\"eael-wrapper-link-90ef00f\" class=\"elementor-element elementor-element-90ef00f eael-team-align-eael-team-align-default elementor-widget elementor-widget-eael-team-member\" data-id=\"90ef00f\" data-element_type=\"widget\" data-e-type=\"widget\" data-widget_type=\"eael-team-member.default\">\n\t\t\t\t<div class=\"elementor-widget-container\">\n\t\t\t\t\t\n\n\t<div id=\"eael-team-member-90ef00f\" class=\"eael-team-item eael-team-members-simple \">\n\t\t<div class=\"eael-team-item-inner\">\n\t\t\t<div class=\"eael-team-image\">\n\t\t\t\t<figure>\n\t\t\t\t\t\t\t\t\t\t<img decoding=\"async\" src=\"https:\/\/i0.wp.com\/afrodad.org\/afromedi\/wp-content\/uploads\/2024\/02\/Asset-14.png?fit=347%2C349&#038;ssl=1\" alt=\"\">\n\t\t\t\t\t\t\t\t\t<\/figure>\n\t\t\t\t\n\t\t\t\t\n\t\t\t<\/div>\n\n\t\t\t<div class=\"eael-team-content\">\n\t\t\t\t<h2 class=\"eael-team-member-name\">Adwoa Adobea-Owusu<\/h2><h3 class=\"eael-team-member-position\">Investigative Journalist<\/h3>\n\t\t\t\t\t\t\t\t\t\t\t\t\t\t<p class=\"eael-team-text\"><\/p>\n\t\t\t\t\t\t\t<\/div>\n\t\t<\/div>\n\t<\/div>\n\t\t\t\t\t<\/div>\n\t\t\t\t<\/div>\n\t\t<a class=\"eael-wrapper-link-fabc447 --eael-wrapper-link-tag\" href=\"https:\/\/afrodad.org\/afromedi\/ann-marie\/\" target=\"_blank\"><\/a>\t\t<div data-eael-wrapper-link=\"eael-wrapper-link-fabc447\" class=\"elementor-element elementor-element-fabc447 eael-team-align-eael-team-align-default elementor-widget elementor-widget-eael-team-member\" data-id=\"fabc447\" data-element_type=\"widget\" data-e-type=\"widget\" data-widget_type=\"eael-team-member.default\">\n\t\t\t\t<div class=\"elementor-widget-container\">\n\t\t\t\t\t\n\n\t<div id=\"eael-team-member-fabc447\" class=\"eael-team-item eael-team-members-simple \">\n\t\t<div class=\"eael-team-item-inner\">\n\t\t\t<div class=\"eael-team-image\">\n\t\t\t\t<figure>\n\t\t\t\t\t\t\t\t\t\t<img decoding=\"async\" src=\"https:\/\/i0.wp.com\/afrodad.org\/afromedi\/wp-content\/uploads\/2024\/03\/Ann-Marie.png?fit=481%2C482&#038;ssl=1\" alt=\"\">\n\t\t\t\t\t\t\t\t\t<\/figure>\n\t\t\t\t\n\t\t\t\t\n\t\t\t<\/div>\n\n\t\t\t<div class=\"eael-team-content\">\n\t\t\t\t<h2 class=\"eael-team-member-name\">Anne-Marie Dias Borges<\/h2><h3 class=\"eael-team-member-position\">Media Specialist, Former Senior Broadcast Journalist<\/h3>\n\t\t\t\t\t\t\t\t\t\t\t\t\t\t<p class=\"eael-team-text\"><\/p>\n\t\t\t\t\t\t\t<\/div>\n\t\t<\/div>\n\t<\/div>\n\t\t\t\t\t<\/div>\n\t\t\t\t<\/div>\n\t\t<a class=\"eael-wrapper-link-424043a --eael-wrapper-link-tag\" href=\"https:\/\/afrodad.org\/afromedi\/lurit\/\" target=\"_blank\"><\/a>\t\t<div data-eael-wrapper-link=\"eael-wrapper-link-424043a\" class=\"elementor-element elementor-element-424043a eael-team-align-eael-team-align-default elementor-widget elementor-widget-eael-team-member\" data-id=\"424043a\" data-element_type=\"widget\" data-e-type=\"widget\" data-widget_type=\"eael-team-member.default\">\n\t\t\t\t<div class=\"elementor-widget-container\">\n\t\t\t\t\t\n\n\t<div id=\"eael-team-member-424043a\" class=\"eael-team-item eael-team-members-simple \">\n\t\t<div class=\"eael-team-item-inner\">\n\t\t\t<div class=\"eael-team-image\">\n\t\t\t\t<figure>\n\t\t\t\t\t\t\t\t\t\t<img decoding=\"async\" src=\"https:\/\/i0.wp.com\/afrodad.org\/afromedi\/wp-content\/uploads\/2024\/03\/lurit.png?fit=481%2C483&#038;ssl=1\" alt=\"\">\n\t\t\t\t\t\t\t\t\t<\/figure>\n\t\t\t\t\n\t\t\t\t\n\t\t\t<\/div>\n\n\t\t\t<div class=\"eael-team-content\">\n\t\t\t\t<h2 class=\"eael-team-member-name\">LURIT YUGUSUK<\/h2><h3 class=\"eael-team-member-position\">Economic Justice Assistant, The African Women's Development and Communications Network (FEMNET)<\/h3>\n\t\t\t\t\t\t\t\t\t\t\t\t\t\t<p class=\"eael-team-text\"><\/p>\n\t\t\t\t\t\t\t<\/div>\n\t\t<\/div>\n\t<\/div>\n\t\t\t\t\t<\/div>\n\t\t\t\t<\/div>\n\t\t<a class=\"eael-wrapper-link-abe3d3b --eael-wrapper-link-tag\" href=\"https:\/\/afrodad.org\/afromedi\/shem\/\" target=\"_blank\"><\/a>\t\t<div data-eael-wrapper-link=\"eael-wrapper-link-abe3d3b\" class=\"elementor-element elementor-element-abe3d3b eael-team-align-eael-team-align-default elementor-widget elementor-widget-eael-team-member\" data-id=\"abe3d3b\" data-element_type=\"widget\" data-e-type=\"widget\" data-widget_type=\"eael-team-member.default\">\n\t\t\t\t<div class=\"elementor-widget-container\">\n\t\t\t\t\t\n\n\t<div id=\"eael-team-member-abe3d3b\" class=\"eael-team-item eael-team-members-simple \">\n\t\t<div class=\"eael-team-item-inner\">\n\t\t\t<div class=\"eael-team-image\">\n\t\t\t\t<figure>\n\t\t\t\t\t\t\t\t\t\t<img decoding=\"async\" src=\"https:\/\/i0.wp.com\/afrodad.org\/afromedi\/wp-content\/uploads\/2024\/03\/Shem.png?fit=481%2C482&#038;ssl=1\" alt=\"\">\n\t\t\t\t\t\t\t\t\t<\/figure>\n\t\t\t\t\n\t\t\t\t\n\t\t\t<\/div>\n\n\t\t\t<div class=\"eael-team-content\">\n\t\t\t\t<h2 class=\"eael-team-member-name\">SHEM JOSHUA<\/h2><h3 class=\"eael-team-member-position\">Policy Analyst &amp; Advocacy Officer, Sovereign Debt Management Portfolio, AFRODAD<\/h3>\n\t\t\t\t\t\t\t\t\t\t\t\t\t\t<p class=\"eael-team-text\"><\/p>\n\t\t\t\t\t\t\t<\/div>\n\t\t<\/div>\n\t<\/div>\n\t\t\t\t\t<\/div>\n\t\t\t\t<\/div>\n\t\t\t\t<div class=\"elementor-element elementor-element-c064696 eael-team-align-eael-team-align-default elementor-widget elementor-widget-eael-team-member\" data-id=\"c064696\" data-element_type=\"widget\" data-e-type=\"widget\" data-widget_type=\"eael-team-member.default\">\n\t\t\t\t<div class=\"elementor-widget-container\">\n\t\t\t\t\t\n\n\t<div id=\"eael-team-member-c064696\" class=\"eael-team-item eael-team-members-simple \">\n\t\t<div class=\"eael-team-item-inner\">\n\t\t\t<div class=\"eael-team-image\">\n\t\t\t\t<figure>\n\t\t\t\t\t\t\t\t\t\t<img decoding=\"async\" src=\"https:\/\/i0.wp.com\/afrodad.org\/afromedi\/wp-content\/uploads\/2024\/03\/elie.png?fit=480%2C484&#038;ssl=1\" alt=\"\">\n\t\t\t\t\t\t\t\t\t<\/figure>\n\t\t\t\t\n\t\t\t\t\n\t\t\t<\/div>\n\n\t\t\t<div class=\"eael-team-content\">\n\t\t\t\t<h2 class=\"eael-team-member-name\">ELIE KABORE<\/h2><h3 class=\"eael-team-member-position\">Investigative Reporter<\/h3>\n\t\t\t\t\t\t\t\t\t\t\t\t\t\t<p class=\"eael-team-text\"><\/p>\n\t\t\t\t\t\t\t<\/div>\n\t\t<\/div>\n\t<\/div>\n\t\t\t\t\t<\/div>\n\t\t\t\t<\/div>\n\t\t\t\t\t<\/div>\n\t\t\t\t<\/div>\n\t\t\t\t\t<\/div>\n\t\t<\/div>\n\t\t\t\t\t<\/div>\n\t\t<\/section>\n\t\t\t\t<\/div>\n\t\t","protected":false},"excerpt":{"rendered":"<p>AFROMEDI IV Speakers Hon. Adama Coulibaly Minister of Economy and Finance, The Republic of C\u00f4te d&#8217;Ivoire Hon. Amadou Coulibaly Minister of Communication and Digital Economy &amp; Government Spokesman, The Republic of C\u00f4te d&#8217;Ivoire Jean Claude President, The National Union of Journalists of C\u00f4te d&#8217;Ivoire (UNJCI), Fid\u00e9lit\u00e9 Nshimiyimana Campaigns &amp; Communication Manager, AFRODAD Dr. Lyla Latif [&hellip;]<\/p>\n","protected":false},"author":2,"featured_media":0,"parent":0,"menu_order":0,"comment_status":"closed","ping_status":"closed","template":"","meta":{"nf_dc_page":"","footnotes":""},"class_list":["post-13289","page","type-page","status-publish","hentry"],"yoast_head":"<!-- This site is optimized with the Yoast SEO plugin v27.4 - https:\/\/yoast.com\/product\/yoast-seo-wordpress\/ -->\n<title>Speakers - AFROMEDI<\/title>\n<meta name=\"robots\" content=\"index, follow, max-snippet:-1, max-image-preview:large, max-video-preview:-1\" \/>\n<link rel=\"canonical\" href=\"https:\/\/afrodad.org\/afromedi\/speakers\/\" \/>\n<meta property=\"og:locale\" content=\"en_US\" \/>\n<meta property=\"og:type\" content=\"article\" \/>\n<meta property=\"og:title\" content=\"Speakers - AFROMEDI\" \/>\n<meta property=\"og:description\" content=\"AFROMEDI IV Speakers Hon. Adama Coulibaly Minister of Economy and Finance, The Republic of C\u00f4te d&#8217;Ivoire Hon. Amadou Coulibaly Minister of Communication and Digital Economy &amp; Government Spokesman, The Republic of C\u00f4te d&#8217;Ivoire Jean Claude President, The National Union of Journalists of C\u00f4te d&#8217;Ivoire (UNJCI), Fid\u00e9lit\u00e9 Nshimiyimana Campaigns &amp; Communication Manager, AFRODAD Dr. Lyla Latif [&hellip;]\" \/>\n<meta property=\"og:url\" content=\"https:\/\/afrodad.org\/afromedi\/speakers\/\" \/>\n<meta property=\"og:site_name\" content=\"AFROMEDI\" \/>\n<meta property=\"article:modified_time\" content=\"2024-03-18T12:44:36+00:00\" \/>\n<meta property=\"og:image\" content=\"https:\/\/afrodad.org\/afromedi\/wp-content\/uploads\/2024\/02\/Adama.png\" \/>\n<meta name=\"twitter:card\" content=\"summary_large_image\" \/>\n<meta name=\"twitter:label1\" content=\"Est. reading time\" \/>\n\t<meta name=\"twitter:data1\" content=\"3 minutes\" \/>\n<script type=\"application\/ld+json\" class=\"yoast-schema-graph\">{\"@context\":\"https:\\\/\\\/schema.org\",\"@graph\":[{\"@type\":\"WebPage\",\"@id\":\"https:\\\/\\\/afrodad.org\\\/afromedi\\\/speakers\\\/\",\"url\":\"https:\\\/\\\/afrodad.org\\\/afromedi\\\/speakers\\\/\",\"name\":\"Speakers - AFROMEDI\",\"isPartOf\":{\"@id\":\"https:\\\/\\\/afrodad.org\\\/afromedi\\\/#website\"},\"primaryImageOfPage\":{\"@id\":\"https:\\\/\\\/afrodad.org\\\/afromedi\\\/speakers\\\/#primaryimage\"},\"image\":{\"@id\":\"https:\\\/\\\/afrodad.org\\\/afromedi\\\/speakers\\\/#primaryimage\"},\"thumbnailUrl\":\"https:\\\/\\\/afrodad.org\\\/afromedi\\\/wp-content\\\/uploads\\\/2024\\\/02\\\/Adama.png\",\"datePublished\":\"2024-02-25T19:12:24+00:00\",\"dateModified\":\"2024-03-18T12:44:36+00:00\",\"breadcrumb\":{\"@id\":\"https:\\\/\\\/afrodad.org\\\/afromedi\\\/speakers\\\/#breadcrumb\"},\"inLanguage\":\"en-US\",\"potentialAction\":[{\"@type\":\"ReadAction\",\"target\":[\"https:\\\/\\\/afrodad.org\\\/afromedi\\\/speakers\\\/\"]}]},{\"@type\":\"ImageObject\",\"inLanguage\":\"en-US\",\"@id\":\"https:\\\/\\\/afrodad.org\\\/afromedi\\\/speakers\\\/#primaryimage\",\"url\":\"https:\\\/\\\/i0.wp.com\\\/afrodad.org\\\/afromedi\\\/wp-content\\\/uploads\\\/2024\\\/02\\\/Adama.png?fit=481%2C485&ssl=1\",\"contentUrl\":\"https:\\\/\\\/i0.wp.com\\\/afrodad.org\\\/afromedi\\\/wp-content\\\/uploads\\\/2024\\\/02\\\/Adama.png?fit=481%2C485&ssl=1\",\"width\":481,\"height\":485},{\"@type\":\"BreadcrumbList\",\"@id\":\"https:\\\/\\\/afrodad.org\\\/afromedi\\\/speakers\\\/#breadcrumb\",\"itemListElement\":[{\"@type\":\"ListItem\",\"position\":1,\"name\":\"Home\",\"item\":\"https:\\\/\\\/afrodad.org\\\/afromedi\\\/\"},{\"@type\":\"ListItem\",\"position\":2,\"name\":\"Speakers\"}]},{\"@type\":\"WebSite\",\"@id\":\"https:\\\/\\\/afrodad.org\\\/afromedi\\\/#website\",\"url\":\"https:\\\/\\\/afrodad.org\\\/afromedi\\\/\",\"name\":\"AFROMEDI\",\"description\":\"\",\"publisher\":{\"@id\":\"https:\\\/\\\/afrodad.org\\\/afromedi\\\/#organization\"},\"potentialAction\":[{\"@type\":\"SearchAction\",\"target\":{\"@type\":\"EntryPoint\",\"urlTemplate\":\"https:\\\/\\\/afrodad.org\\\/afromedi\\\/?s={search_term_string}\"},\"query-input\":{\"@type\":\"PropertyValueSpecification\",\"valueRequired\":true,\"valueName\":\"search_term_string\"}}],\"inLanguage\":\"en-US\"},{\"@type\":\"Organization\",\"@id\":\"https:\\\/\\\/afrodad.org\\\/afromedi\\\/#organization\",\"name\":\"AFROMEDI\",\"url\":\"https:\\\/\\\/afrodad.org\\\/afromedi\\\/\",\"logo\":{\"@type\":\"ImageObject\",\"inLanguage\":\"en-US\",\"@id\":\"https:\\\/\\\/afrodad.org\\\/afromedi\\\/#\\\/schema\\\/logo\\\/image\\\/\",\"url\":\"https:\\\/\\\/i0.wp.com\\\/afrodad.org\\\/afromedi\\\/wp-content\\\/uploads\\\/2023\\\/03\\\/AFRODADs-logo-2.png?fit=196%2C109&ssl=1\",\"contentUrl\":\"https:\\\/\\\/i0.wp.com\\\/afrodad.org\\\/afromedi\\\/wp-content\\\/uploads\\\/2023\\\/03\\\/AFRODADs-logo-2.png?fit=196%2C109&ssl=1\",\"width\":196,\"height\":109,\"caption\":\"AFROMEDI\"},\"image\":{\"@id\":\"https:\\\/\\\/afrodad.org\\\/afromedi\\\/#\\\/schema\\\/logo\\\/image\\\/\"}}]}<\/script>\n<!-- \/ Yoast SEO plugin. -->","yoast_head_json":{"title":"Speakers - AFROMEDI","robots":{"index":"index","follow":"follow","max-snippet":"max-snippet:-1","max-image-preview":"max-image-preview:large","max-video-preview":"max-video-preview:-1"},"canonical":"https:\/\/afrodad.org\/afromedi\/speakers\/","og_locale":"en_US","og_type":"article","og_title":"Speakers - AFROMEDI","og_description":"AFROMEDI IV Speakers Hon. Adama Coulibaly Minister of Economy and Finance, The Republic of C\u00f4te d&#8217;Ivoire Hon. Amadou Coulibaly Minister of Communication and Digital Economy &amp; Government Spokesman, The Republic of C\u00f4te d&#8217;Ivoire Jean Claude President, The National Union of Journalists of C\u00f4te d&#8217;Ivoire (UNJCI), Fid\u00e9lit\u00e9 Nshimiyimana Campaigns &amp; Communication Manager, AFRODAD Dr. Lyla Latif [&hellip;]","og_url":"https:\/\/afrodad.org\/afromedi\/speakers\/","og_site_name":"AFROMEDI","article_modified_time":"2024-03-18T12:44:36+00:00","og_image":[{"url":"https:\/\/afrodad.org\/afromedi\/wp-content\/uploads\/2024\/02\/Adama.png","type":"","width":"","height":""}],"twitter_card":"summary_large_image","twitter_misc":{"Est. reading time":"3 minutes"},"schema":{"@context":"https:\/\/schema.org","@graph":[{"@type":"WebPage","@id":"https:\/\/afrodad.org\/afromedi\/speakers\/","url":"https:\/\/afrodad.org\/afromedi\/speakers\/","name":"Speakers - AFROMEDI","isPartOf":{"@id":"https:\/\/afrodad.org\/afromedi\/#website"},"primaryImageOfPage":{"@id":"https:\/\/afrodad.org\/afromedi\/speakers\/#primaryimage"},"image":{"@id":"https:\/\/afrodad.org\/afromedi\/speakers\/#primaryimage"},"thumbnailUrl":"https:\/\/afrodad.org\/afromedi\/wp-content\/uploads\/2024\/02\/Adama.png","datePublished":"2024-02-25T19:12:24+00:00","dateModified":"2024-03-18T12:44:36+00:00","breadcrumb":{"@id":"https:\/\/afrodad.org\/afromedi\/speakers\/#breadcrumb"},"inLanguage":"en-US","potentialAction":[{"@type":"ReadAction","target":["https:\/\/afrodad.org\/afromedi\/speakers\/"]}]},{"@type":"ImageObject","inLanguage":"en-US","@id":"https:\/\/afrodad.org\/afromedi\/speakers\/#primaryimage","url":"https:\/\/i0.wp.com\/afrodad.org\/afromedi\/wp-content\/uploads\/2024\/02\/Adama.png?fit=481%2C485&ssl=1","contentUrl":"https:\/\/i0.wp.com\/afrodad.org\/afromedi\/wp-content\/uploads\/2024\/02\/Adama.png?fit=481%2C485&ssl=1","width":481,"height":485},{"@type":"BreadcrumbList","@id":"https:\/\/afrodad.org\/afromedi\/speakers\/#breadcrumb","itemListElement":[{"@type":"ListItem","position":1,"name":"Home","item":"https:\/\/afrodad.org\/afromedi\/"},{"@type":"ListItem","position":2,"name":"Speakers"}]},{"@type":"WebSite","@id":"https:\/\/afrodad.org\/afromedi\/#website","url":"https:\/\/afrodad.org\/afromedi\/","name":"AFROMEDI","description":"","publisher":{"@id":"https:\/\/afrodad.org\/afromedi\/#organization"},"potentialAction":[{"@type":"SearchAction","target":{"@type":"EntryPoint","urlTemplate":"https:\/\/afrodad.org\/afromedi\/?s={search_term_string}"},"query-input":{"@type":"PropertyValueSpecification","valueRequired":true,"valueName":"search_term_string"}}],"inLanguage":"en-US"},{"@type":"Organization","@id":"https:\/\/afrodad.org\/afromedi\/#organization","name":"AFROMEDI","url":"https:\/\/afrodad.org\/afromedi\/","logo":{"@type":"ImageObject","inLanguage":"en-US","@id":"https:\/\/afrodad.org\/afromedi\/#\/schema\/logo\/image\/","url":"https:\/\/i0.wp.com\/afrodad.org\/afromedi\/wp-content\/uploads\/2023\/03\/AFRODADs-logo-2.png?fit=196%2C109&ssl=1","contentUrl":"https:\/\/i0.wp.com\/afrodad.org\/afromedi\/wp-content\/uploads\/2023\/03\/AFRODADs-logo-2.png?fit=196%2C109&ssl=1","width":196,"height":109,"caption":"AFROMEDI"},"image":{"@id":"https:\/\/afrodad.org\/afromedi\/#\/schema\/logo\/image\/"}}]}},"jetpack_sharing_enabled":true,"_links":{"self":[{"href":"https:\/\/afrodad.org\/afromedi\/wp-json\/wp\/v2\/pages\/13289","targetHints":{"allow":["GET"]}}],"collection":[{"href":"https:\/\/afrodad.org\/afromedi\/wp-json\/wp\/v2\/pages"}],"about":[{"href":"https:\/\/afrodad.org\/afromedi\/wp-json\/wp\/v2\/types\/page"}],"author":[{"embeddable":true,"href":"https:\/\/afrodad.org\/afromedi\/wp-json\/wp\/v2\/users\/2"}],"replies":[{"embeddable":true,"href":"https:\/\/afrodad.org\/afromedi\/wp-json\/wp\/v2\/comments?post=13289"}],"version-history":[{"count":5,"href":"https:\/\/afrodad.org\/afromedi\/wp-json\/wp\/v2\/pages\/13289\/revisions"}],"predecessor-version":[{"id":14286,"href":"https:\/\/afrodad.org\/afromedi\/wp-json\/wp\/v2\/pages\/13289\/revisions\/14286"}],"wp:attachment":[{"href":"https:\/\/afrodad.org\/afromedi\/wp-json\/wp\/v2\/media?parent=13289"}],"curies":[{"name":"wp","href":"https:\/\/api.w.org\/{rel}","templated":true}]}}