{"id":13444,"date":"2024-02-25T19:12:24","date_gmt":"2024-02-25T19:12:24","guid":{"rendered":"https:\/\/afrodad.org\/afromedi\/?page_id=13444"},"modified":"2024-03-18T06:44:49","modified_gmt":"2024-03-18T06:44:49","slug":"elementor-13444","status":"publish","type":"page","link":"https:\/\/afrodad.org\/afromedi\/fr\/elementor-13444\/","title":{"rendered":"Speakers &#8211; French"},"content":{"rendered":"\t\t<div data-elementor-type=\"wp-page\" data-elementor-id=\"13444\" class=\"elementor elementor-13444\">\n\t\t\t\t\t\t<section data-particle_enable=\"false\" data-particle-mobile-disabled=\"false\" class=\"elementor-section elementor-top-section elementor-element elementor-element-34841a7 elementor-section-boxed elementor-section-height-default elementor-section-height-default\" data-id=\"34841a7\" data-element_type=\"section\" data-e-type=\"section\">\n\t\t\t\t\t\t<div class=\"elementor-container elementor-column-gap-no\">\n\t\t\t\t\t<div class=\"elementor-column elementor-col-100 elementor-top-column elementor-element elementor-element-172a094b\" data-id=\"172a094b\" data-element_type=\"column\" data-e-type=\"column\">\n\t\t\t<div class=\"elementor-widget-wrap elementor-element-populated\">\n\t\t\t\t\t\t<div class=\"elementor-element elementor-element-e235225 elementor-widget elementor-widget-elementskit-heading\" data-id=\"e235225\" data-element_type=\"widget\" data-e-type=\"widget\" data-widget_type=\"elementskit-heading.default\">\n\t\t\t\t<div class=\"elementor-widget-container\">\n\t\t\t\t\t<div class=\"ekit-wid-con\" ><div class=\"ekit-heading elementskit-section-title-wraper text_center   ekit_heading_tablet-   ekit_heading_mobile-\"><h3 class=\"ekit-heading--title elementskit-section-title \">Conf\u00e9renciers d'AFROMEDI IV<\/h3><\/div><\/div>\t\t\t\t<\/div>\n\t\t\t\t<\/div>\n\t\t<div data-particle_enable=\"false\" data-particle-mobile-disabled=\"false\" class=\"elementor-element elementor-element-0b9fa15 e-grid e-con-boxed e-con e-parent\" data-id=\"0b9fa15\" data-element_type=\"container\" data-e-type=\"container\" data-settings=\"{&quot;background_background&quot;:&quot;classic&quot;}\">\n\t\t\t\t\t<div class=\"e-con-inner\">\n\t\t<a class=\"eael-wrapper-link-b11c3c2 --eael-wrapper-link-tag\" href=\"https:\/\/afrodad.org\/afromedi\/fr\/hon-adama-fr\/\" target=\"_blank\"><\/a>\t\t<div data-eael-wrapper-link=\"eael-wrapper-link-b11c3c2\" class=\"elementor-element elementor-element-b11c3c2 eael-team-align-eael-team-align-default elementor-widget elementor-widget-eael-team-member\" data-id=\"b11c3c2\" data-element_type=\"widget\" data-e-type=\"widget\" data-widget_type=\"eael-team-member.default\">\n\t\t\t\t<div class=\"elementor-widget-container\">\n\t\t\t\t\t\n\n\t<div id=\"eael-team-member-b11c3c2\" class=\"eael-team-item eael-team-members-simple \">\n\t\t<div class=\"eael-team-item-inner\">\n\t\t\t<div class=\"eael-team-image\">\n\t\t\t\t<figure>\n\t\t\t\t\t\t\t\t\t\t<img decoding=\"async\" src=\"https:\/\/i0.wp.com\/afrodad.org\/afromedi\/wp-content\/uploads\/2024\/02\/Adama.png?fit=481%2C485&#038;ssl=1\" alt=\"\">\n\t\t\t\t\t\t\t\t\t<\/figure>\n\t\t\t\t\n\t\t\t\t\n\t\t\t<\/div>\n\n\t\t\t<div class=\"eael-team-content\">\n\t\t\t\t<h2 class=\"eael-team-member-name\">S.E.M Adama Coulibaly<\/h2><h3 class=\"eael-team-member-position\">Ministre de l\u2019Economie et des Finances, r\u00e9publique de C\u00f4te d'Ivoire<\/h3>\n\t\t\t\t\t\t\t\t\t\t\t\t\t\t<p class=\"eael-team-text\"><\/p>\n\t\t\t\t\t\t\t<\/div>\n\t\t<\/div>\n\t<\/div>\n\t\t\t\t\t<\/div>\n\t\t\t\t<\/div>\n\t\t<a class=\"eael-wrapper-link-7ac39ac --eael-wrapper-link-tag\" href=\"https:\/\/afrodad.org\/afromedi\/fr\/hon-amadou-fr\/\" target=\"_blank\"><\/a>\t\t<div data-eael-wrapper-link=\"eael-wrapper-link-7ac39ac\" class=\"elementor-element elementor-element-7ac39ac eael-team-align-eael-team-align-default elementor-widget elementor-widget-eael-team-member\" data-id=\"7ac39ac\" data-element_type=\"widget\" data-e-type=\"widget\" data-widget_type=\"eael-team-member.default\">\n\t\t\t\t<div class=\"elementor-widget-container\">\n\t\t\t\t\t\n\n\t<div id=\"eael-team-member-7ac39ac\" class=\"eael-team-item eael-team-members-simple \">\n\t\t<div class=\"eael-team-item-inner\">\n\t\t\t<div class=\"eael-team-image\">\n\t\t\t\t<figure>\n\t\t\t\t\t\t\t\t\t\t<img decoding=\"async\" src=\"https:\/\/i0.wp.com\/afrodad.org\/afromedi\/wp-content\/uploads\/2024\/02\/Amadou.png?fit=481%2C484&#038;ssl=1\" alt=\"\">\n\t\t\t\t\t\t\t\t\t<\/figure>\n\t\t\t\t\n\t\t\t\t\n\t\t\t<\/div>\n\n\t\t\t<div class=\"eael-team-content\">\n\t\t\t\t<h2 class=\"eael-team-member-name\">S.E.M Amadou Coulibaly<\/h2><h3 class=\"eael-team-member-position\">Ministre de la Communication et de l'Economie Num\u00e9rique, Porte-parole du Gouvernement, r\u00e9publique de C\u00f4te d'Ivoire<\/h3>\n\t\t\t\t\t\t\t\t\t\t\t\t\t\t<p class=\"eael-team-text\"><\/p>\n\t\t\t\t\t\t\t<\/div>\n\t\t<\/div>\n\t<\/div>\n\t\t\t\t\t<\/div>\n\t\t\t\t<\/div>\n\t\t<a class=\"eael-wrapper-link-8c501d3 --eael-wrapper-link-tag\" href=\"https:\/\/afrodad.org\/afromedi\/fr\/jean-fr\/\" target=\"_blank\"><\/a>\t\t<div data-eael-wrapper-link=\"eael-wrapper-link-8c501d3\" class=\"elementor-element elementor-element-8c501d3 eael-team-align-eael-team-align-default elementor-widget elementor-widget-eael-team-member\" data-id=\"8c501d3\" data-element_type=\"widget\" data-e-type=\"widget\" data-widget_type=\"eael-team-member.default\">\n\t\t\t\t<div class=\"elementor-widget-container\">\n\t\t\t\t\t\n\n\t<div id=\"eael-team-member-8c501d3\" class=\"eael-team-item eael-team-members-simple \">\n\t\t<div class=\"eael-team-item-inner\">\n\t\t\t<div class=\"eael-team-image\">\n\t\t\t\t<figure>\n\t\t\t\t\t\t\t\t\t\t<img decoding=\"async\" src=\"https:\/\/i0.wp.com\/afrodad.org\/afromedi\/wp-content\/uploads\/2024\/02\/President-UNCJI.png?fit=481%2C485&#038;ssl=1\" alt=\"\">\n\t\t\t\t\t\t\t\t\t<\/figure>\n\t\t\t\t\n\t\t\t\t\n\t\t\t<\/div>\n\n\t\t\t<div class=\"eael-team-content\">\n\t\t\t\t<h2 class=\"eael-team-member-name\">Jean Claude<\/h2><h3 class=\"eael-team-member-position\">Le pr\u00e9sident de l'Union nationale des journalistes de C\u00f4te d'Ivoire (UNJCI)<\/h3>\n\t\t\t\t\t\t\t\t\t\t\t\t\t\t<p class=\"eael-team-text\"><\/p>\n\t\t\t\t\t\t\t<\/div>\n\t\t<\/div>\n\t<\/div>\n\t\t\t\t\t<\/div>\n\t\t\t\t<\/div>\n\t\t<a class=\"eael-wrapper-link-7c2bc6e --eael-wrapper-link-tag\" href=\"https:\/\/afrodad.org\/afromedi\/fr\/fidelite-fr\/\" target=\"_blank\"><\/a>\t\t<div data-eael-wrapper-link=\"eael-wrapper-link-7c2bc6e\" class=\"elementor-element elementor-element-7c2bc6e eael-team-align-eael-team-align-default elementor-widget elementor-widget-eael-team-member\" data-id=\"7c2bc6e\" data-element_type=\"widget\" data-e-type=\"widget\" data-widget_type=\"eael-team-member.default\">\n\t\t\t\t<div class=\"elementor-widget-container\">\n\t\t\t\t\t\n\n\t<div id=\"eael-team-member-7c2bc6e\" class=\"eael-team-item eael-team-members-simple \">\n\t\t<div class=\"eael-team-item-inner\">\n\t\t\t<div class=\"eael-team-image\">\n\t\t\t\t<figure>\n\t\t\t\t\t\t\t\t\t\t<img decoding=\"async\" src=\"https:\/\/i0.wp.com\/afrodad.org\/afromedi\/wp-content\/uploads\/2024\/02\/Fidelite.png?fit=481%2C485&#038;ssl=1\" alt=\"\">\n\t\t\t\t\t\t\t\t\t<\/figure>\n\t\t\t\t\n\t\t\t\t\n\t\t\t<\/div>\n\n\t\t\t<div class=\"eael-team-content\">\n\t\t\t\t<h2 class=\"eael-team-member-name\">Fid\u00e9lit\u00e9 Nshimiyimana  <\/h2><h3 class=\"eael-team-member-position\">Responsable des Campagnes &amp; de la Communication<\/h3>\n\t\t\t\t\t\t\t\t\t\t\t\t\t\t<p class=\"eael-team-text\"><\/p>\n\t\t\t\t\t\t\t<\/div>\n\t\t<\/div>\n\t<\/div>\n\t\t\t\t\t<\/div>\n\t\t\t\t<\/div>\n\t\t<a class=\"eael-wrapper-link-0261fbc --eael-wrapper-link-tag\" href=\"https:\/\/afrodad.org\/afromedi\/fr\/drlyla-fr\/\" target=\"_blank\"><\/a>\t\t<div data-eael-wrapper-link=\"eael-wrapper-link-0261fbc\" class=\"elementor-element elementor-element-0261fbc eael-team-align-eael-team-align-default elementor-widget elementor-widget-eael-team-member\" data-id=\"0261fbc\" data-element_type=\"widget\" data-e-type=\"widget\" data-widget_type=\"eael-team-member.default\">\n\t\t\t\t<div class=\"elementor-widget-container\">\n\t\t\t\t\t\n\n\t<div id=\"eael-team-member-0261fbc\" class=\"eael-team-item eael-team-members-simple \">\n\t\t<div class=\"eael-team-item-inner\">\n\t\t\t<div class=\"eael-team-image\">\n\t\t\t\t<figure>\n\t\t\t\t\t\t\t\t\t\t<img decoding=\"async\" src=\"https:\/\/i0.wp.com\/afrodad.org\/afromedi\/wp-content\/uploads\/2024\/02\/Asset-15.png?fit=346%2C349&#038;ssl=1\" alt=\"\">\n\t\t\t\t\t\t\t\t\t<\/figure>\n\t\t\t\t\n\t\t\t\t\n\t\t\t<\/div>\n\n\t\t\t<div class=\"eael-team-content\">\n\t\t\t\t<h2 class=\"eael-team-member-name\">Dr Lyla Latif<\/h2><h3 class=\"eael-team-member-position\">Avocat, commissaire \u00e0 l'assermentation, notaire<\/h3>\n\t\t\t\t\t\t\t\t\t\t\t\t\t\t<p class=\"eael-team-text\"><\/p>\n\t\t\t\t\t\t\t<\/div>\n\t\t<\/div>\n\t<\/div>\n\t\t\t\t\t<\/div>\n\t\t\t\t<\/div>\n\t\t<a class=\"eael-wrapper-link-453a5fc --eael-wrapper-link-tag\" href=\"https:\/\/afrodad.org\/afromedi\/fr\/victoria-fr\/\" target=\"_blank\"><\/a>\t\t<div data-eael-wrapper-link=\"eael-wrapper-link-453a5fc\" class=\"elementor-element elementor-element-453a5fc eael-team-align-eael-team-align-default elementor-widget elementor-widget-eael-team-member\" data-id=\"453a5fc\" data-element_type=\"widget\" data-e-type=\"widget\" data-widget_type=\"eael-team-member.default\">\n\t\t\t\t<div class=\"elementor-widget-container\">\n\t\t\t\t\t\n\n\t<div id=\"eael-team-member-453a5fc\" class=\"eael-team-item eael-team-members-simple \">\n\t\t<div class=\"eael-team-item-inner\">\n\t\t\t<div class=\"eael-team-image\">\n\t\t\t\t<figure>\n\t\t\t\t\t\t\t\t\t\t<img decoding=\"async\" src=\"https:\/\/i0.wp.com\/afrodad.org\/afromedi\/wp-content\/uploads\/2024\/02\/Victoria.png?fit=481%2C486&#038;ssl=1\" alt=\"\">\n\t\t\t\t\t\t\t\t\t<\/figure>\n\t\t\t\t\n\t\t\t\t\n\t\t\t<\/div>\n\n\t\t\t<div class=\"eael-team-content\">\n\t\t\t\t<h2 class=\"eael-team-member-name\">Victoria Rubadiri<\/h2><h3 class=\"eael-team-member-position\">Journaliste et pr\u00e9sentatrice de t\u00e9l\u00e9vision \u00e0 Citizen TV, laur\u00e9ate du prix Komla Dumor 2020 de BBC World News<\/h3>\n\t\t\t\t\t\t\t\t\t\t\t\t\t\t<p class=\"eael-team-text\"><\/p>\n\t\t\t\t\t\t\t<\/div>\n\t\t<\/div>\n\t<\/div>\n\t\t\t\t\t<\/div>\n\t\t\t\t<\/div>\n\t\t<a class=\"eael-wrapper-link-90ef00f --eael-wrapper-link-tag\" href=\"https:\/\/afrodad.org\/afromedi\/fr\/adwoa-fr\/\" target=\"_blank\"><\/a>\t\t<div data-eael-wrapper-link=\"eael-wrapper-link-90ef00f\" class=\"elementor-element elementor-element-90ef00f eael-team-align-eael-team-align-default elementor-widget elementor-widget-eael-team-member\" data-id=\"90ef00f\" data-element_type=\"widget\" data-e-type=\"widget\" data-widget_type=\"eael-team-member.default\">\n\t\t\t\t<div class=\"elementor-widget-container\">\n\t\t\t\t\t\n\n\t<div id=\"eael-team-member-90ef00f\" class=\"eael-team-item eael-team-members-simple \">\n\t\t<div class=\"eael-team-item-inner\">\n\t\t\t<div class=\"eael-team-image\">\n\t\t\t\t<figure>\n\t\t\t\t\t\t\t\t\t\t<img decoding=\"async\" src=\"https:\/\/i0.wp.com\/afrodad.org\/afromedi\/wp-content\/uploads\/2024\/02\/Asset-14.png?fit=347%2C349&#038;ssl=1\" alt=\"\">\n\t\t\t\t\t\t\t\t\t<\/figure>\n\t\t\t\t\n\t\t\t\t\n\t\t\t<\/div>\n\n\t\t\t<div class=\"eael-team-content\">\n\t\t\t\t<h2 class=\"eael-team-member-name\">Adwoa Adobea-Owusu<\/h2><h3 class=\"eael-team-member-position\">Journaliste d'investigation<\/h3>\n\t\t\t\t\t\t\t\t\t\t\t\t\t\t<p class=\"eael-team-text\"><\/p>\n\t\t\t\t\t\t\t<\/div>\n\t\t<\/div>\n\t<\/div>\n\t\t\t\t\t<\/div>\n\t\t\t\t<\/div>\n\t\t<a class=\"eael-wrapper-link-93c11bb --eael-wrapper-link-tag\" href=\"https:\/\/afrodad.org\/afromedi\/fr\/ann-marie-fr\/\" target=\"_blank\"><\/a>\t\t<div data-eael-wrapper-link=\"eael-wrapper-link-93c11bb\" class=\"elementor-element elementor-element-93c11bb eael-team-align-eael-team-align-default elementor-widget elementor-widget-eael-team-member\" data-id=\"93c11bb\" data-element_type=\"widget\" data-e-type=\"widget\" data-widget_type=\"eael-team-member.default\">\n\t\t\t\t<div class=\"elementor-widget-container\">\n\t\t\t\t\t\n\n\t<div id=\"eael-team-member-93c11bb\" class=\"eael-team-item eael-team-members-simple \">\n\t\t<div class=\"eael-team-item-inner\">\n\t\t\t<div class=\"eael-team-image\">\n\t\t\t\t<figure>\n\t\t\t\t\t\t\t\t\t\t<img decoding=\"async\" src=\"https:\/\/i0.wp.com\/afrodad.org\/afromedi\/wp-content\/uploads\/2024\/03\/Ann-Marie.png?fit=481%2C482&#038;ssl=1\" alt=\"\">\n\t\t\t\t\t\t\t\t\t<\/figure>\n\t\t\t\t\n\t\t\t\t\n\t\t\t<\/div>\n\n\t\t\t<div class=\"eael-team-content\">\n\t\t\t\t<h2 class=\"eael-team-member-name\">Anne-Marie Dias Borges<\/h2><h3 class=\"eael-team-member-position\">Sp\u00e9cialiste des m\u00e9dias, Ancien journaliste de diffusion principal<\/h3>\n\t\t\t\t\t\t\t\t\t\t\t\t\t\t<p class=\"eael-team-text\"><\/p>\n\t\t\t\t\t\t\t<\/div>\n\t\t<\/div>\n\t<\/div>\n\t\t\t\t\t<\/div>\n\t\t\t\t<\/div>\n\t\t<a class=\"eael-wrapper-link-4be2519 --eael-wrapper-link-tag\" href=\"https:\/\/afrodad.org\/afromedi\/fr\/lurit-fr\/\" target=\"_blank\"><\/a>\t\t<div data-eael-wrapper-link=\"eael-wrapper-link-4be2519\" class=\"elementor-element elementor-element-4be2519 eael-team-align-eael-team-align-default elementor-widget elementor-widget-eael-team-member\" data-id=\"4be2519\" data-element_type=\"widget\" data-e-type=\"widget\" data-widget_type=\"eael-team-member.default\">\n\t\t\t\t<div class=\"elementor-widget-container\">\n\t\t\t\t\t\n\n\t<div id=\"eael-team-member-4be2519\" class=\"eael-team-item eael-team-members-simple \">\n\t\t<div class=\"eael-team-item-inner\">\n\t\t\t<div class=\"eael-team-image\">\n\t\t\t\t<figure>\n\t\t\t\t\t\t\t\t\t\t<img decoding=\"async\" src=\"https:\/\/i0.wp.com\/afrodad.org\/afromedi\/wp-content\/uploads\/2024\/03\/lurit.png?fit=481%2C483&#038;ssl=1\" alt=\"\">\n\t\t\t\t\t\t\t\t\t<\/figure>\n\t\t\t\t\n\t\t\t\t\n\t\t\t<\/div>\n\n\t\t\t<div class=\"eael-team-content\">\n\t\t\t\t<h2 class=\"eael-team-member-name\">LURIT YUGUSUK<\/h2><h3 class=\"eael-team-member-position\">Assistant en justice \u00e9conomique, R\u00e9seau de d\u00e9veloppement et de communications des femmes africaines (FEMNET)<\/h3>\n\t\t\t\t\t\t\t\t\t\t\t\t\t\t<p class=\"eael-team-text\"><\/p>\n\t\t\t\t\t\t\t<\/div>\n\t\t<\/div>\n\t<\/div>\n\t\t\t\t\t<\/div>\n\t\t\t\t<\/div>\n\t\t<a class=\"eael-wrapper-link-19b01ab --eael-wrapper-link-tag\" href=\"https:\/\/afrodad.org\/afromedi\/fr\/shem-fr\/\" target=\"_blank\"><\/a>\t\t<div data-eael-wrapper-link=\"eael-wrapper-link-19b01ab\" class=\"elementor-element elementor-element-19b01ab eael-team-align-eael-team-align-default elementor-widget elementor-widget-eael-team-member\" data-id=\"19b01ab\" data-element_type=\"widget\" data-e-type=\"widget\" data-widget_type=\"eael-team-member.default\">\n\t\t\t\t<div class=\"elementor-widget-container\">\n\t\t\t\t\t\n\n\t<div id=\"eael-team-member-19b01ab\" class=\"eael-team-item eael-team-members-simple \">\n\t\t<div class=\"eael-team-item-inner\">\n\t\t\t<div class=\"eael-team-image\">\n\t\t\t\t<figure>\n\t\t\t\t\t\t\t\t\t\t<img decoding=\"async\" src=\"https:\/\/i0.wp.com\/afrodad.org\/afromedi\/wp-content\/uploads\/2024\/03\/Shem.png?fit=481%2C482&#038;ssl=1\" alt=\"\">\n\t\t\t\t\t\t\t\t\t<\/figure>\n\t\t\t\t\n\t\t\t\t\n\t\t\t<\/div>\n\n\t\t\t<div class=\"eael-team-content\">\n\t\t\t\t<h2 class=\"eael-team-member-name\">SHEM JOSHUA<\/h2><h3 class=\"eael-team-member-position\">Analyste de politiques et charg\u00e9 de plaidoyer, Portefeuille de gestion de la dette souveraine, AFRODAD<\/h3>\n\t\t\t\t\t\t\t\t\t\t\t\t\t\t<p class=\"eael-team-text\"><\/p>\n\t\t\t\t\t\t\t<\/div>\n\t\t<\/div>\n\t<\/div>\n\t\t\t\t\t<\/div>\n\t\t\t\t<\/div>\n\t\t<a class=\"eael-wrapper-link-63b38a2 --eael-wrapper-link-tag\" href=\"https:\/\/afrodad.org\/afromedi\/lurit\/\" target=\"_blank\"><\/a>\t\t<div data-eael-wrapper-link=\"eael-wrapper-link-63b38a2\" class=\"elementor-element elementor-element-63b38a2 eael-team-align-eael-team-align-default elementor-widget elementor-widget-eael-team-member\" data-id=\"63b38a2\" data-element_type=\"widget\" data-e-type=\"widget\" data-widget_type=\"eael-team-member.default\">\n\t\t\t\t<div class=\"elementor-widget-container\">\n\t\t\t\t\t\n\n\t<div id=\"eael-team-member-63b38a2\" class=\"eael-team-item eael-team-members-simple \">\n\t\t<div class=\"eael-team-item-inner\">\n\t\t\t<div class=\"eael-team-image\">\n\t\t\t\t<figure>\n\t\t\t\t\t\t\t\t\t\t<img decoding=\"async\" src=\"https:\/\/i0.wp.com\/afrodad.org\/afromedi\/wp-content\/uploads\/2024\/03\/elie.png?fit=480%2C484&#038;ssl=1\" alt=\"\">\n\t\t\t\t\t\t\t\t\t<\/figure>\n\t\t\t\t\n\t\t\t\t\n\t\t\t<\/div>\n\n\t\t\t<div class=\"eael-team-content\">\n\t\t\t\t<h2 class=\"eael-team-member-name\">ELIE KABORE<\/h2><h3 class=\"eael-team-member-position\">Investigative Reporter, Burkina Faso<\/h3>\n\t\t\t\t\t\t\t\t\t\t\t\t\t\t<p class=\"eael-team-text\"><\/p>\n\t\t\t\t\t\t\t<\/div>\n\t\t<\/div>\n\t<\/div>\n\t\t\t\t\t<\/div>\n\t\t\t\t<\/div>\n\t\t\t\t\t<\/div>\n\t\t\t\t<\/div>\n\t\t\t\t\t<\/div>\n\t\t<\/div>\n\t\t\t\t\t<\/div>\n\t\t<\/section>\n\t\t\t\t<\/div>\n\t\t","protected":false},"excerpt":{"rendered":"<p>Conf\u00e9renciers d&#8217;AFROMEDI IV S.E.M Adama Coulibaly Ministre de l\u2019Economie et des Finances, r\u00e9publique de C\u00f4te d&#8217;Ivoire S.E.M Amadou Coulibaly Ministre de la Communication et de l&#8217;Economie Num\u00e9rique, Porte-parole du Gouvernement, r\u00e9publique de C\u00f4te d&#8217;Ivoire Jean Claude Le pr\u00e9sident de l&#8217;Union nationale des journalistes de C\u00f4te d&#8217;Ivoire (UNJCI) Fid\u00e9lit\u00e9 Nshimiyimana Responsable des Campagnes &amp; de la [&hellip;]<\/p>\n","protected":false},"author":2,"featured_media":0,"parent":0,"menu_order":0,"comment_status":"closed","ping_status":"closed","template":"","meta":{"nf_dc_page":"","footnotes":""},"class_list":["post-13444","page","type-page","status-publish","hentry"],"yoast_head":"<!-- This site is optimized with the Yoast SEO plugin v27.4 - https:\/\/yoast.com\/product\/yoast-seo-wordpress\/ -->\n<title>Speakers - French - AFROMEDI<\/title>\n<meta name=\"robots\" content=\"index, follow, max-snippet:-1, max-image-preview:large, max-video-preview:-1\" \/>\n<link rel=\"canonical\" href=\"https:\/\/afrodad.org\/afromedi\/fr\/elementor-13444\/\" \/>\n<meta property=\"og:locale\" content=\"en_US\" \/>\n<meta property=\"og:type\" content=\"article\" \/>\n<meta property=\"og:title\" content=\"Speakers - French - AFROMEDI\" \/>\n<meta property=\"og:description\" content=\"Conf\u00e9renciers d&#8217;AFROMEDI IV S.E.M Adama Coulibaly Ministre de l\u2019Economie et des Finances, r\u00e9publique de C\u00f4te d&#8217;Ivoire S.E.M Amadou Coulibaly Ministre de la Communication et de l&#8217;Economie Num\u00e9rique, Porte-parole du Gouvernement, r\u00e9publique de C\u00f4te d&#8217;Ivoire Jean Claude Le pr\u00e9sident de l&#8217;Union nationale des journalistes de C\u00f4te d&#8217;Ivoire (UNJCI) Fid\u00e9lit\u00e9 Nshimiyimana Responsable des Campagnes &amp; de la [&hellip;]\" \/>\n<meta property=\"og:url\" content=\"https:\/\/afrodad.org\/afromedi\/fr\/elementor-13444\/\" \/>\n<meta property=\"og:site_name\" content=\"AFROMEDI\" \/>\n<meta property=\"article:modified_time\" content=\"2024-03-18T06:44:49+00:00\" \/>\n<meta property=\"og:image\" content=\"https:\/\/afrodad.org\/afromedi\/wp-content\/uploads\/2024\/02\/Adama.png\" \/>\n<meta name=\"twitter:card\" content=\"summary_large_image\" \/>\n<meta name=\"twitter:label1\" content=\"Est. reading time\" \/>\n\t<meta name=\"twitter:data1\" content=\"3 minutes\" \/>\n<script type=\"application\/ld+json\" class=\"yoast-schema-graph\">{\"@context\":\"https:\\\/\\\/schema.org\",\"@graph\":[{\"@type\":\"WebPage\",\"@id\":\"https:\\\/\\\/afrodad.org\\\/afromedi\\\/fr\\\/elementor-13444\\\/\",\"url\":\"https:\\\/\\\/afrodad.org\\\/afromedi\\\/fr\\\/elementor-13444\\\/\",\"name\":\"Speakers - French - AFROMEDI\",\"isPartOf\":{\"@id\":\"https:\\\/\\\/afrodad.org\\\/afromedi\\\/#website\"},\"primaryImageOfPage\":{\"@id\":\"https:\\\/\\\/afrodad.org\\\/afromedi\\\/fr\\\/elementor-13444\\\/#primaryimage\"},\"image\":{\"@id\":\"https:\\\/\\\/afrodad.org\\\/afromedi\\\/fr\\\/elementor-13444\\\/#primaryimage\"},\"thumbnailUrl\":\"https:\\\/\\\/afrodad.org\\\/afromedi\\\/wp-content\\\/uploads\\\/2024\\\/02\\\/Adama.png\",\"datePublished\":\"2024-02-25T19:12:24+00:00\",\"dateModified\":\"2024-03-18T06:44:49+00:00\",\"breadcrumb\":{\"@id\":\"https:\\\/\\\/afrodad.org\\\/afromedi\\\/fr\\\/elementor-13444\\\/#breadcrumb\"},\"inLanguage\":\"en-US\",\"potentialAction\":[{\"@type\":\"ReadAction\",\"target\":[\"https:\\\/\\\/afrodad.org\\\/afromedi\\\/fr\\\/elementor-13444\\\/\"]}]},{\"@type\":\"ImageObject\",\"inLanguage\":\"en-US\",\"@id\":\"https:\\\/\\\/afrodad.org\\\/afromedi\\\/fr\\\/elementor-13444\\\/#primaryimage\",\"url\":\"https:\\\/\\\/i0.wp.com\\\/afrodad.org\\\/afromedi\\\/wp-content\\\/uploads\\\/2024\\\/02\\\/Adama.png?fit=481%2C485&ssl=1\",\"contentUrl\":\"https:\\\/\\\/i0.wp.com\\\/afrodad.org\\\/afromedi\\\/wp-content\\\/uploads\\\/2024\\\/02\\\/Adama.png?fit=481%2C485&ssl=1\",\"width\":481,\"height\":485},{\"@type\":\"BreadcrumbList\",\"@id\":\"https:\\\/\\\/afrodad.org\\\/afromedi\\\/fr\\\/elementor-13444\\\/#breadcrumb\",\"itemListElement\":[{\"@type\":\"ListItem\",\"position\":1,\"name\":\"Home\",\"item\":\"https:\\\/\\\/afrodad.org\\\/afromedi\\\/\"},{\"@type\":\"ListItem\",\"position\":2,\"name\":\"Speakers &#8211; French\"}]},{\"@type\":\"WebSite\",\"@id\":\"https:\\\/\\\/afrodad.org\\\/afromedi\\\/#website\",\"url\":\"https:\\\/\\\/afrodad.org\\\/afromedi\\\/\",\"name\":\"AFROMEDI\",\"description\":\"\",\"publisher\":{\"@id\":\"https:\\\/\\\/afrodad.org\\\/afromedi\\\/#organization\"},\"potentialAction\":[{\"@type\":\"SearchAction\",\"target\":{\"@type\":\"EntryPoint\",\"urlTemplate\":\"https:\\\/\\\/afrodad.org\\\/afromedi\\\/?s={search_term_string}\"},\"query-input\":{\"@type\":\"PropertyValueSpecification\",\"valueRequired\":true,\"valueName\":\"search_term_string\"}}],\"inLanguage\":\"en-US\"},{\"@type\":\"Organization\",\"@id\":\"https:\\\/\\\/afrodad.org\\\/afromedi\\\/#organization\",\"name\":\"AFROMEDI\",\"url\":\"https:\\\/\\\/afrodad.org\\\/afromedi\\\/\",\"logo\":{\"@type\":\"ImageObject\",\"inLanguage\":\"en-US\",\"@id\":\"https:\\\/\\\/afrodad.org\\\/afromedi\\\/#\\\/schema\\\/logo\\\/image\\\/\",\"url\":\"https:\\\/\\\/i0.wp.com\\\/afrodad.org\\\/afromedi\\\/wp-content\\\/uploads\\\/2023\\\/03\\\/AFRODADs-logo-2.png?fit=196%2C109&ssl=1\",\"contentUrl\":\"https:\\\/\\\/i0.wp.com\\\/afrodad.org\\\/afromedi\\\/wp-content\\\/uploads\\\/2023\\\/03\\\/AFRODADs-logo-2.png?fit=196%2C109&ssl=1\",\"width\":196,\"height\":109,\"caption\":\"AFROMEDI\"},\"image\":{\"@id\":\"https:\\\/\\\/afrodad.org\\\/afromedi\\\/#\\\/schema\\\/logo\\\/image\\\/\"}}]}<\/script>\n<!-- \/ Yoast SEO plugin. -->","yoast_head_json":{"title":"Speakers - French - AFROMEDI","robots":{"index":"index","follow":"follow","max-snippet":"max-snippet:-1","max-image-preview":"max-image-preview:large","max-video-preview":"max-video-preview:-1"},"canonical":"https:\/\/afrodad.org\/afromedi\/fr\/elementor-13444\/","og_locale":"en_US","og_type":"article","og_title":"Speakers - French - AFROMEDI","og_description":"Conf\u00e9renciers d&#8217;AFROMEDI IV S.E.M Adama Coulibaly Ministre de l\u2019Economie et des Finances, r\u00e9publique de C\u00f4te d&#8217;Ivoire S.E.M Amadou Coulibaly Ministre de la Communication et de l&#8217;Economie Num\u00e9rique, Porte-parole du Gouvernement, r\u00e9publique de C\u00f4te d&#8217;Ivoire Jean Claude Le pr\u00e9sident de l&#8217;Union nationale des journalistes de C\u00f4te d&#8217;Ivoire (UNJCI) Fid\u00e9lit\u00e9 Nshimiyimana Responsable des Campagnes &amp; de la [&hellip;]","og_url":"https:\/\/afrodad.org\/afromedi\/fr\/elementor-13444\/","og_site_name":"AFROMEDI","article_modified_time":"2024-03-18T06:44:49+00:00","og_image":[{"url":"https:\/\/afrodad.org\/afromedi\/wp-content\/uploads\/2024\/02\/Adama.png","type":"","width":"","height":""}],"twitter_card":"summary_large_image","twitter_misc":{"Est. reading time":"3 minutes"},"schema":{"@context":"https:\/\/schema.org","@graph":[{"@type":"WebPage","@id":"https:\/\/afrodad.org\/afromedi\/fr\/elementor-13444\/","url":"https:\/\/afrodad.org\/afromedi\/fr\/elementor-13444\/","name":"Speakers - French - AFROMEDI","isPartOf":{"@id":"https:\/\/afrodad.org\/afromedi\/#website"},"primaryImageOfPage":{"@id":"https:\/\/afrodad.org\/afromedi\/fr\/elementor-13444\/#primaryimage"},"image":{"@id":"https:\/\/afrodad.org\/afromedi\/fr\/elementor-13444\/#primaryimage"},"thumbnailUrl":"https:\/\/afrodad.org\/afromedi\/wp-content\/uploads\/2024\/02\/Adama.png","datePublished":"2024-02-25T19:12:24+00:00","dateModified":"2024-03-18T06:44:49+00:00","breadcrumb":{"@id":"https:\/\/afrodad.org\/afromedi\/fr\/elementor-13444\/#breadcrumb"},"inLanguage":"en-US","potentialAction":[{"@type":"ReadAction","target":["https:\/\/afrodad.org\/afromedi\/fr\/elementor-13444\/"]}]},{"@type":"ImageObject","inLanguage":"en-US","@id":"https:\/\/afrodad.org\/afromedi\/fr\/elementor-13444\/#primaryimage","url":"https:\/\/i0.wp.com\/afrodad.org\/afromedi\/wp-content\/uploads\/2024\/02\/Adama.png?fit=481%2C485&ssl=1","contentUrl":"https:\/\/i0.wp.com\/afrodad.org\/afromedi\/wp-content\/uploads\/2024\/02\/Adama.png?fit=481%2C485&ssl=1","width":481,"height":485},{"@type":"BreadcrumbList","@id":"https:\/\/afrodad.org\/afromedi\/fr\/elementor-13444\/#breadcrumb","itemListElement":[{"@type":"ListItem","position":1,"name":"Home","item":"https:\/\/afrodad.org\/afromedi\/"},{"@type":"ListItem","position":2,"name":"Speakers &#8211; French"}]},{"@type":"WebSite","@id":"https:\/\/afrodad.org\/afromedi\/#website","url":"https:\/\/afrodad.org\/afromedi\/","name":"AFROMEDI","description":"","publisher":{"@id":"https:\/\/afrodad.org\/afromedi\/#organization"},"potentialAction":[{"@type":"SearchAction","target":{"@type":"EntryPoint","urlTemplate":"https:\/\/afrodad.org\/afromedi\/?s={search_term_string}"},"query-input":{"@type":"PropertyValueSpecification","valueRequired":true,"valueName":"search_term_string"}}],"inLanguage":"en-US"},{"@type":"Organization","@id":"https:\/\/afrodad.org\/afromedi\/#organization","name":"AFROMEDI","url":"https:\/\/afrodad.org\/afromedi\/","logo":{"@type":"ImageObject","inLanguage":"en-US","@id":"https:\/\/afrodad.org\/afromedi\/#\/schema\/logo\/image\/","url":"https:\/\/i0.wp.com\/afrodad.org\/afromedi\/wp-content\/uploads\/2023\/03\/AFRODADs-logo-2.png?fit=196%2C109&ssl=1","contentUrl":"https:\/\/i0.wp.com\/afrodad.org\/afromedi\/wp-content\/uploads\/2023\/03\/AFRODADs-logo-2.png?fit=196%2C109&ssl=1","width":196,"height":109,"caption":"AFROMEDI"},"image":{"@id":"https:\/\/afrodad.org\/afromedi\/#\/schema\/logo\/image\/"}}]}},"jetpack_sharing_enabled":true,"_links":{"self":[{"href":"https:\/\/afrodad.org\/afromedi\/wp-json\/wp\/v2\/pages\/13444","targetHints":{"allow":["GET"]}}],"collection":[{"href":"https:\/\/afrodad.org\/afromedi\/wp-json\/wp\/v2\/pages"}],"about":[{"href":"https:\/\/afrodad.org\/afromedi\/wp-json\/wp\/v2\/types\/page"}],"author":[{"embeddable":true,"href":"https:\/\/afrodad.org\/afromedi\/wp-json\/wp\/v2\/users\/2"}],"replies":[{"embeddable":true,"href":"https:\/\/afrodad.org\/afromedi\/wp-json\/wp\/v2\/comments?post=13444"}],"version-history":[{"count":5,"href":"https:\/\/afrodad.org\/afromedi\/wp-json\/wp\/v2\/pages\/13444\/revisions"}],"predecessor-version":[{"id":14241,"href":"https:\/\/afrodad.org\/afromedi\/wp-json\/wp\/v2\/pages\/13444\/revisions\/14241"}],"wp:attachment":[{"href":"https:\/\/afrodad.org\/afromedi\/wp-json\/wp\/v2\/media?parent=13444"}],"curies":[{"name":"wp","href":"https:\/\/api.w.org\/{rel}","templated":true}]}}