{"id":13454,"date":"2024-02-25T19:12:24","date_gmt":"2024-02-25T19:12:24","guid":{"rendered":"https:\/\/afrodad.org\/afromedi\/?page_id=13454"},"modified":"2024-03-18T06:49:41","modified_gmt":"2024-03-18T06:49:41","slug":"elementor-13454","status":"publish","type":"page","link":"https:\/\/afrodad.org\/afromedi\/pt\/elementor-13454\/","title":{"rendered":"Speakers &#8211; Portuguese"},"content":{"rendered":"\t\t<div data-elementor-type=\"wp-page\" data-elementor-id=\"13454\" class=\"elementor elementor-13454\">\n\t\t\t\t\t\t<section data-particle_enable=\"false\" data-particle-mobile-disabled=\"false\" class=\"elementor-section elementor-top-section elementor-element elementor-element-34841a7 elementor-section-boxed elementor-section-height-default elementor-section-height-default\" data-id=\"34841a7\" data-element_type=\"section\" data-e-type=\"section\">\n\t\t\t\t\t\t<div class=\"elementor-container elementor-column-gap-no\">\n\t\t\t\t\t<div class=\"elementor-column elementor-col-100 elementor-top-column elementor-element elementor-element-172a094b\" data-id=\"172a094b\" data-element_type=\"column\" data-e-type=\"column\">\n\t\t\t<div class=\"elementor-widget-wrap elementor-element-populated\">\n\t\t\t\t\t\t<div class=\"elementor-element elementor-element-e235225 elementor-widget elementor-widget-elementskit-heading\" data-id=\"e235225\" data-element_type=\"widget\" data-e-type=\"widget\" data-widget_type=\"elementskit-heading.default\">\n\t\t\t\t<div class=\"elementor-widget-container\">\n\t\t\t\t\t<div class=\"ekit-wid-con\" ><div class=\"ekit-heading elementskit-section-title-wraper text_center   ekit_heading_tablet-   ekit_heading_mobile-\"><h3 class=\"ekit-heading--title elementskit-section-title \">ORADORES DA CONFER\u00caNCIA AFROMEDI IV<\/h3>\t\t\t\t<div class='ekit-heading__description'>\n\t\t\t\t\t<p>Aprenda em primeira m\u00e3o com os l\u00edderes da ind\u00fastria sobre a d\u00edvida e o desenvolvimento em \u00c1frica e a liga\u00e7\u00e3o \u00e0 Afrom\u00eddia.<\/p>\n\t\t\t\t<\/div>\n\t\t\t<\/div><\/div>\t\t\t\t<\/div>\n\t\t\t\t<\/div>\n\t\t<div data-particle_enable=\"false\" data-particle-mobile-disabled=\"false\" class=\"elementor-element elementor-element-0b9fa15 e-grid e-con-boxed e-con e-parent\" data-id=\"0b9fa15\" data-element_type=\"container\" data-e-type=\"container\" data-settings=\"{&quot;background_background&quot;:&quot;classic&quot;}\">\n\t\t\t\t\t<div class=\"e-con-inner\">\n\t\t<a class=\"eael-wrapper-link-b11c3c2 --eael-wrapper-link-tag\" href=\"https:\/\/afrodad.org\/afromedi\/pt\/hon-adama-pt\/\" target=\"_blank\"><\/a>\t\t<div data-eael-wrapper-link=\"eael-wrapper-link-b11c3c2\" class=\"elementor-element elementor-element-b11c3c2 eael-team-align-eael-team-align-default elementor-widget elementor-widget-eael-team-member\" data-id=\"b11c3c2\" data-element_type=\"widget\" data-e-type=\"widget\" data-widget_type=\"eael-team-member.default\">\n\t\t\t\t<div class=\"elementor-widget-container\">\n\t\t\t\t\t\n\n\t<div id=\"eael-team-member-b11c3c2\" class=\"eael-team-item eael-team-members-simple \">\n\t\t<div class=\"eael-team-item-inner\">\n\t\t\t<div class=\"eael-team-image\">\n\t\t\t\t<figure>\n\t\t\t\t\t\t\t\t\t\t<img decoding=\"async\" src=\"https:\/\/i0.wp.com\/afrodad.org\/afromedi\/wp-content\/uploads\/2024\/02\/Adama.png?fit=481%2C485&#038;ssl=1\" alt=\"\">\n\t\t\t\t\t\t\t\t\t<\/figure>\n\t\t\t\t\n\t\t\t\t\n\t\t\t<\/div>\n\n\t\t\t<div class=\"eael-team-content\">\n\t\t\t\t<h2 class=\"eael-team-member-name\">Exmo. Adama Coulibaly<\/h2><h3 class=\"eael-team-member-position\">Ministro da Economia e das Finan\u00e7as, Rep\u00fablica da Costa do Marfim<\/h3>\n\t\t\t\t\t\t\t\t\t\t\t\t\t\t<p class=\"eael-team-text\"><\/p>\n\t\t\t\t\t\t\t<\/div>\n\t\t<\/div>\n\t<\/div>\n\t\t\t\t\t<\/div>\n\t\t\t\t<\/div>\n\t\t<a class=\"eael-wrapper-link-52c09de --eael-wrapper-link-tag\" href=\"https:\/\/afrodad.org\/afromedi\/pt\/hon-amadou-pt\/\" target=\"_blank\"><\/a>\t\t<div data-eael-wrapper-link=\"eael-wrapper-link-52c09de\" class=\"elementor-element elementor-element-52c09de eael-team-align-eael-team-align-default elementor-widget elementor-widget-eael-team-member\" data-id=\"52c09de\" data-element_type=\"widget\" data-e-type=\"widget\" data-widget_type=\"eael-team-member.default\">\n\t\t\t\t<div class=\"elementor-widget-container\">\n\t\t\t\t\t\n\n\t<div id=\"eael-team-member-52c09de\" class=\"eael-team-item eael-team-members-simple \">\n\t\t<div class=\"eael-team-item-inner\">\n\t\t\t<div class=\"eael-team-image\">\n\t\t\t\t<figure>\n\t\t\t\t\t\t\t\t\t\t<img decoding=\"async\" src=\"https:\/\/i0.wp.com\/afrodad.org\/afromedi\/wp-content\/uploads\/2024\/02\/Amadou.png?fit=481%2C484&#038;ssl=1\" alt=\"\">\n\t\t\t\t\t\t\t\t\t<\/figure>\n\t\t\t\t\n\t\t\t\t\n\t\t\t<\/div>\n\n\t\t\t<div class=\"eael-team-content\">\n\t\t\t\t<h2 class=\"eael-team-member-name\">Exmo. Amadou Coulibaly<\/h2><h3 class=\"eael-team-member-position\">Ministro da Comunica\u00e7\u00e3o e da Economia Digital &amp; Porta-voz do Governo, Rep\u00fablica da Costa do Marfim<\/h3>\n\t\t\t\t\t\t\t\t\t\t\t\t\t\t<p class=\"eael-team-text\"><\/p>\n\t\t\t\t\t\t\t<\/div>\n\t\t<\/div>\n\t<\/div>\n\t\t\t\t\t<\/div>\n\t\t\t\t<\/div>\n\t\t<a class=\"eael-wrapper-link-9a6b48a --eael-wrapper-link-tag\" href=\"https:\/\/afrodad.org\/afromedi\/pt\/jean-pt\/\" target=\"_blank\"><\/a>\t\t<div data-eael-wrapper-link=\"eael-wrapper-link-9a6b48a\" class=\"elementor-element elementor-element-9a6b48a eael-team-align-eael-team-align-default elementor-widget elementor-widget-eael-team-member\" data-id=\"9a6b48a\" data-element_type=\"widget\" data-e-type=\"widget\" data-widget_type=\"eael-team-member.default\">\n\t\t\t\t<div class=\"elementor-widget-container\">\n\t\t\t\t\t\n\n\t<div id=\"eael-team-member-9a6b48a\" class=\"eael-team-item eael-team-members-simple \">\n\t\t<div class=\"eael-team-item-inner\">\n\t\t\t<div class=\"eael-team-image\">\n\t\t\t\t<figure>\n\t\t\t\t\t\t\t\t\t\t<img decoding=\"async\" src=\"https:\/\/i0.wp.com\/afrodad.org\/afromedi\/wp-content\/uploads\/2024\/02\/President-UNCJI.png?fit=481%2C485&#038;ssl=1\" alt=\"\">\n\t\t\t\t\t\t\t\t\t<\/figure>\n\t\t\t\t\n\t\t\t\t\n\t\t\t<\/div>\n\n\t\t\t<div class=\"eael-team-content\">\n\t\t\t\t<h2 class=\"eael-team-member-name\">Jean Claude<\/h2><h3 class=\"eael-team-member-position\">O presidente da Uni\u00e3o Nacional dos Jornalistas da Costa do Marfim (UNJCI)<\/h3>\n\t\t\t\t\t\t\t\t\t\t\t\t\t\t<p class=\"eael-team-text\"><\/p>\n\t\t\t\t\t\t\t<\/div>\n\t\t<\/div>\n\t<\/div>\n\t\t\t\t\t<\/div>\n\t\t\t\t<\/div>\n\t\t<a class=\"eael-wrapper-link-7c2bc6e --eael-wrapper-link-tag\" href=\"https:\/\/afrodad.org\/afromedi\/pt\/fidelite-pt\/\"><\/a>\t\t<div data-eael-wrapper-link=\"eael-wrapper-link-7c2bc6e\" class=\"elementor-element elementor-element-7c2bc6e eael-team-align-eael-team-align-default elementor-widget elementor-widget-eael-team-member\" data-id=\"7c2bc6e\" data-element_type=\"widget\" data-e-type=\"widget\" data-widget_type=\"eael-team-member.default\">\n\t\t\t\t<div class=\"elementor-widget-container\">\n\t\t\t\t\t\n\n\t<div id=\"eael-team-member-7c2bc6e\" class=\"eael-team-item eael-team-members-simple \">\n\t\t<div class=\"eael-team-item-inner\">\n\t\t\t<div class=\"eael-team-image\">\n\t\t\t\t<figure>\n\t\t\t\t\t\t\t\t\t\t<img decoding=\"async\" src=\"https:\/\/i0.wp.com\/afrodad.org\/afromedi\/wp-content\/uploads\/2024\/02\/Fidelite.png?fit=481%2C485&#038;ssl=1\" alt=\"\">\n\t\t\t\t\t\t\t\t\t<\/figure>\n\t\t\t\t\n\t\t\t\t\n\t\t\t<\/div>\n\n\t\t\t<div class=\"eael-team-content\">\n\t\t\t\t<h2 class=\"eael-team-member-name\">Fid\u00e9lit\u00e9 Nshimiyimana  <\/h2><h3 class=\"eael-team-member-position\"> de Campanhas e Comunica\u00e7\u00e3o, AFRODAD<\/h3>\n\t\t\t\t\t\t\t\t\t\t\t\t\t\t<p class=\"eael-team-text\"><\/p>\n\t\t\t\t\t\t\t<\/div>\n\t\t<\/div>\n\t<\/div>\n\t\t\t\t\t<\/div>\n\t\t\t\t<\/div>\n\t\t<a class=\"eael-wrapper-link-0261fbc --eael-wrapper-link-tag\" href=\"https:\/\/afrodad.org\/afromedi\/pt\/drlyla-pt\/\" target=\"_blank\"><\/a>\t\t<div data-eael-wrapper-link=\"eael-wrapper-link-0261fbc\" class=\"elementor-element elementor-element-0261fbc eael-team-align-eael-team-align-default elementor-widget elementor-widget-eael-team-member\" data-id=\"0261fbc\" data-element_type=\"widget\" data-e-type=\"widget\" data-widget_type=\"eael-team-member.default\">\n\t\t\t\t<div class=\"elementor-widget-container\">\n\t\t\t\t\t\n\n\t<div id=\"eael-team-member-0261fbc\" class=\"eael-team-item eael-team-members-simple \">\n\t\t<div class=\"eael-team-item-inner\">\n\t\t\t<div class=\"eael-team-image\">\n\t\t\t\t<figure>\n\t\t\t\t\t\t\t\t\t\t<img decoding=\"async\" src=\"https:\/\/i0.wp.com\/afrodad.org\/afromedi\/wp-content\/uploads\/2024\/02\/Asset-15.png?fit=346%2C349&#038;ssl=1\" alt=\"\">\n\t\t\t\t\t\t\t\t\t<\/figure>\n\t\t\t\t\n\t\t\t\t\n\t\t\t<\/div>\n\n\t\t\t<div class=\"eael-team-content\">\n\t\t\t\t<h2 class=\"eael-team-member-name\">Dr. Lyla Latif<\/h2><h3 class=\"eael-team-member-position\">Advogado, Comiss\u00e1rio respons\u00e1vel pelos juramentos, Not\u00e1rio p\u00fablico<\/h3>\n\t\t\t\t\t\t\t\t\t\t\t\t\t\t<p class=\"eael-team-text\"><\/p>\n\t\t\t\t\t\t\t<\/div>\n\t\t<\/div>\n\t<\/div>\n\t\t\t\t\t<\/div>\n\t\t\t\t<\/div>\n\t\t<a class=\"eael-wrapper-link-453a5fc --eael-wrapper-link-tag\" href=\"https:\/\/afrodad.org\/afromedi\/pt\/victoria-pt\/\" target=\"_blank\"><\/a>\t\t<div data-eael-wrapper-link=\"eael-wrapper-link-453a5fc\" class=\"elementor-element elementor-element-453a5fc eael-team-align-eael-team-align-default elementor-widget elementor-widget-eael-team-member\" data-id=\"453a5fc\" data-element_type=\"widget\" data-e-type=\"widget\" data-widget_type=\"eael-team-member.default\">\n\t\t\t\t<div class=\"elementor-widget-container\">\n\t\t\t\t\t\n\n\t<div id=\"eael-team-member-453a5fc\" class=\"eael-team-item eael-team-members-simple \">\n\t\t<div class=\"eael-team-item-inner\">\n\t\t\t<div class=\"eael-team-image\">\n\t\t\t\t<figure>\n\t\t\t\t\t\t\t\t\t\t<img decoding=\"async\" src=\"https:\/\/i0.wp.com\/afrodad.org\/afromedi\/wp-content\/uploads\/2024\/02\/Victoria.png?fit=481%2C486&#038;ssl=1\" alt=\"\">\n\t\t\t\t\t\t\t\t\t<\/figure>\n\t\t\t\t\n\t\t\t\t\n\t\t\t<\/div>\n\n\t\t\t<div class=\"eael-team-content\">\n\t\t\t\t<h2 class=\"eael-team-member-name\">Victoria Rubadiri<\/h2><h3 class=\"eael-team-member-position\">Jornalista e apresentadora de TV na Citizen TV, vencedora do Pr\u00eamio Komla Dumor 2020 da BBC World News<\/h3>\n\t\t\t\t\t\t\t\t\t\t\t\t\t\t<p class=\"eael-team-text\"><\/p>\n\t\t\t\t\t\t\t<\/div>\n\t\t<\/div>\n\t<\/div>\n\t\t\t\t\t<\/div>\n\t\t\t\t<\/div>\n\t\t<a class=\"eael-wrapper-link-90ef00f --eael-wrapper-link-tag\" href=\"https:\/\/afrodad.org\/afromedi\/pt\/adwoa-pt\/\" target=\"_blank\"><\/a>\t\t<div data-eael-wrapper-link=\"eael-wrapper-link-90ef00f\" class=\"elementor-element elementor-element-90ef00f eael-team-align-eael-team-align-default elementor-widget elementor-widget-eael-team-member\" data-id=\"90ef00f\" data-element_type=\"widget\" data-e-type=\"widget\" data-widget_type=\"eael-team-member.default\">\n\t\t\t\t<div class=\"elementor-widget-container\">\n\t\t\t\t\t\n\n\t<div id=\"eael-team-member-90ef00f\" class=\"eael-team-item eael-team-members-simple \">\n\t\t<div class=\"eael-team-item-inner\">\n\t\t\t<div class=\"eael-team-image\">\n\t\t\t\t<figure>\n\t\t\t\t\t\t\t\t\t\t<img decoding=\"async\" src=\"https:\/\/i0.wp.com\/afrodad.org\/afromedi\/wp-content\/uploads\/2024\/02\/Asset-14.png?fit=347%2C349&#038;ssl=1\" alt=\"\">\n\t\t\t\t\t\t\t\t\t<\/figure>\n\t\t\t\t\n\t\t\t\t\n\t\t\t<\/div>\n\n\t\t\t<div class=\"eael-team-content\">\n\t\t\t\t<h2 class=\"eael-team-member-name\">Adwoa Adobea-Owusu<\/h2><h3 class=\"eael-team-member-position\">Jornalista investigativo<\/h3>\n\t\t\t\t\t\t\t\t\t\t\t\t\t\t<p class=\"eael-team-text\"><\/p>\n\t\t\t\t\t\t\t<\/div>\n\t\t<\/div>\n\t<\/div>\n\t\t\t\t\t<\/div>\n\t\t\t\t<\/div>\n\t\t<a class=\"eael-wrapper-link-f841583 --eael-wrapper-link-tag\" href=\"https:\/\/afrodad.org\/afromedi\/pt\/ann-marie-pt\/\" target=\"_blank\"><\/a>\t\t<div data-eael-wrapper-link=\"eael-wrapper-link-f841583\" class=\"elementor-element elementor-element-f841583 eael-team-align-eael-team-align-default elementor-widget elementor-widget-eael-team-member\" data-id=\"f841583\" data-element_type=\"widget\" data-e-type=\"widget\" data-widget_type=\"eael-team-member.default\">\n\t\t\t\t<div class=\"elementor-widget-container\">\n\t\t\t\t\t\n\n\t<div id=\"eael-team-member-f841583\" class=\"eael-team-item eael-team-members-simple \">\n\t\t<div class=\"eael-team-item-inner\">\n\t\t\t<div class=\"eael-team-image\">\n\t\t\t\t<figure>\n\t\t\t\t\t\t\t\t\t\t<img decoding=\"async\" src=\"https:\/\/i0.wp.com\/afrodad.org\/afromedi\/wp-content\/uploads\/2024\/03\/Ann-Marie.png?fit=481%2C482&#038;ssl=1\" alt=\"\">\n\t\t\t\t\t\t\t\t\t<\/figure>\n\t\t\t\t\n\t\t\t\t\n\t\t\t<\/div>\n\n\t\t\t<div class=\"eael-team-content\">\n\t\t\t\t<h2 class=\"eael-team-member-name\">Anne-Marie Dias Borges<\/h2><h3 class=\"eael-team-member-position\">Especialista em M\u00eddias, Ex-Jornalista S\u00eanior de Transmiss\u00e3o<\/h3>\n\t\t\t\t\t\t\t\t\t\t\t\t\t\t<p class=\"eael-team-text\"><\/p>\n\t\t\t\t\t\t\t<\/div>\n\t\t<\/div>\n\t<\/div>\n\t\t\t\t\t<\/div>\n\t\t\t\t<\/div>\n\t\t<a class=\"eael-wrapper-link-ce76140 --eael-wrapper-link-tag\" href=\"https:\/\/afrodad.org\/afromedi\/pt\/lurit-pt\/\" target=\"_blank\"><\/a>\t\t<div data-eael-wrapper-link=\"eael-wrapper-link-ce76140\" class=\"elementor-element elementor-element-ce76140 eael-team-align-eael-team-align-default elementor-widget elementor-widget-eael-team-member\" data-id=\"ce76140\" data-element_type=\"widget\" data-e-type=\"widget\" data-widget_type=\"eael-team-member.default\">\n\t\t\t\t<div class=\"elementor-widget-container\">\n\t\t\t\t\t\n\n\t<div id=\"eael-team-member-ce76140\" class=\"eael-team-item eael-team-members-simple \">\n\t\t<div class=\"eael-team-item-inner\">\n\t\t\t<div class=\"eael-team-image\">\n\t\t\t\t<figure>\n\t\t\t\t\t\t\t\t\t\t<img decoding=\"async\" src=\"https:\/\/i0.wp.com\/afrodad.org\/afromedi\/wp-content\/uploads\/2024\/03\/lurit.png?fit=481%2C483&#038;ssl=1\" alt=\"\">\n\t\t\t\t\t\t\t\t\t<\/figure>\n\t\t\t\t\n\t\t\t\t\n\t\t\t<\/div>\n\n\t\t\t<div class=\"eael-team-content\">\n\t\t\t\t<h2 class=\"eael-team-member-name\">LURIT YUGUSUK<\/h2><h3 class=\"eael-team-member-position\">Assistente de Justi\u00e7a Econ\u00f4mica,Rede de Desenvolvimento e Comunica\u00e7\u00f5es das Mulheres Africanas (FEMNET)<\/h3>\n\t\t\t\t\t\t\t\t\t\t\t\t\t\t<p class=\"eael-team-text\"><\/p>\n\t\t\t\t\t\t\t<\/div>\n\t\t<\/div>\n\t<\/div>\n\t\t\t\t\t<\/div>\n\t\t\t\t<\/div>\n\t\t<a class=\"eael-wrapper-link-8605283 --eael-wrapper-link-tag\" href=\"https:\/\/afrodad.org\/afromedi\/pt\/shem-pt\/\" target=\"_blank\"><\/a>\t\t<div data-eael-wrapper-link=\"eael-wrapper-link-8605283\" class=\"elementor-element elementor-element-8605283 eael-team-align-eael-team-align-default elementor-widget elementor-widget-eael-team-member\" data-id=\"8605283\" data-element_type=\"widget\" data-e-type=\"widget\" data-widget_type=\"eael-team-member.default\">\n\t\t\t\t<div class=\"elementor-widget-container\">\n\t\t\t\t\t\n\n\t<div id=\"eael-team-member-8605283\" class=\"eael-team-item eael-team-members-simple \">\n\t\t<div class=\"eael-team-item-inner\">\n\t\t\t<div class=\"eael-team-image\">\n\t\t\t\t<figure>\n\t\t\t\t\t\t\t\t\t\t<img decoding=\"async\" src=\"https:\/\/i0.wp.com\/afrodad.org\/afromedi\/wp-content\/uploads\/2024\/03\/Shem.png?fit=481%2C482&#038;ssl=1\" alt=\"\">\n\t\t\t\t\t\t\t\t\t<\/figure>\n\t\t\t\t\n\t\t\t\t\n\t\t\t<\/div>\n\n\t\t\t<div class=\"eael-team-content\">\n\t\t\t\t<h2 class=\"eael-team-member-name\">SHEM JOSHUA<\/h2><h3 class=\"eael-team-member-position\">Analista de Pol\u00edticas e Oficial de Advocacia, Portf\u00f3lio de Gest\u00e3o da D\u00edvida Soberana, AFRODAD<\/h3>\n\t\t\t\t\t\t\t\t\t\t\t\t\t\t<p class=\"eael-team-text\"><\/p>\n\t\t\t\t\t\t\t<\/div>\n\t\t<\/div>\n\t<\/div>\n\t\t\t\t\t<\/div>\n\t\t\t\t<\/div>\n\t\t<a class=\"eael-wrapper-link-f9fc67f --eael-wrapper-link-tag\" href=\"https:\/\/afrodad.org\/afromedi\/lurit\/\" target=\"_blank\"><\/a>\t\t<div data-eael-wrapper-link=\"eael-wrapper-link-f9fc67f\" class=\"elementor-element elementor-element-f9fc67f eael-team-align-eael-team-align-default elementor-widget elementor-widget-eael-team-member\" data-id=\"f9fc67f\" data-element_type=\"widget\" data-e-type=\"widget\" data-widget_type=\"eael-team-member.default\">\n\t\t\t\t<div class=\"elementor-widget-container\">\n\t\t\t\t\t\n\n\t<div id=\"eael-team-member-f9fc67f\" class=\"eael-team-item eael-team-members-simple \">\n\t\t<div class=\"eael-team-item-inner\">\n\t\t\t<div class=\"eael-team-image\">\n\t\t\t\t<figure>\n\t\t\t\t\t\t\t\t\t\t<img decoding=\"async\" src=\"https:\/\/i0.wp.com\/afrodad.org\/afromedi\/wp-content\/uploads\/2024\/03\/elie.png?fit=480%2C484&#038;ssl=1\" alt=\"\">\n\t\t\t\t\t\t\t\t\t<\/figure>\n\t\t\t\t\n\t\t\t\t\n\t\t\t<\/div>\n\n\t\t\t<div class=\"eael-team-content\">\n\t\t\t\t<h2 class=\"eael-team-member-name\">ELIE KABORE<\/h2><h3 class=\"eael-team-member-position\">Investigative Reporter, Burkina Faso<\/h3>\n\t\t\t\t\t\t\t\t\t\t\t\t\t\t<p class=\"eael-team-text\"><\/p>\n\t\t\t\t\t\t\t<\/div>\n\t\t<\/div>\n\t<\/div>\n\t\t\t\t\t<\/div>\n\t\t\t\t<\/div>\n\t\t\t\t\t<\/div>\n\t\t\t\t<\/div>\n\t\t\t\t\t<\/div>\n\t\t<\/div>\n\t\t\t\t\t<\/div>\n\t\t<\/section>\n\t\t\t\t<\/div>\n\t\t","protected":false},"excerpt":{"rendered":"<p>ORADORES DA CONFER\u00caNCIA AFROMEDI IV Aprenda em primeira m\u00e3o com os l\u00edderes da ind\u00fastria sobre a d\u00edvida e o desenvolvimento em \u00c1frica e a liga\u00e7\u00e3o \u00e0 Afrom\u00eddia. Exmo. Adama Coulibaly Ministro da Economia e das Finan\u00e7as, Rep\u00fablica da Costa do Marfim Exmo. Amadou Coulibaly Ministro da Comunica\u00e7\u00e3o e da Economia Digital &amp; Porta-voz do Governo, [&hellip;]<\/p>\n","protected":false},"author":2,"featured_media":0,"parent":0,"menu_order":0,"comment_status":"closed","ping_status":"closed","template":"","meta":{"nf_dc_page":"","footnotes":""},"class_list":["post-13454","page","type-page","status-publish","hentry"],"yoast_head":"<!-- This site is optimized with the Yoast SEO plugin v27.4 - https:\/\/yoast.com\/product\/yoast-seo-wordpress\/ -->\n<title>Speakers - Portuguese - AFROMEDI<\/title>\n<meta name=\"robots\" content=\"index, follow, max-snippet:-1, max-image-preview:large, max-video-preview:-1\" \/>\n<link rel=\"canonical\" href=\"https:\/\/afrodad.org\/afromedi\/pt\/elementor-13454\/\" \/>\n<meta property=\"og:locale\" content=\"en_US\" \/>\n<meta property=\"og:type\" content=\"article\" \/>\n<meta property=\"og:title\" content=\"Speakers - Portuguese - AFROMEDI\" \/>\n<meta property=\"og:description\" content=\"ORADORES DA CONFER\u00caNCIA AFROMEDI IV Aprenda em primeira m\u00e3o com os l\u00edderes da ind\u00fastria sobre a d\u00edvida e o desenvolvimento em \u00c1frica e a liga\u00e7\u00e3o \u00e0 Afrom\u00eddia. Exmo. Adama Coulibaly Ministro da Economia e das Finan\u00e7as, Rep\u00fablica da Costa do Marfim Exmo. Amadou Coulibaly Ministro da Comunica\u00e7\u00e3o e da Economia Digital &amp; Porta-voz do Governo, [&hellip;]\" \/>\n<meta property=\"og:url\" content=\"https:\/\/afrodad.org\/afromedi\/pt\/elementor-13454\/\" \/>\n<meta property=\"og:site_name\" content=\"AFROMEDI\" \/>\n<meta property=\"article:modified_time\" content=\"2024-03-18T06:49:41+00:00\" \/>\n<meta property=\"og:image\" content=\"https:\/\/afrodad.org\/afromedi\/wp-content\/uploads\/2024\/02\/Adama.png\" \/>\n<meta name=\"twitter:card\" content=\"summary_large_image\" \/>\n<meta name=\"twitter:label1\" content=\"Est. reading time\" \/>\n\t<meta name=\"twitter:data1\" content=\"3 minutes\" \/>\n<script type=\"application\/ld+json\" class=\"yoast-schema-graph\">{\"@context\":\"https:\\\/\\\/schema.org\",\"@graph\":[{\"@type\":\"WebPage\",\"@id\":\"https:\\\/\\\/afrodad.org\\\/afromedi\\\/pt\\\/elementor-13454\\\/\",\"url\":\"https:\\\/\\\/afrodad.org\\\/afromedi\\\/pt\\\/elementor-13454\\\/\",\"name\":\"Speakers - Portuguese - AFROMEDI\",\"isPartOf\":{\"@id\":\"https:\\\/\\\/afrodad.org\\\/afromedi\\\/#website\"},\"primaryImageOfPage\":{\"@id\":\"https:\\\/\\\/afrodad.org\\\/afromedi\\\/pt\\\/elementor-13454\\\/#primaryimage\"},\"image\":{\"@id\":\"https:\\\/\\\/afrodad.org\\\/afromedi\\\/pt\\\/elementor-13454\\\/#primaryimage\"},\"thumbnailUrl\":\"https:\\\/\\\/afrodad.org\\\/afromedi\\\/wp-content\\\/uploads\\\/2024\\\/02\\\/Adama.png\",\"datePublished\":\"2024-02-25T19:12:24+00:00\",\"dateModified\":\"2024-03-18T06:49:41+00:00\",\"breadcrumb\":{\"@id\":\"https:\\\/\\\/afrodad.org\\\/afromedi\\\/pt\\\/elementor-13454\\\/#breadcrumb\"},\"inLanguage\":\"en-US\",\"potentialAction\":[{\"@type\":\"ReadAction\",\"target\":[\"https:\\\/\\\/afrodad.org\\\/afromedi\\\/pt\\\/elementor-13454\\\/\"]}]},{\"@type\":\"ImageObject\",\"inLanguage\":\"en-US\",\"@id\":\"https:\\\/\\\/afrodad.org\\\/afromedi\\\/pt\\\/elementor-13454\\\/#primaryimage\",\"url\":\"https:\\\/\\\/i0.wp.com\\\/afrodad.org\\\/afromedi\\\/wp-content\\\/uploads\\\/2024\\\/02\\\/Adama.png?fit=481%2C485&ssl=1\",\"contentUrl\":\"https:\\\/\\\/i0.wp.com\\\/afrodad.org\\\/afromedi\\\/wp-content\\\/uploads\\\/2024\\\/02\\\/Adama.png?fit=481%2C485&ssl=1\",\"width\":481,\"height\":485},{\"@type\":\"BreadcrumbList\",\"@id\":\"https:\\\/\\\/afrodad.org\\\/afromedi\\\/pt\\\/elementor-13454\\\/#breadcrumb\",\"itemListElement\":[{\"@type\":\"ListItem\",\"position\":1,\"name\":\"Home\",\"item\":\"https:\\\/\\\/afrodad.org\\\/afromedi\\\/\"},{\"@type\":\"ListItem\",\"position\":2,\"name\":\"Speakers &#8211; Portuguese\"}]},{\"@type\":\"WebSite\",\"@id\":\"https:\\\/\\\/afrodad.org\\\/afromedi\\\/#website\",\"url\":\"https:\\\/\\\/afrodad.org\\\/afromedi\\\/\",\"name\":\"AFROMEDI\",\"description\":\"\",\"publisher\":{\"@id\":\"https:\\\/\\\/afrodad.org\\\/afromedi\\\/#organization\"},\"potentialAction\":[{\"@type\":\"SearchAction\",\"target\":{\"@type\":\"EntryPoint\",\"urlTemplate\":\"https:\\\/\\\/afrodad.org\\\/afromedi\\\/?s={search_term_string}\"},\"query-input\":{\"@type\":\"PropertyValueSpecification\",\"valueRequired\":true,\"valueName\":\"search_term_string\"}}],\"inLanguage\":\"en-US\"},{\"@type\":\"Organization\",\"@id\":\"https:\\\/\\\/afrodad.org\\\/afromedi\\\/#organization\",\"name\":\"AFROMEDI\",\"url\":\"https:\\\/\\\/afrodad.org\\\/afromedi\\\/\",\"logo\":{\"@type\":\"ImageObject\",\"inLanguage\":\"en-US\",\"@id\":\"https:\\\/\\\/afrodad.org\\\/afromedi\\\/#\\\/schema\\\/logo\\\/image\\\/\",\"url\":\"https:\\\/\\\/i0.wp.com\\\/afrodad.org\\\/afromedi\\\/wp-content\\\/uploads\\\/2023\\\/03\\\/AFRODADs-logo-2.png?fit=196%2C109&ssl=1\",\"contentUrl\":\"https:\\\/\\\/i0.wp.com\\\/afrodad.org\\\/afromedi\\\/wp-content\\\/uploads\\\/2023\\\/03\\\/AFRODADs-logo-2.png?fit=196%2C109&ssl=1\",\"width\":196,\"height\":109,\"caption\":\"AFROMEDI\"},\"image\":{\"@id\":\"https:\\\/\\\/afrodad.org\\\/afromedi\\\/#\\\/schema\\\/logo\\\/image\\\/\"}}]}<\/script>\n<!-- \/ Yoast SEO plugin. -->","yoast_head_json":{"title":"Speakers - Portuguese - AFROMEDI","robots":{"index":"index","follow":"follow","max-snippet":"max-snippet:-1","max-image-preview":"max-image-preview:large","max-video-preview":"max-video-preview:-1"},"canonical":"https:\/\/afrodad.org\/afromedi\/pt\/elementor-13454\/","og_locale":"en_US","og_type":"article","og_title":"Speakers - Portuguese - AFROMEDI","og_description":"ORADORES DA CONFER\u00caNCIA AFROMEDI IV Aprenda em primeira m\u00e3o com os l\u00edderes da ind\u00fastria sobre a d\u00edvida e o desenvolvimento em \u00c1frica e a liga\u00e7\u00e3o \u00e0 Afrom\u00eddia. Exmo. Adama Coulibaly Ministro da Economia e das Finan\u00e7as, Rep\u00fablica da Costa do Marfim Exmo. Amadou Coulibaly Ministro da Comunica\u00e7\u00e3o e da Economia Digital &amp; Porta-voz do Governo, [&hellip;]","og_url":"https:\/\/afrodad.org\/afromedi\/pt\/elementor-13454\/","og_site_name":"AFROMEDI","article_modified_time":"2024-03-18T06:49:41+00:00","og_image":[{"url":"https:\/\/afrodad.org\/afromedi\/wp-content\/uploads\/2024\/02\/Adama.png","type":"","width":"","height":""}],"twitter_card":"summary_large_image","twitter_misc":{"Est. reading time":"3 minutes"},"schema":{"@context":"https:\/\/schema.org","@graph":[{"@type":"WebPage","@id":"https:\/\/afrodad.org\/afromedi\/pt\/elementor-13454\/","url":"https:\/\/afrodad.org\/afromedi\/pt\/elementor-13454\/","name":"Speakers - Portuguese - AFROMEDI","isPartOf":{"@id":"https:\/\/afrodad.org\/afromedi\/#website"},"primaryImageOfPage":{"@id":"https:\/\/afrodad.org\/afromedi\/pt\/elementor-13454\/#primaryimage"},"image":{"@id":"https:\/\/afrodad.org\/afromedi\/pt\/elementor-13454\/#primaryimage"},"thumbnailUrl":"https:\/\/afrodad.org\/afromedi\/wp-content\/uploads\/2024\/02\/Adama.png","datePublished":"2024-02-25T19:12:24+00:00","dateModified":"2024-03-18T06:49:41+00:00","breadcrumb":{"@id":"https:\/\/afrodad.org\/afromedi\/pt\/elementor-13454\/#breadcrumb"},"inLanguage":"en-US","potentialAction":[{"@type":"ReadAction","target":["https:\/\/afrodad.org\/afromedi\/pt\/elementor-13454\/"]}]},{"@type":"ImageObject","inLanguage":"en-US","@id":"https:\/\/afrodad.org\/afromedi\/pt\/elementor-13454\/#primaryimage","url":"https:\/\/i0.wp.com\/afrodad.org\/afromedi\/wp-content\/uploads\/2024\/02\/Adama.png?fit=481%2C485&ssl=1","contentUrl":"https:\/\/i0.wp.com\/afrodad.org\/afromedi\/wp-content\/uploads\/2024\/02\/Adama.png?fit=481%2C485&ssl=1","width":481,"height":485},{"@type":"BreadcrumbList","@id":"https:\/\/afrodad.org\/afromedi\/pt\/elementor-13454\/#breadcrumb","itemListElement":[{"@type":"ListItem","position":1,"name":"Home","item":"https:\/\/afrodad.org\/afromedi\/"},{"@type":"ListItem","position":2,"name":"Speakers &#8211; Portuguese"}]},{"@type":"WebSite","@id":"https:\/\/afrodad.org\/afromedi\/#website","url":"https:\/\/afrodad.org\/afromedi\/","name":"AFROMEDI","description":"","publisher":{"@id":"https:\/\/afrodad.org\/afromedi\/#organization"},"potentialAction":[{"@type":"SearchAction","target":{"@type":"EntryPoint","urlTemplate":"https:\/\/afrodad.org\/afromedi\/?s={search_term_string}"},"query-input":{"@type":"PropertyValueSpecification","valueRequired":true,"valueName":"search_term_string"}}],"inLanguage":"en-US"},{"@type":"Organization","@id":"https:\/\/afrodad.org\/afromedi\/#organization","name":"AFROMEDI","url":"https:\/\/afrodad.org\/afromedi\/","logo":{"@type":"ImageObject","inLanguage":"en-US","@id":"https:\/\/afrodad.org\/afromedi\/#\/schema\/logo\/image\/","url":"https:\/\/i0.wp.com\/afrodad.org\/afromedi\/wp-content\/uploads\/2023\/03\/AFRODADs-logo-2.png?fit=196%2C109&ssl=1","contentUrl":"https:\/\/i0.wp.com\/afrodad.org\/afromedi\/wp-content\/uploads\/2023\/03\/AFRODADs-logo-2.png?fit=196%2C109&ssl=1","width":196,"height":109,"caption":"AFROMEDI"},"image":{"@id":"https:\/\/afrodad.org\/afromedi\/#\/schema\/logo\/image\/"}}]}},"jetpack_sharing_enabled":true,"_links":{"self":[{"href":"https:\/\/afrodad.org\/afromedi\/wp-json\/wp\/v2\/pages\/13454","targetHints":{"allow":["GET"]}}],"collection":[{"href":"https:\/\/afrodad.org\/afromedi\/wp-json\/wp\/v2\/pages"}],"about":[{"href":"https:\/\/afrodad.org\/afromedi\/wp-json\/wp\/v2\/types\/page"}],"author":[{"embeddable":true,"href":"https:\/\/afrodad.org\/afromedi\/wp-json\/wp\/v2\/users\/2"}],"replies":[{"embeddable":true,"href":"https:\/\/afrodad.org\/afromedi\/wp-json\/wp\/v2\/comments?post=13454"}],"version-history":[{"count":5,"href":"https:\/\/afrodad.org\/afromedi\/wp-json\/wp\/v2\/pages\/13454\/revisions"}],"predecessor-version":[{"id":14265,"href":"https:\/\/afrodad.org\/afromedi\/wp-json\/wp\/v2\/pages\/13454\/revisions\/14265"}],"wp:attachment":[{"href":"https:\/\/afrodad.org\/afromedi\/wp-json\/wp\/v2\/media?parent=13454"}],"curies":[{"name":"wp","href":"https:\/\/api.w.org\/{rel}","templated":true}]}}