{"id":13652,"date":"2024-03-14T04:02:15","date_gmt":"2024-03-14T04:02:15","guid":{"rendered":"https:\/\/afrodad.org\/afromedi\/?page_id=13652"},"modified":"2024-03-18T03:53:04","modified_gmt":"2024-03-18T03:53:04","slug":"adwoa-fr","status":"publish","type":"page","link":"https:\/\/afrodad.org\/afromedi\/fr\/adwoa-fr\/","title":{"rendered":"ADWOA FR"},"content":{"rendered":"\t\t<div data-elementor-type=\"wp-page\" data-elementor-id=\"13652\" class=\"elementor elementor-13652\">\n\t\t\t\t\t\t<section data-particle_enable=\"false\" data-particle-mobile-disabled=\"false\" class=\"elementor-section elementor-top-section elementor-element elementor-element-17de9904 elementor-section-boxed elementor-section-height-default elementor-section-height-default\" data-id=\"17de9904\" data-element_type=\"section\" data-e-type=\"section\">\n\t\t\t\t\t\t\t<div class=\"elementor-background-overlay\"><\/div>\n\t\t\t\t\t\t\t<div class=\"elementor-container elementor-column-gap-no\">\n\t\t\t\t\t<div class=\"elementor-column elementor-col-50 elementor-top-column elementor-element elementor-element-1ceaf4a0\" data-id=\"1ceaf4a0\" data-element_type=\"column\" data-e-type=\"column\">\n\t\t\t<div class=\"elementor-widget-wrap elementor-element-populated\">\n\t\t\t\t\t\t<section data-particle_enable=\"false\" data-particle-mobile-disabled=\"false\" class=\"elementor-section elementor-inner-section elementor-element elementor-element-229eb423 elementor-section-boxed elementor-section-height-default elementor-section-height-default\" data-id=\"229eb423\" data-element_type=\"section\" data-e-type=\"section\" data-settings=\"{&quot;background_background&quot;:&quot;gradient&quot;}\">\n\t\t\t\t\t\t\t<div class=\"elementor-background-overlay\"><\/div>\n\t\t\t\t\t\t\t<div class=\"elementor-container elementor-column-gap-no\">\n\t\t\t\t\t<div class=\"elementor-column elementor-col-100 elementor-inner-column elementor-element elementor-element-1b2a970c\" data-id=\"1b2a970c\" data-element_type=\"column\" data-e-type=\"column\" data-settings=\"{&quot;background_background&quot;:&quot;classic&quot;}\">\n\t\t\t<div class=\"elementor-widget-wrap elementor-element-populated\">\n\t\t\t\t\t<div class=\"elementor-background-overlay\"><\/div>\n\t\t\t\t\t\t<div class=\"elementor-element elementor-element-784eb97b elementor-widget elementor-widget-image\" data-id=\"784eb97b\" data-element_type=\"widget\" data-e-type=\"widget\" data-widget_type=\"image.default\">\n\t\t\t\t<div class=\"elementor-widget-container\">\n\t\t\t\t\t\t\t\t\t\t\t\t\t\t\t<img fetchpriority=\"high\" decoding=\"async\" width=\"300\" height=\"236\" src=\"https:\/\/i0.wp.com\/afrodad.org\/afromedi\/wp-content\/uploads\/2024\/03\/ADWOA-ADOBEA-OWUSU-1.png?fit=300%2C236&amp;ssl=1\" class=\"attachment-medium size-medium wp-image-13620\" alt=\"\" srcset=\"https:\/\/i0.wp.com\/afrodad.org\/afromedi\/wp-content\/uploads\/2024\/03\/ADWOA-ADOBEA-OWUSU-1.png?w=1064&amp;ssl=1 1064w, https:\/\/i0.wp.com\/afrodad.org\/afromedi\/wp-content\/uploads\/2024\/03\/ADWOA-ADOBEA-OWUSU-1.png?resize=300%2C236&amp;ssl=1 300w, https:\/\/i0.wp.com\/afrodad.org\/afromedi\/wp-content\/uploads\/2024\/03\/ADWOA-ADOBEA-OWUSU-1.png?resize=1024%2C806&amp;ssl=1 1024w, https:\/\/i0.wp.com\/afrodad.org\/afromedi\/wp-content\/uploads\/2024\/03\/ADWOA-ADOBEA-OWUSU-1.png?resize=768%2C605&amp;ssl=1 768w\" sizes=\"(max-width: 300px) 100vw, 300px\" \/>\t\t\t\t\t\t\t\t\t\t\t\t\t\t\t<\/div>\n\t\t\t\t<\/div>\n\t\t\t\t<div class=\"elementor-element elementor-element-5cbb6112 elementor-widget elementor-widget-elementskit-heading\" data-id=\"5cbb6112\" data-element_type=\"widget\" data-e-type=\"widget\" data-widget_type=\"elementskit-heading.default\">\n\t\t\t\t<div class=\"elementor-widget-container\">\n\t\t\t\t\t<div class=\"ekit-wid-con\" ><div class=\"ekit-heading elementskit-section-title-wraper text_center   ekit_heading_tablet-   ekit_heading_mobile-\"><h5 class=\"ekit-heading--title elementskit-section-title \">ADWOA ADOBEA-OWUSU<\/h5><p class=\"ekit-heading--subtitle elementskit-section-subtitle  \">\n\t\t\t\t\t\tInvestigative Reporter\n\t\t\t\t\t<\/p><\/div><\/div>\t\t\t\t<\/div>\n\t\t\t\t<\/div>\n\t\t\t\t<div class=\"elementor-element elementor-element-2dab41c elementor-widget__width-initial elementor-widget elementor-widget-image\" data-id=\"2dab41c\" data-element_type=\"widget\" data-e-type=\"widget\" data-widget_type=\"image.default\">\n\t\t\t\t<div class=\"elementor-widget-container\">\n\t\t\t\t\t\t\t\t\t\t\t\t\t\t\t<img decoding=\"async\" width=\"703\" height=\"89\" src=\"https:\/\/i0.wp.com\/afrodad.org\/afromedi\/wp-content\/uploads\/2024\/02\/Asset-5.png?fit=703%2C89&amp;ssl=1\" class=\"attachment-large size-large wp-image-13014\" alt=\"\" srcset=\"https:\/\/i0.wp.com\/afrodad.org\/afromedi\/wp-content\/uploads\/2024\/02\/Asset-5.png?w=703&amp;ssl=1 703w, https:\/\/i0.wp.com\/afrodad.org\/afromedi\/wp-content\/uploads\/2024\/02\/Asset-5.png?resize=300%2C38&amp;ssl=1 300w\" sizes=\"(max-width: 703px) 100vw, 703px\" \/>\t\t\t\t\t\t\t\t\t\t\t\t\t\t\t<\/div>\n\t\t\t\t<\/div>\n\t\t\t\t<div class=\"elementor-element elementor-element-7d29eb61 elementor-widget elementor-widget-heading\" data-id=\"7d29eb61\" data-element_type=\"widget\" data-e-type=\"widget\" data-widget_type=\"heading.default\">\n\t\t\t\t<div class=\"elementor-widget-container\">\n\t\t\t\t\t<h4 class=\"elementor-heading-title elementor-size-default\">S\u00c9ANCE PAR ADWOA<\/h4>\t\t\t\t<\/div>\n\t\t\t\t<\/div>\n\t\t\t\t<div class=\"elementor-element elementor-element-392218a4 elementor-widget elementor-widget-elementskit-heading\" data-id=\"392218a4\" data-element_type=\"widget\" data-e-type=\"widget\" data-widget_type=\"elementskit-heading.default\">\n\t\t\t\t<div class=\"elementor-widget-container\">\n\t\t\t\t\t<div class=\"ekit-wid-con\" ><div class=\"ekit-heading elementskit-section-title-wraper text_center   ekit_heading_tablet-   ekit_heading_mobile-text_center\"><h6 class=\"elementskit-section-subtitle  \">\n\t\t\t\t\t\tJour 2\n\t\t\t\t\t<\/h6><h5 class=\"ekit-heading--title elementskit-section-title \">20 mars 2024, 14h05 - 15h15<\/h5><\/div><\/div>\t\t\t\t<\/div>\n\t\t\t\t<\/div>\n\t\t\t\t<div class=\"elementor-element elementor-element-3704cbe8 elementor-widget elementor-widget-elementskit-heading\" data-id=\"3704cbe8\" data-element_type=\"widget\" data-e-type=\"widget\" data-widget_type=\"elementskit-heading.default\">\n\t\t\t\t<div class=\"elementor-widget-container\">\n\t\t\t\t\t<div class=\"ekit-wid-con\" ><div class=\"ekit-heading elementskit-section-title-wraper text_center   ekit_heading_tablet-   ekit_heading_mobile-text_center\"><h5 class=\"ekit-heading--title elementskit-section-title \">Getting the story out of Shut Reporting Doors <\/h5>\t\t\t\t<div class='ekit-heading__description'>\n\t\t\t\t\t<p>La session vise \u00e0 aider les participants \u00e0 surmonter les obstacles \u00e0 la libert\u00e9 d'information, en particulier sur des questions sensibles telles que la dette publique \u00e9lev\u00e9e, la corruption ou le manque de transparence, de responsabilit\u00e9 et de bonne gouvernance de la part des gouvernements.\u00a0<strong>Des \u00e9tudes de cas<\/strong> seront utilis\u00e9es au cours de cette session, ainsi que des solutions propos\u00e9es pour faire conna\u00eetre l'histoire malgr\u00e9 une libert\u00e9 limit\u00e9e. La session comprendra \u00e9galement une table ronde.<\/p>\n\t\t\t\t<\/div>\n\t\t\t<\/div><\/div>\t\t\t\t<\/div>\n\t\t\t\t<\/div>\n\t\t\t\t\t<\/div>\n\t\t<\/div>\n\t\t\t\t\t<\/div>\n\t\t<\/section>\n\t\t\t\t\t<\/div>\n\t\t<\/div>\n\t\t\t\t<div class=\"elementor-column elementor-col-50 elementor-top-column elementor-element elementor-element-39114be0\" data-id=\"39114be0\" data-element_type=\"column\" data-e-type=\"column\">\n\t\t\t<div class=\"elementor-widget-wrap elementor-element-populated\">\n\t\t\t\t\t\t<div class=\"elementor-element elementor-element-3c9d006e elementor-widget elementor-widget-heading\" data-id=\"3c9d006e\" data-element_type=\"widget\" data-e-type=\"widget\" data-widget_type=\"heading.default\">\n\t\t\t\t<div class=\"elementor-widget-container\">\n\t\t\t\t\t<h5 class=\"elementor-heading-title elementor-size-default\">Bref profil<\/h5>\t\t\t\t<\/div>\n\t\t\t\t<\/div>\n\t\t\t\t<div class=\"elementor-element elementor-element-1c0632a5 elementor-widget-divider--view-line elementor-widget elementor-widget-divider\" data-id=\"1c0632a5\" data-element_type=\"widget\" data-e-type=\"widget\" data-widget_type=\"divider.default\">\n\t\t\t\t<div class=\"elementor-widget-container\">\n\t\t\t\t\t\t\t<div class=\"elementor-divider\">\n\t\t\t<span class=\"elementor-divider-separator\">\n\t\t\t\t\t\t<\/span>\n\t\t<\/div>\n\t\t\t\t\t\t<\/div>\n\t\t\t\t<\/div>\n\t\t\t\t<div class=\"elementor-element elementor-element-40a8612b elementor-widget elementor-widget-text-editor\" data-id=\"40a8612b\" data-element_type=\"widget\" data-e-type=\"widget\" data-widget_type=\"text-editor.default\">\n\t\t\t\t<div class=\"elementor-widget-container\">\n\t\t\t\t\t\t\t\t\t<p>Reporter d&#8217;investigation pour The Fourth Estate, un projet de journalisme de responsabilit\u00e9 de la Fondation des m\u00e9dias pour l&#8217;Afrique de l&#8217;Ouest (MFWA).<\/p><p>Au sein de The Fourth Estate, elle a produit des rapports qui ont eu un impact. Une enqu\u00eate men\u00e9e en 2023 par Adwoa et deux autres reporters a r\u00e9v\u00e9l\u00e9 comment une soci\u00e9t\u00e9 douteuse de &#8220;garantie de revenus&#8221; a \u00e9t\u00e9 pay\u00e9e des millions de dollars par le gouvernement ghan\u00e9en sur la base de fausses d\u00e9clarations faites dans le cadre de l&#8217;ex\u00e9cution d&#8217;un contrat inutile. L&#8217;article a \u00e9galement r\u00e9v\u00e9l\u00e9 les d\u00e9tails obsc\u00e8nes d&#8217;une <a href=\"https:\/\/thefourthestategh.com\/2023\/12\/18\/10-year-questionable-contract-by-finance-minister-gives-sml-over-100-million-annually-despite-false-claims\/\">extension du contrat<\/a> qui a permis \u00e0 la soci\u00e9t\u00e9 de recevoir plus de 100 millions de dollars par an de la part du gouvernement du Ghana. Le pr\u00e9sident Akufo-Addo a ordonn\u00e9 la suspension imm\u00e9diate du contrat et a charg\u00e9 KMPG de proc\u00e9der \u00e0 un audit et de lui faire rapport. L&#8217;enqu\u00eate est en cours.<\/p><p>En 2021, elle a <a href=\"https:\/\/www.youtube.com\/watch?v=97R-UkmUJfY\">d\u00e9nonc\u00e9 <\/a>des agents de sant\u00e9 qui acceptaient des pots-de-vin et d\u00e9livraient de faux certificats de test COVID-19 n\u00e9gatifs \u00e0 des personnes dont le test \u00e9tait positif. \u00c0 la suite de cet article, le cabinet du pr\u00e9sident a ordonn\u00e9 une enqu\u00eate sur la question et les auteurs ont \u00e9t\u00e9 r\u00e9affect\u00e9s, tandis que d&#8217;autres employ\u00e9s du centre de d\u00e9pistage de l&#8217;a\u00e9roport ont \u00e9t\u00e9 licenci\u00e9s.<\/p><p>En 2022, elle a dirig\u00e9 une \u00e9quipe charg\u00e9e d&#8217;enqu\u00eater et de d\u00e9noncer la corruption dans le placement des \u00e9l\u00e8ves dans les meilleurs lyc\u00e9es du Ghana et a d\u00e9masqu\u00e9 un syndicat impliqu\u00e9 dans <a href=\"https:\/\/www.youtube.com\/watch?v=cMIpj3ui2II\">le processus<\/a>. Huit personnes sont actuellement poursuivies pour leur r\u00f4le dans ce scandale. Outre les poursuites judiciaires, le minist\u00e8re de l&#8217;\u00e9ducation a revu son syst\u00e8me de placement afin de permettre aux \u00e9l\u00e8ves de choisir davantage d&#8217;\u00e9coles, ce qui r\u00e9duira les incidents.<\/p>\t\t\t\t\t\t\t\t<\/div>\n\t\t\t\t<\/div>\n\t\t\t\t\t<\/div>\n\t\t<\/div>\n\t\t\t\t\t<\/div>\n\t\t<\/section>\n\t\t\t\t<\/div>\n\t\t","protected":false},"excerpt":{"rendered":"<p>ADWOA ADOBEA-OWUSU Investigative Reporter S\u00c9ANCE PAR ADWOA Jour 2 20 mars 2024, 14h05 &#8211; 15h15 Getting the story out of Shut Reporting Doors La session vise \u00e0 aider les participants \u00e0 surmonter les obstacles \u00e0 la libert\u00e9 d&#8217;information, en particulier sur des questions sensibles telles que la dette publique \u00e9lev\u00e9e, la corruption ou le manque [&hellip;]<\/p>\n","protected":false},"author":2,"featured_media":0,"parent":0,"menu_order":0,"comment_status":"closed","ping_status":"closed","template":"","meta":{"nf_dc_page":"","footnotes":""},"class_list":["post-13652","page","type-page","status-publish","hentry"],"yoast_head":"<!-- This site is optimized with the Yoast SEO plugin v27.4 - https:\/\/yoast.com\/product\/yoast-seo-wordpress\/ -->\n<title>ADWOA FR - AFROMEDI<\/title>\n<meta name=\"robots\" content=\"index, follow, max-snippet:-1, max-image-preview:large, max-video-preview:-1\" \/>\n<link rel=\"canonical\" href=\"https:\/\/afrodad.org\/afromedi\/fr\/adwoa-fr\/\" \/>\n<meta property=\"og:locale\" content=\"en_US\" \/>\n<meta property=\"og:type\" content=\"article\" \/>\n<meta property=\"og:title\" content=\"ADWOA FR - AFROMEDI\" \/>\n<meta property=\"og:description\" content=\"ADWOA ADOBEA-OWUSU Investigative Reporter S\u00c9ANCE PAR ADWOA Jour 2 20 mars 2024, 14h05 &#8211; 15h15 Getting the story out of Shut Reporting Doors La session vise \u00e0 aider les participants \u00e0 surmonter les obstacles \u00e0 la libert\u00e9 d&#8217;information, en particulier sur des questions sensibles telles que la dette publique \u00e9lev\u00e9e, la corruption ou le manque [&hellip;]\" \/>\n<meta property=\"og:url\" content=\"https:\/\/afrodad.org\/afromedi\/fr\/adwoa-fr\/\" \/>\n<meta property=\"og:site_name\" content=\"AFROMEDI\" \/>\n<meta property=\"article:modified_time\" content=\"2024-03-18T03:53:04+00:00\" \/>\n<meta property=\"og:image\" content=\"https:\/\/afrodad.org\/afromedi\/wp-content\/uploads\/2024\/03\/ADWOA-ADOBEA-OWUSU-1-300x236.png\" \/>\n<meta name=\"twitter:card\" content=\"summary_large_image\" \/>\n<meta name=\"twitter:label1\" content=\"Est. reading time\" \/>\n\t<meta name=\"twitter:data1\" content=\"3 minutes\" \/>\n<script type=\"application\/ld+json\" class=\"yoast-schema-graph\">{\"@context\":\"https:\\\/\\\/schema.org\",\"@graph\":[{\"@type\":\"WebPage\",\"@id\":\"https:\\\/\\\/afrodad.org\\\/afromedi\\\/fr\\\/adwoa-fr\\\/\",\"url\":\"https:\\\/\\\/afrodad.org\\\/afromedi\\\/fr\\\/adwoa-fr\\\/\",\"name\":\"ADWOA FR - AFROMEDI\",\"isPartOf\":{\"@id\":\"https:\\\/\\\/afrodad.org\\\/afromedi\\\/#website\"},\"primaryImageOfPage\":{\"@id\":\"https:\\\/\\\/afrodad.org\\\/afromedi\\\/fr\\\/adwoa-fr\\\/#primaryimage\"},\"image\":{\"@id\":\"https:\\\/\\\/afrodad.org\\\/afromedi\\\/fr\\\/adwoa-fr\\\/#primaryimage\"},\"thumbnailUrl\":\"https:\\\/\\\/afrodad.org\\\/afromedi\\\/wp-content\\\/uploads\\\/2024\\\/03\\\/ADWOA-ADOBEA-OWUSU-1-300x236.png\",\"datePublished\":\"2024-03-14T04:02:15+00:00\",\"dateModified\":\"2024-03-18T03:53:04+00:00\",\"breadcrumb\":{\"@id\":\"https:\\\/\\\/afrodad.org\\\/afromedi\\\/fr\\\/adwoa-fr\\\/#breadcrumb\"},\"inLanguage\":\"en-US\",\"potentialAction\":[{\"@type\":\"ReadAction\",\"target\":[\"https:\\\/\\\/afrodad.org\\\/afromedi\\\/fr\\\/adwoa-fr\\\/\"]}]},{\"@type\":\"ImageObject\",\"inLanguage\":\"en-US\",\"@id\":\"https:\\\/\\\/afrodad.org\\\/afromedi\\\/fr\\\/adwoa-fr\\\/#primaryimage\",\"url\":\"https:\\\/\\\/i0.wp.com\\\/afrodad.org\\\/afromedi\\\/wp-content\\\/uploads\\\/2024\\\/03\\\/ADWOA-ADOBEA-OWUSU-1.png?fit=1064%2C838&ssl=1\",\"contentUrl\":\"https:\\\/\\\/i0.wp.com\\\/afrodad.org\\\/afromedi\\\/wp-content\\\/uploads\\\/2024\\\/03\\\/ADWOA-ADOBEA-OWUSU-1.png?fit=1064%2C838&ssl=1\",\"width\":1064,\"height\":838},{\"@type\":\"BreadcrumbList\",\"@id\":\"https:\\\/\\\/afrodad.org\\\/afromedi\\\/fr\\\/adwoa-fr\\\/#breadcrumb\",\"itemListElement\":[{\"@type\":\"ListItem\",\"position\":1,\"name\":\"Home\",\"item\":\"https:\\\/\\\/afrodad.org\\\/afromedi\\\/\"},{\"@type\":\"ListItem\",\"position\":2,\"name\":\"ADWOA FR\"}]},{\"@type\":\"WebSite\",\"@id\":\"https:\\\/\\\/afrodad.org\\\/afromedi\\\/#website\",\"url\":\"https:\\\/\\\/afrodad.org\\\/afromedi\\\/\",\"name\":\"AFROMEDI\",\"description\":\"\",\"publisher\":{\"@id\":\"https:\\\/\\\/afrodad.org\\\/afromedi\\\/#organization\"},\"potentialAction\":[{\"@type\":\"SearchAction\",\"target\":{\"@type\":\"EntryPoint\",\"urlTemplate\":\"https:\\\/\\\/afrodad.org\\\/afromedi\\\/?s={search_term_string}\"},\"query-input\":{\"@type\":\"PropertyValueSpecification\",\"valueRequired\":true,\"valueName\":\"search_term_string\"}}],\"inLanguage\":\"en-US\"},{\"@type\":\"Organization\",\"@id\":\"https:\\\/\\\/afrodad.org\\\/afromedi\\\/#organization\",\"name\":\"AFROMEDI\",\"url\":\"https:\\\/\\\/afrodad.org\\\/afromedi\\\/\",\"logo\":{\"@type\":\"ImageObject\",\"inLanguage\":\"en-US\",\"@id\":\"https:\\\/\\\/afrodad.org\\\/afromedi\\\/#\\\/schema\\\/logo\\\/image\\\/\",\"url\":\"https:\\\/\\\/i0.wp.com\\\/afrodad.org\\\/afromedi\\\/wp-content\\\/uploads\\\/2023\\\/03\\\/AFRODADs-logo-2.png?fit=196%2C109&ssl=1\",\"contentUrl\":\"https:\\\/\\\/i0.wp.com\\\/afrodad.org\\\/afromedi\\\/wp-content\\\/uploads\\\/2023\\\/03\\\/AFRODADs-logo-2.png?fit=196%2C109&ssl=1\",\"width\":196,\"height\":109,\"caption\":\"AFROMEDI\"},\"image\":{\"@id\":\"https:\\\/\\\/afrodad.org\\\/afromedi\\\/#\\\/schema\\\/logo\\\/image\\\/\"}}]}<\/script>\n<!-- \/ Yoast SEO plugin. -->","yoast_head_json":{"title":"ADWOA FR - AFROMEDI","robots":{"index":"index","follow":"follow","max-snippet":"max-snippet:-1","max-image-preview":"max-image-preview:large","max-video-preview":"max-video-preview:-1"},"canonical":"https:\/\/afrodad.org\/afromedi\/fr\/adwoa-fr\/","og_locale":"en_US","og_type":"article","og_title":"ADWOA FR - AFROMEDI","og_description":"ADWOA ADOBEA-OWUSU Investigative Reporter S\u00c9ANCE PAR ADWOA Jour 2 20 mars 2024, 14h05 &#8211; 15h15 Getting the story out of Shut Reporting Doors La session vise \u00e0 aider les participants \u00e0 surmonter les obstacles \u00e0 la libert\u00e9 d&#8217;information, en particulier sur des questions sensibles telles que la dette publique \u00e9lev\u00e9e, la corruption ou le manque [&hellip;]","og_url":"https:\/\/afrodad.org\/afromedi\/fr\/adwoa-fr\/","og_site_name":"AFROMEDI","article_modified_time":"2024-03-18T03:53:04+00:00","og_image":[{"url":"https:\/\/afrodad.org\/afromedi\/wp-content\/uploads\/2024\/03\/ADWOA-ADOBEA-OWUSU-1-300x236.png","type":"","width":"","height":""}],"twitter_card":"summary_large_image","twitter_misc":{"Est. reading time":"3 minutes"},"schema":{"@context":"https:\/\/schema.org","@graph":[{"@type":"WebPage","@id":"https:\/\/afrodad.org\/afromedi\/fr\/adwoa-fr\/","url":"https:\/\/afrodad.org\/afromedi\/fr\/adwoa-fr\/","name":"ADWOA FR - AFROMEDI","isPartOf":{"@id":"https:\/\/afrodad.org\/afromedi\/#website"},"primaryImageOfPage":{"@id":"https:\/\/afrodad.org\/afromedi\/fr\/adwoa-fr\/#primaryimage"},"image":{"@id":"https:\/\/afrodad.org\/afromedi\/fr\/adwoa-fr\/#primaryimage"},"thumbnailUrl":"https:\/\/afrodad.org\/afromedi\/wp-content\/uploads\/2024\/03\/ADWOA-ADOBEA-OWUSU-1-300x236.png","datePublished":"2024-03-14T04:02:15+00:00","dateModified":"2024-03-18T03:53:04+00:00","breadcrumb":{"@id":"https:\/\/afrodad.org\/afromedi\/fr\/adwoa-fr\/#breadcrumb"},"inLanguage":"en-US","potentialAction":[{"@type":"ReadAction","target":["https:\/\/afrodad.org\/afromedi\/fr\/adwoa-fr\/"]}]},{"@type":"ImageObject","inLanguage":"en-US","@id":"https:\/\/afrodad.org\/afromedi\/fr\/adwoa-fr\/#primaryimage","url":"https:\/\/i0.wp.com\/afrodad.org\/afromedi\/wp-content\/uploads\/2024\/03\/ADWOA-ADOBEA-OWUSU-1.png?fit=1064%2C838&ssl=1","contentUrl":"https:\/\/i0.wp.com\/afrodad.org\/afromedi\/wp-content\/uploads\/2024\/03\/ADWOA-ADOBEA-OWUSU-1.png?fit=1064%2C838&ssl=1","width":1064,"height":838},{"@type":"BreadcrumbList","@id":"https:\/\/afrodad.org\/afromedi\/fr\/adwoa-fr\/#breadcrumb","itemListElement":[{"@type":"ListItem","position":1,"name":"Home","item":"https:\/\/afrodad.org\/afromedi\/"},{"@type":"ListItem","position":2,"name":"ADWOA FR"}]},{"@type":"WebSite","@id":"https:\/\/afrodad.org\/afromedi\/#website","url":"https:\/\/afrodad.org\/afromedi\/","name":"AFROMEDI","description":"","publisher":{"@id":"https:\/\/afrodad.org\/afromedi\/#organization"},"potentialAction":[{"@type":"SearchAction","target":{"@type":"EntryPoint","urlTemplate":"https:\/\/afrodad.org\/afromedi\/?s={search_term_string}"},"query-input":{"@type":"PropertyValueSpecification","valueRequired":true,"valueName":"search_term_string"}}],"inLanguage":"en-US"},{"@type":"Organization","@id":"https:\/\/afrodad.org\/afromedi\/#organization","name":"AFROMEDI","url":"https:\/\/afrodad.org\/afromedi\/","logo":{"@type":"ImageObject","inLanguage":"en-US","@id":"https:\/\/afrodad.org\/afromedi\/#\/schema\/logo\/image\/","url":"https:\/\/i0.wp.com\/afrodad.org\/afromedi\/wp-content\/uploads\/2023\/03\/AFRODADs-logo-2.png?fit=196%2C109&ssl=1","contentUrl":"https:\/\/i0.wp.com\/afrodad.org\/afromedi\/wp-content\/uploads\/2023\/03\/AFRODADs-logo-2.png?fit=196%2C109&ssl=1","width":196,"height":109,"caption":"AFROMEDI"},"image":{"@id":"https:\/\/afrodad.org\/afromedi\/#\/schema\/logo\/image\/"}}]}},"jetpack_sharing_enabled":true,"_links":{"self":[{"href":"https:\/\/afrodad.org\/afromedi\/wp-json\/wp\/v2\/pages\/13652","targetHints":{"allow":["GET"]}}],"collection":[{"href":"https:\/\/afrodad.org\/afromedi\/wp-json\/wp\/v2\/pages"}],"about":[{"href":"https:\/\/afrodad.org\/afromedi\/wp-json\/wp\/v2\/types\/page"}],"author":[{"embeddable":true,"href":"https:\/\/afrodad.org\/afromedi\/wp-json\/wp\/v2\/users\/2"}],"replies":[{"embeddable":true,"href":"https:\/\/afrodad.org\/afromedi\/wp-json\/wp\/v2\/comments?post=13652"}],"version-history":[{"count":5,"href":"https:\/\/afrodad.org\/afromedi\/wp-json\/wp\/v2\/pages\/13652\/revisions"}],"predecessor-version":[{"id":14029,"href":"https:\/\/afrodad.org\/afromedi\/wp-json\/wp\/v2\/pages\/13652\/revisions\/14029"}],"wp:attachment":[{"href":"https:\/\/afrodad.org\/afromedi\/wp-json\/wp\/v2\/media?parent=13652"}],"curies":[{"name":"wp","href":"https:\/\/api.w.org\/{rel}","templated":true}]}}