{"id":13696,"date":"2024-03-14T04:02:15","date_gmt":"2024-03-14T04:02:15","guid":{"rendered":"https:\/\/afrodad.org\/afromedi\/?page_id=13696"},"modified":"2024-03-18T03:53:50","modified_gmt":"2024-03-18T03:53:50","slug":"adwoa-pt","status":"publish","type":"page","link":"https:\/\/afrodad.org\/afromedi\/pt\/adwoa-pt\/","title":{"rendered":"ADWOA PT"},"content":{"rendered":"\t\t<div data-elementor-type=\"wp-page\" data-elementor-id=\"13696\" class=\"elementor elementor-13696\">\n\t\t\t\t\t\t<section data-particle_enable=\"false\" data-particle-mobile-disabled=\"false\" class=\"elementor-section elementor-top-section elementor-element elementor-element-7af9b04b elementor-section-boxed elementor-section-height-default elementor-section-height-default\" data-id=\"7af9b04b\" data-element_type=\"section\" data-e-type=\"section\">\n\t\t\t\t\t\t\t<div class=\"elementor-background-overlay\"><\/div>\n\t\t\t\t\t\t\t<div class=\"elementor-container elementor-column-gap-no\">\n\t\t\t\t\t<div class=\"elementor-column elementor-col-50 elementor-top-column elementor-element elementor-element-78a90c85\" data-id=\"78a90c85\" data-element_type=\"column\" data-e-type=\"column\">\n\t\t\t<div class=\"elementor-widget-wrap elementor-element-populated\">\n\t\t\t\t\t\t<section data-particle_enable=\"false\" data-particle-mobile-disabled=\"false\" class=\"elementor-section elementor-inner-section elementor-element elementor-element-5913479b elementor-section-boxed elementor-section-height-default elementor-section-height-default\" data-id=\"5913479b\" data-element_type=\"section\" data-e-type=\"section\" data-settings=\"{&quot;background_background&quot;:&quot;gradient&quot;}\">\n\t\t\t\t\t\t\t<div class=\"elementor-background-overlay\"><\/div>\n\t\t\t\t\t\t\t<div class=\"elementor-container elementor-column-gap-no\">\n\t\t\t\t\t<div class=\"elementor-column elementor-col-100 elementor-inner-column elementor-element elementor-element-58abcb86\" data-id=\"58abcb86\" data-element_type=\"column\" data-e-type=\"column\" data-settings=\"{&quot;background_background&quot;:&quot;classic&quot;}\">\n\t\t\t<div class=\"elementor-widget-wrap elementor-element-populated\">\n\t\t\t\t\t<div class=\"elementor-background-overlay\"><\/div>\n\t\t\t\t\t\t<div class=\"elementor-element elementor-element-53f45310 elementor-widget elementor-widget-image\" data-id=\"53f45310\" data-element_type=\"widget\" data-e-type=\"widget\" data-widget_type=\"image.default\">\n\t\t\t\t<div class=\"elementor-widget-container\">\n\t\t\t\t\t\t\t\t\t\t\t\t\t\t\t<img fetchpriority=\"high\" decoding=\"async\" width=\"300\" height=\"236\" src=\"https:\/\/i0.wp.com\/afrodad.org\/afromedi\/wp-content\/uploads\/2024\/03\/ADWOA-ADOBEA-OWUSU-1.png?fit=300%2C236&amp;ssl=1\" class=\"attachment-medium size-medium wp-image-13620\" alt=\"\" srcset=\"https:\/\/i0.wp.com\/afrodad.org\/afromedi\/wp-content\/uploads\/2024\/03\/ADWOA-ADOBEA-OWUSU-1.png?w=1064&amp;ssl=1 1064w, https:\/\/i0.wp.com\/afrodad.org\/afromedi\/wp-content\/uploads\/2024\/03\/ADWOA-ADOBEA-OWUSU-1.png?resize=300%2C236&amp;ssl=1 300w, https:\/\/i0.wp.com\/afrodad.org\/afromedi\/wp-content\/uploads\/2024\/03\/ADWOA-ADOBEA-OWUSU-1.png?resize=1024%2C806&amp;ssl=1 1024w, https:\/\/i0.wp.com\/afrodad.org\/afromedi\/wp-content\/uploads\/2024\/03\/ADWOA-ADOBEA-OWUSU-1.png?resize=768%2C605&amp;ssl=1 768w\" sizes=\"(max-width: 300px) 100vw, 300px\" \/>\t\t\t\t\t\t\t\t\t\t\t\t\t\t\t<\/div>\n\t\t\t\t<\/div>\n\t\t\t\t<div class=\"elementor-element elementor-element-10bc6f93 elementor-widget elementor-widget-elementskit-heading\" data-id=\"10bc6f93\" data-element_type=\"widget\" data-e-type=\"widget\" data-widget_type=\"elementskit-heading.default\">\n\t\t\t\t<div class=\"elementor-widget-container\">\n\t\t\t\t\t<div class=\"ekit-wid-con\" ><div class=\"ekit-heading elementskit-section-title-wraper text_center   ekit_heading_tablet-   ekit_heading_mobile-\"><h5 class=\"ekit-heading--title elementskit-section-title \">ADWOA ADOBEA-OWUSU<\/h5><p class=\"ekit-heading--subtitle elementskit-section-subtitle  \">\n\t\t\t\t\t\t Rep\u00f3rter Investigativo\n\t\t\t\t\t<\/p><\/div><\/div>\t\t\t\t<\/div>\n\t\t\t\t<\/div>\n\t\t\t\t<div class=\"elementor-element elementor-element-f1f3cf3 elementor-widget__width-initial elementor-widget elementor-widget-image\" data-id=\"f1f3cf3\" data-element_type=\"widget\" data-e-type=\"widget\" data-widget_type=\"image.default\">\n\t\t\t\t<div class=\"elementor-widget-container\">\n\t\t\t\t\t\t\t\t\t\t\t\t\t\t\t<img decoding=\"async\" width=\"703\" height=\"89\" src=\"https:\/\/i0.wp.com\/afrodad.org\/afromedi\/wp-content\/uploads\/2024\/02\/Asset-5.png?fit=703%2C89&amp;ssl=1\" class=\"attachment-large size-large wp-image-13014\" alt=\"\" srcset=\"https:\/\/i0.wp.com\/afrodad.org\/afromedi\/wp-content\/uploads\/2024\/02\/Asset-5.png?w=703&amp;ssl=1 703w, https:\/\/i0.wp.com\/afrodad.org\/afromedi\/wp-content\/uploads\/2024\/02\/Asset-5.png?resize=300%2C38&amp;ssl=1 300w\" sizes=\"(max-width: 703px) 100vw, 703px\" \/>\t\t\t\t\t\t\t\t\t\t\t\t\t\t\t<\/div>\n\t\t\t\t<\/div>\n\t\t\t\t<div class=\"elementor-element elementor-element-7e402ce elementor-widget elementor-widget-heading\" data-id=\"7e402ce\" data-element_type=\"widget\" data-e-type=\"widget\" data-widget_type=\"heading.default\">\n\t\t\t\t<div class=\"elementor-widget-container\">\n\t\t\t\t\t<h4 class=\"elementor-heading-title elementor-size-default\">SESS\u00c3O DE ADWOA<\/h4>\t\t\t\t<\/div>\n\t\t\t\t<\/div>\n\t\t\t\t<div class=\"elementor-element elementor-element-297b1c65 elementor-widget elementor-widget-elementskit-heading\" data-id=\"297b1c65\" data-element_type=\"widget\" data-e-type=\"widget\" data-widget_type=\"elementskit-heading.default\">\n\t\t\t\t<div class=\"elementor-widget-container\">\n\t\t\t\t\t<div class=\"ekit-wid-con\" ><div class=\"ekit-heading elementskit-section-title-wraper text_center   ekit_heading_tablet-   ekit_heading_mobile-text_center\"><h6 class=\"elementskit-section-subtitle  \">\n\t\t\t\t\t\tDAY 02.\n\t\t\t\t\t<\/h6><h5 class=\"ekit-heading--title elementskit-section-title \">20 de mar\u00e7o de 2024, 14h05 - 15h15<\/h5><\/div><\/div>\t\t\t\t<\/div>\n\t\t\t\t<\/div>\n\t\t\t\t<div class=\"elementor-element elementor-element-7ccc513b elementor-widget elementor-widget-elementskit-heading\" data-id=\"7ccc513b\" data-element_type=\"widget\" data-e-type=\"widget\" data-widget_type=\"elementskit-heading.default\">\n\t\t\t\t<div class=\"elementor-widget-container\">\n\t\t\t\t\t<div class=\"ekit-wid-con\" ><div class=\"ekit-heading elementskit-section-title-wraper text_center   ekit_heading_tablet-   ekit_heading_mobile-text_center\"><h5 class=\"ekit-heading--title elementskit-section-title \">Publicando est\u00f3rias em meio a dificuldades de reportagem.<\/h5>\t\t\t\t<div class='ekit-heading__description'>\n\t\t\t\t\t<p>A sess\u00e3o tem por objetivo apresentar aos participantes os constrangimentos \u00e0 liberdade de informa\u00e7\u00e3o, especialmente em quest\u00f5es sens\u00edveis como a elevada d\u00edvida p\u00fablica, a corrup\u00e7\u00e3o ou a falta de transpar\u00eancia, responsabilidade e boa governa\u00e7\u00e3o por parte dos governos. Nesta sess\u00e3o, ser\u00e3o utilizados estudos de caso, bem como propostas de solu\u00e7\u00f5es para divulgar est\u00f3rias apesar da liberdade limitada. A sess\u00e3o contar\u00e1 ainda com um painel de discuss\u00e3o.<\/p>\n\t\t\t\t<\/div>\n\t\t\t<\/div><\/div>\t\t\t\t<\/div>\n\t\t\t\t<\/div>\n\t\t\t\t\t<\/div>\n\t\t<\/div>\n\t\t\t\t\t<\/div>\n\t\t<\/section>\n\t\t\t\t\t<\/div>\n\t\t<\/div>\n\t\t\t\t<div class=\"elementor-column elementor-col-50 elementor-top-column elementor-element elementor-element-16cd319\" data-id=\"16cd319\" data-element_type=\"column\" data-e-type=\"column\">\n\t\t\t<div class=\"elementor-widget-wrap elementor-element-populated\">\n\t\t\t\t\t\t<div class=\"elementor-element elementor-element-5a52558b elementor-widget elementor-widget-heading\" data-id=\"5a52558b\" data-element_type=\"widget\" data-e-type=\"widget\" data-widget_type=\"heading.default\">\n\t\t\t\t<div class=\"elementor-widget-container\">\n\t\t\t\t\t<h5 class=\"elementor-heading-title elementor-size-default\">Breve Perfil<\/h5>\t\t\t\t<\/div>\n\t\t\t\t<\/div>\n\t\t\t\t<div class=\"elementor-element elementor-element-e04753d elementor-widget-divider--view-line elementor-widget elementor-widget-divider\" data-id=\"e04753d\" data-element_type=\"widget\" data-e-type=\"widget\" data-widget_type=\"divider.default\">\n\t\t\t\t<div class=\"elementor-widget-container\">\n\t\t\t\t\t\t\t<div class=\"elementor-divider\">\n\t\t\t<span class=\"elementor-divider-separator\">\n\t\t\t\t\t\t<\/span>\n\t\t<\/div>\n\t\t\t\t\t\t<\/div>\n\t\t\t\t<\/div>\n\t\t\t\t<div class=\"elementor-element elementor-element-43c6204c elementor-widget elementor-widget-text-editor\" data-id=\"43c6204c\" data-element_type=\"widget\" data-e-type=\"widget\" data-widget_type=\"text-editor.default\">\n\t\t\t\t<div class=\"elementor-widget-container\">\n\t\t\t\t\t\t\t\t\t<p>Rep\u00f3rter investigativo do The Fourth Estate, um projeto de jornalismo de presta\u00e7\u00e3o de contas da Media Foundation for West Africa (MFWA).<\/p><p>No Quarto Estado, ela produziu relat\u00f3rios que tiveram impacto. Uma investiga\u00e7\u00e3o de 2023 de Adwoa e dois outros rep\u00f3rteres revelou como uma empresa duvidosa de &#8220;garantia de renda&#8221; recebeu milh\u00f5es de d\u00f3lares do governo gan\u00eas com base em declara\u00e7\u00f5es falsas feitas como parte da execu\u00e7\u00e3o de um contrato desnecess\u00e1rio. O artigo tamb\u00e9m revelou os detalhes obscenos de uma extens\u00e3o de <a href=\"https:\/\/thefourthestategh.com\/2023\/12\/18\/10-year-questionable-contract-by-finance-minister-gives-sml-over-100-million-annually-despite-false-claims\/\">contrato<\/a> que permitiu \u00e0 empresa receber mais de US$ 100 milh\u00f5es por ano do governo de Gana. O Presidente Akufo-Addo ordenou a suspens\u00e3o imediata do contrato e instruiu a KMPG a realizar uma auditoria e a apresentar um relat\u00f3rio a ele. A investiga\u00e7\u00e3o est\u00e1 em curso.<\/p><p>Em 2021, ela <a href=\"https:\/\/www.youtube.com\/watch?v=97R-UkmUJfY\">denunciou <\/a>profissionais de sa\u00fade que aceitaram subornos e emitiram certificados de teste COVID-19 negativos falsos para pessoas que testaram positivo. Como resultado deste artigo, o gabinete do presidente ordenou uma investiga\u00e7\u00e3o sobre o assunto e os autores foram redesignados, enquanto outros funcion\u00e1rios do centro de testes do aeroporto foram demitidos.<\/p><p>Em 2022, ela liderou uma equipe para investigar e expor a corrup\u00e7\u00e3o na coloca\u00e7\u00e3o de alunos nas melhores escolas de ensino m\u00e9dio de Gana e desmascarou um sindicato envolvido no <a href=\"https:\/\/www.youtube.com\/watch?v=cMIpj3ui2II\">processo<\/a>. Oito pessoas est\u00e3o atualmente a ser processadas pelo seu papel no esc\u00e2ndalo. Al\u00e9m dos processos, o Minist\u00e9rio da Educa\u00e7\u00e3o reviu o seu sistema de coloca\u00e7\u00e3o para permitir que os alunos escolham mais escolas, o que reduzir\u00e1 os incidentes.<\/p>\t\t\t\t\t\t\t\t<\/div>\n\t\t\t\t<\/div>\n\t\t\t\t\t<\/div>\n\t\t<\/div>\n\t\t\t\t\t<\/div>\n\t\t<\/section>\n\t\t\t\t<\/div>\n\t\t","protected":false},"excerpt":{"rendered":"<p>ADWOA ADOBEA-OWUSU Rep\u00f3rter Investigativo SESS\u00c3O DE ADWOA DAY 02. 20 de mar\u00e7o de 2024, 14h05 &#8211; 15h15 Publicando est\u00f3rias em meio a dificuldades de reportagem. A sess\u00e3o tem por objetivo apresentar aos participantes os constrangimentos \u00e0 liberdade de informa\u00e7\u00e3o, especialmente em quest\u00f5es sens\u00edveis como a elevada d\u00edvida p\u00fablica, a corrup\u00e7\u00e3o ou a falta de transpar\u00eancia, [&hellip;]<\/p>\n","protected":false},"author":2,"featured_media":0,"parent":0,"menu_order":0,"comment_status":"closed","ping_status":"closed","template":"","meta":{"nf_dc_page":"","footnotes":""},"class_list":["post-13696","page","type-page","status-publish","hentry"],"yoast_head":"<!-- This site is optimized with the Yoast SEO plugin v27.4 - https:\/\/yoast.com\/product\/yoast-seo-wordpress\/ -->\n<title>ADWOA PT - AFROMEDI<\/title>\n<meta name=\"robots\" content=\"index, follow, max-snippet:-1, max-image-preview:large, max-video-preview:-1\" \/>\n<link rel=\"canonical\" href=\"https:\/\/afrodad.org\/afromedi\/pt\/adwoa-pt\/\" \/>\n<meta property=\"og:locale\" content=\"en_US\" \/>\n<meta property=\"og:type\" content=\"article\" \/>\n<meta property=\"og:title\" content=\"ADWOA PT - AFROMEDI\" \/>\n<meta property=\"og:description\" content=\"ADWOA ADOBEA-OWUSU Rep\u00f3rter Investigativo SESS\u00c3O DE ADWOA DAY 02. 20 de mar\u00e7o de 2024, 14h05 &#8211; 15h15 Publicando est\u00f3rias em meio a dificuldades de reportagem. A sess\u00e3o tem por objetivo apresentar aos participantes os constrangimentos \u00e0 liberdade de informa\u00e7\u00e3o, especialmente em quest\u00f5es sens\u00edveis como a elevada d\u00edvida p\u00fablica, a corrup\u00e7\u00e3o ou a falta de transpar\u00eancia, [&hellip;]\" \/>\n<meta property=\"og:url\" content=\"https:\/\/afrodad.org\/afromedi\/pt\/adwoa-pt\/\" \/>\n<meta property=\"og:site_name\" content=\"AFROMEDI\" \/>\n<meta property=\"article:modified_time\" content=\"2024-03-18T03:53:50+00:00\" \/>\n<meta property=\"og:image\" content=\"https:\/\/afrodad.org\/afromedi\/wp-content\/uploads\/2024\/03\/ADWOA-ADOBEA-OWUSU-1-300x236.png\" \/>\n<meta name=\"twitter:card\" content=\"summary_large_image\" \/>\n<meta name=\"twitter:label1\" content=\"Est. reading time\" \/>\n\t<meta name=\"twitter:data1\" content=\"2 minutes\" \/>\n<script type=\"application\/ld+json\" class=\"yoast-schema-graph\">{\"@context\":\"https:\\\/\\\/schema.org\",\"@graph\":[{\"@type\":\"WebPage\",\"@id\":\"https:\\\/\\\/afrodad.org\\\/afromedi\\\/pt\\\/adwoa-pt\\\/\",\"url\":\"https:\\\/\\\/afrodad.org\\\/afromedi\\\/pt\\\/adwoa-pt\\\/\",\"name\":\"ADWOA PT - AFROMEDI\",\"isPartOf\":{\"@id\":\"https:\\\/\\\/afrodad.org\\\/afromedi\\\/#website\"},\"primaryImageOfPage\":{\"@id\":\"https:\\\/\\\/afrodad.org\\\/afromedi\\\/pt\\\/adwoa-pt\\\/#primaryimage\"},\"image\":{\"@id\":\"https:\\\/\\\/afrodad.org\\\/afromedi\\\/pt\\\/adwoa-pt\\\/#primaryimage\"},\"thumbnailUrl\":\"https:\\\/\\\/afrodad.org\\\/afromedi\\\/wp-content\\\/uploads\\\/2024\\\/03\\\/ADWOA-ADOBEA-OWUSU-1-300x236.png\",\"datePublished\":\"2024-03-14T04:02:15+00:00\",\"dateModified\":\"2024-03-18T03:53:50+00:00\",\"breadcrumb\":{\"@id\":\"https:\\\/\\\/afrodad.org\\\/afromedi\\\/pt\\\/adwoa-pt\\\/#breadcrumb\"},\"inLanguage\":\"en-US\",\"potentialAction\":[{\"@type\":\"ReadAction\",\"target\":[\"https:\\\/\\\/afrodad.org\\\/afromedi\\\/pt\\\/adwoa-pt\\\/\"]}]},{\"@type\":\"ImageObject\",\"inLanguage\":\"en-US\",\"@id\":\"https:\\\/\\\/afrodad.org\\\/afromedi\\\/pt\\\/adwoa-pt\\\/#primaryimage\",\"url\":\"https:\\\/\\\/i0.wp.com\\\/afrodad.org\\\/afromedi\\\/wp-content\\\/uploads\\\/2024\\\/03\\\/ADWOA-ADOBEA-OWUSU-1.png?fit=1064%2C838&ssl=1\",\"contentUrl\":\"https:\\\/\\\/i0.wp.com\\\/afrodad.org\\\/afromedi\\\/wp-content\\\/uploads\\\/2024\\\/03\\\/ADWOA-ADOBEA-OWUSU-1.png?fit=1064%2C838&ssl=1\",\"width\":1064,\"height\":838},{\"@type\":\"BreadcrumbList\",\"@id\":\"https:\\\/\\\/afrodad.org\\\/afromedi\\\/pt\\\/adwoa-pt\\\/#breadcrumb\",\"itemListElement\":[{\"@type\":\"ListItem\",\"position\":1,\"name\":\"Home\",\"item\":\"https:\\\/\\\/afrodad.org\\\/afromedi\\\/\"},{\"@type\":\"ListItem\",\"position\":2,\"name\":\"ADWOA PT\"}]},{\"@type\":\"WebSite\",\"@id\":\"https:\\\/\\\/afrodad.org\\\/afromedi\\\/#website\",\"url\":\"https:\\\/\\\/afrodad.org\\\/afromedi\\\/\",\"name\":\"AFROMEDI\",\"description\":\"\",\"publisher\":{\"@id\":\"https:\\\/\\\/afrodad.org\\\/afromedi\\\/#organization\"},\"potentialAction\":[{\"@type\":\"SearchAction\",\"target\":{\"@type\":\"EntryPoint\",\"urlTemplate\":\"https:\\\/\\\/afrodad.org\\\/afromedi\\\/?s={search_term_string}\"},\"query-input\":{\"@type\":\"PropertyValueSpecification\",\"valueRequired\":true,\"valueName\":\"search_term_string\"}}],\"inLanguage\":\"en-US\"},{\"@type\":\"Organization\",\"@id\":\"https:\\\/\\\/afrodad.org\\\/afromedi\\\/#organization\",\"name\":\"AFROMEDI\",\"url\":\"https:\\\/\\\/afrodad.org\\\/afromedi\\\/\",\"logo\":{\"@type\":\"ImageObject\",\"inLanguage\":\"en-US\",\"@id\":\"https:\\\/\\\/afrodad.org\\\/afromedi\\\/#\\\/schema\\\/logo\\\/image\\\/\",\"url\":\"https:\\\/\\\/i0.wp.com\\\/afrodad.org\\\/afromedi\\\/wp-content\\\/uploads\\\/2023\\\/03\\\/AFRODADs-logo-2.png?fit=196%2C109&ssl=1\",\"contentUrl\":\"https:\\\/\\\/i0.wp.com\\\/afrodad.org\\\/afromedi\\\/wp-content\\\/uploads\\\/2023\\\/03\\\/AFRODADs-logo-2.png?fit=196%2C109&ssl=1\",\"width\":196,\"height\":109,\"caption\":\"AFROMEDI\"},\"image\":{\"@id\":\"https:\\\/\\\/afrodad.org\\\/afromedi\\\/#\\\/schema\\\/logo\\\/image\\\/\"}}]}<\/script>\n<!-- \/ Yoast SEO plugin. -->","yoast_head_json":{"title":"ADWOA PT - AFROMEDI","robots":{"index":"index","follow":"follow","max-snippet":"max-snippet:-1","max-image-preview":"max-image-preview:large","max-video-preview":"max-video-preview:-1"},"canonical":"https:\/\/afrodad.org\/afromedi\/pt\/adwoa-pt\/","og_locale":"en_US","og_type":"article","og_title":"ADWOA PT - AFROMEDI","og_description":"ADWOA ADOBEA-OWUSU Rep\u00f3rter Investigativo SESS\u00c3O DE ADWOA DAY 02. 20 de mar\u00e7o de 2024, 14h05 &#8211; 15h15 Publicando est\u00f3rias em meio a dificuldades de reportagem. A sess\u00e3o tem por objetivo apresentar aos participantes os constrangimentos \u00e0 liberdade de informa\u00e7\u00e3o, especialmente em quest\u00f5es sens\u00edveis como a elevada d\u00edvida p\u00fablica, a corrup\u00e7\u00e3o ou a falta de transpar\u00eancia, [&hellip;]","og_url":"https:\/\/afrodad.org\/afromedi\/pt\/adwoa-pt\/","og_site_name":"AFROMEDI","article_modified_time":"2024-03-18T03:53:50+00:00","og_image":[{"url":"https:\/\/afrodad.org\/afromedi\/wp-content\/uploads\/2024\/03\/ADWOA-ADOBEA-OWUSU-1-300x236.png","type":"","width":"","height":""}],"twitter_card":"summary_large_image","twitter_misc":{"Est. reading time":"2 minutes"},"schema":{"@context":"https:\/\/schema.org","@graph":[{"@type":"WebPage","@id":"https:\/\/afrodad.org\/afromedi\/pt\/adwoa-pt\/","url":"https:\/\/afrodad.org\/afromedi\/pt\/adwoa-pt\/","name":"ADWOA PT - AFROMEDI","isPartOf":{"@id":"https:\/\/afrodad.org\/afromedi\/#website"},"primaryImageOfPage":{"@id":"https:\/\/afrodad.org\/afromedi\/pt\/adwoa-pt\/#primaryimage"},"image":{"@id":"https:\/\/afrodad.org\/afromedi\/pt\/adwoa-pt\/#primaryimage"},"thumbnailUrl":"https:\/\/afrodad.org\/afromedi\/wp-content\/uploads\/2024\/03\/ADWOA-ADOBEA-OWUSU-1-300x236.png","datePublished":"2024-03-14T04:02:15+00:00","dateModified":"2024-03-18T03:53:50+00:00","breadcrumb":{"@id":"https:\/\/afrodad.org\/afromedi\/pt\/adwoa-pt\/#breadcrumb"},"inLanguage":"en-US","potentialAction":[{"@type":"ReadAction","target":["https:\/\/afrodad.org\/afromedi\/pt\/adwoa-pt\/"]}]},{"@type":"ImageObject","inLanguage":"en-US","@id":"https:\/\/afrodad.org\/afromedi\/pt\/adwoa-pt\/#primaryimage","url":"https:\/\/i0.wp.com\/afrodad.org\/afromedi\/wp-content\/uploads\/2024\/03\/ADWOA-ADOBEA-OWUSU-1.png?fit=1064%2C838&ssl=1","contentUrl":"https:\/\/i0.wp.com\/afrodad.org\/afromedi\/wp-content\/uploads\/2024\/03\/ADWOA-ADOBEA-OWUSU-1.png?fit=1064%2C838&ssl=1","width":1064,"height":838},{"@type":"BreadcrumbList","@id":"https:\/\/afrodad.org\/afromedi\/pt\/adwoa-pt\/#breadcrumb","itemListElement":[{"@type":"ListItem","position":1,"name":"Home","item":"https:\/\/afrodad.org\/afromedi\/"},{"@type":"ListItem","position":2,"name":"ADWOA PT"}]},{"@type":"WebSite","@id":"https:\/\/afrodad.org\/afromedi\/#website","url":"https:\/\/afrodad.org\/afromedi\/","name":"AFROMEDI","description":"","publisher":{"@id":"https:\/\/afrodad.org\/afromedi\/#organization"},"potentialAction":[{"@type":"SearchAction","target":{"@type":"EntryPoint","urlTemplate":"https:\/\/afrodad.org\/afromedi\/?s={search_term_string}"},"query-input":{"@type":"PropertyValueSpecification","valueRequired":true,"valueName":"search_term_string"}}],"inLanguage":"en-US"},{"@type":"Organization","@id":"https:\/\/afrodad.org\/afromedi\/#organization","name":"AFROMEDI","url":"https:\/\/afrodad.org\/afromedi\/","logo":{"@type":"ImageObject","inLanguage":"en-US","@id":"https:\/\/afrodad.org\/afromedi\/#\/schema\/logo\/image\/","url":"https:\/\/i0.wp.com\/afrodad.org\/afromedi\/wp-content\/uploads\/2023\/03\/AFRODADs-logo-2.png?fit=196%2C109&ssl=1","contentUrl":"https:\/\/i0.wp.com\/afrodad.org\/afromedi\/wp-content\/uploads\/2023\/03\/AFRODADs-logo-2.png?fit=196%2C109&ssl=1","width":196,"height":109,"caption":"AFROMEDI"},"image":{"@id":"https:\/\/afrodad.org\/afromedi\/#\/schema\/logo\/image\/"}}]}},"jetpack_sharing_enabled":true,"_links":{"self":[{"href":"https:\/\/afrodad.org\/afromedi\/wp-json\/wp\/v2\/pages\/13696","targetHints":{"allow":["GET"]}}],"collection":[{"href":"https:\/\/afrodad.org\/afromedi\/wp-json\/wp\/v2\/pages"}],"about":[{"href":"https:\/\/afrodad.org\/afromedi\/wp-json\/wp\/v2\/types\/page"}],"author":[{"embeddable":true,"href":"https:\/\/afrodad.org\/afromedi\/wp-json\/wp\/v2\/users\/2"}],"replies":[{"embeddable":true,"href":"https:\/\/afrodad.org\/afromedi\/wp-json\/wp\/v2\/comments?post=13696"}],"version-history":[{"count":5,"href":"https:\/\/afrodad.org\/afromedi\/wp-json\/wp\/v2\/pages\/13696\/revisions"}],"predecessor-version":[{"id":14032,"href":"https:\/\/afrodad.org\/afromedi\/wp-json\/wp\/v2\/pages\/13696\/revisions\/14032"}],"wp:attachment":[{"href":"https:\/\/afrodad.org\/afromedi\/wp-json\/wp\/v2\/media?parent=13696"}],"curies":[{"name":"wp","href":"https:\/\/api.w.org\/{rel}","templated":true}]}}