{"id":14062,"date":"2024-03-18T04:11:48","date_gmt":"2024-03-18T04:11:48","guid":{"rendered":"https:\/\/afrodad.org\/afromedi\/?page_id=14062"},"modified":"2024-03-18T04:40:28","modified_gmt":"2024-03-18T04:40:28","slug":"shem-fr","status":"publish","type":"page","link":"https:\/\/afrodad.org\/afromedi\/fr\/shem-fr\/","title":{"rendered":"Shem-Fr"},"content":{"rendered":"\t\t<div data-elementor-type=\"wp-page\" data-elementor-id=\"14062\" class=\"elementor elementor-14062\">\n\t\t\t\t\t\t<section data-particle_enable=\"false\" data-particle-mobile-disabled=\"false\" class=\"elementor-section elementor-top-section elementor-element elementor-element-817540b elementor-section-boxed elementor-section-height-default elementor-section-height-default\" data-id=\"817540b\" data-element_type=\"section\" data-e-type=\"section\">\n\t\t\t\t\t\t\t<div class=\"elementor-background-overlay\"><\/div>\n\t\t\t\t\t\t\t<div class=\"elementor-container elementor-column-gap-no\">\n\t\t\t\t\t<div class=\"elementor-column elementor-col-50 elementor-top-column elementor-element elementor-element-18770d1\" data-id=\"18770d1\" data-element_type=\"column\" data-e-type=\"column\">\n\t\t\t<div class=\"elementor-widget-wrap elementor-element-populated\">\n\t\t\t\t\t\t<section data-particle_enable=\"false\" data-particle-mobile-disabled=\"false\" class=\"elementor-section elementor-inner-section elementor-element elementor-element-1669931 elementor-section-boxed elementor-section-height-default elementor-section-height-default\" data-id=\"1669931\" data-element_type=\"section\" data-e-type=\"section\" data-settings=\"{&quot;background_background&quot;:&quot;gradient&quot;}\">\n\t\t\t\t\t\t\t<div class=\"elementor-background-overlay\"><\/div>\n\t\t\t\t\t\t\t<div class=\"elementor-container elementor-column-gap-no\">\n\t\t\t\t\t<div class=\"elementor-column elementor-col-100 elementor-inner-column elementor-element elementor-element-620170d\" data-id=\"620170d\" data-element_type=\"column\" data-e-type=\"column\" data-settings=\"{&quot;background_background&quot;:&quot;classic&quot;}\">\n\t\t\t<div class=\"elementor-widget-wrap elementor-element-populated\">\n\t\t\t\t\t<div class=\"elementor-background-overlay\"><\/div>\n\t\t\t\t\t\t<div class=\"elementor-element elementor-element-3c6fb69 elementor-widget elementor-widget-image\" data-id=\"3c6fb69\" data-element_type=\"widget\" data-e-type=\"widget\" data-widget_type=\"image.default\">\n\t\t\t\t<div class=\"elementor-widget-container\">\n\t\t\t\t\t\t\t\t\t\t\t\t\t\t\t<img fetchpriority=\"high\" decoding=\"async\" width=\"810\" height=\"800\" src=\"https:\/\/i0.wp.com\/afrodad.org\/afromedi\/wp-content\/uploads\/2024\/03\/Shem-1.png?fit=810%2C800&amp;ssl=1\" class=\"attachment-full size-full wp-image-14050\" alt=\"\" srcset=\"https:\/\/i0.wp.com\/afrodad.org\/afromedi\/wp-content\/uploads\/2024\/03\/Shem-1.png?w=810&amp;ssl=1 810w, https:\/\/i0.wp.com\/afrodad.org\/afromedi\/wp-content\/uploads\/2024\/03\/Shem-1.png?resize=300%2C296&amp;ssl=1 300w, https:\/\/i0.wp.com\/afrodad.org\/afromedi\/wp-content\/uploads\/2024\/03\/Shem-1.png?resize=768%2C759&amp;ssl=1 768w\" sizes=\"(max-width: 800px) 100vw, 800px\" \/>\t\t\t\t\t\t\t\t\t\t\t\t\t\t\t<\/div>\n\t\t\t\t<\/div>\n\t\t\t\t<div class=\"elementor-element elementor-element-d45b451 elementor-widget elementor-widget-elementskit-heading\" data-id=\"d45b451\" data-element_type=\"widget\" data-e-type=\"widget\" data-widget_type=\"elementskit-heading.default\">\n\t\t\t\t<div class=\"elementor-widget-container\">\n\t\t\t\t\t<div class=\"ekit-wid-con\" ><div class=\"ekit-heading elementskit-section-title-wraper text_center   ekit_heading_tablet-   ekit_heading_mobile-\"><h5 class=\"ekit-heading--title elementskit-section-title \">SHEM JOSHUA<\/h5><p class=\"ekit-heading--subtitle elementskit-section-subtitle  \">\n\t\t\t\t\t\tAnalyste de politiques et charg\u00e9 de plaidoyer, Portefeuille de gestion de la dette souveraine, AFRODAD\n\t\t\t\t\t<\/p><\/div><\/div>\t\t\t\t<\/div>\n\t\t\t\t<\/div>\n\t\t\t\t<div class=\"elementor-element elementor-element-85e5c6d elementor-widget__width-initial elementor-widget elementor-widget-image\" data-id=\"85e5c6d\" data-element_type=\"widget\" data-e-type=\"widget\" data-widget_type=\"image.default\">\n\t\t\t\t<div class=\"elementor-widget-container\">\n\t\t\t\t\t\t\t\t\t\t\t\t\t\t\t<img decoding=\"async\" width=\"703\" height=\"89\" src=\"https:\/\/i0.wp.com\/afrodad.org\/afromedi\/wp-content\/uploads\/2024\/02\/Asset-5.png?fit=703%2C89&amp;ssl=1\" class=\"attachment-full size-full wp-image-13014\" alt=\"\" srcset=\"https:\/\/i0.wp.com\/afrodad.org\/afromedi\/wp-content\/uploads\/2024\/02\/Asset-5.png?w=703&amp;ssl=1 703w, https:\/\/i0.wp.com\/afrodad.org\/afromedi\/wp-content\/uploads\/2024\/02\/Asset-5.png?resize=300%2C38&amp;ssl=1 300w\" sizes=\"(max-width: 703px) 100vw, 703px\" \/>\t\t\t\t\t\t\t\t\t\t\t\t\t\t\t<\/div>\n\t\t\t\t<\/div>\n\t\t\t\t\t<\/div>\n\t\t<\/div>\n\t\t\t\t\t<\/div>\n\t\t<\/section>\n\t\t\t\t\t<\/div>\n\t\t<\/div>\n\t\t\t\t<div class=\"elementor-column elementor-col-50 elementor-top-column elementor-element elementor-element-1203f28\" data-id=\"1203f28\" data-element_type=\"column\" data-e-type=\"column\">\n\t\t\t<div class=\"elementor-widget-wrap elementor-element-populated\">\n\t\t\t\t\t\t<div class=\"elementor-element elementor-element-65c7b3e elementor-widget elementor-widget-heading\" data-id=\"65c7b3e\" data-element_type=\"widget\" data-e-type=\"widget\" data-widget_type=\"heading.default\">\n\t\t\t\t<div class=\"elementor-widget-container\">\n\t\t\t\t\t<h5 class=\"elementor-heading-title elementor-size-default\">Bref profil<\/h5>\t\t\t\t<\/div>\n\t\t\t\t<\/div>\n\t\t\t\t<div class=\"elementor-element elementor-element-f7d67f0 elementor-widget-divider--view-line elementor-widget elementor-widget-divider\" data-id=\"f7d67f0\" data-element_type=\"widget\" data-e-type=\"widget\" data-widget_type=\"divider.default\">\n\t\t\t\t<div class=\"elementor-widget-container\">\n\t\t\t\t\t\t\t<div class=\"elementor-divider\">\n\t\t\t<span class=\"elementor-divider-separator\">\n\t\t\t\t\t\t<\/span>\n\t\t<\/div>\n\t\t\t\t\t\t<\/div>\n\t\t\t\t<\/div>\n\t\t\t\t<div class=\"elementor-element elementor-element-4b1db7b elementor-widget elementor-widget-text-editor\" data-id=\"4b1db7b\" data-element_type=\"widget\" data-e-type=\"widget\" data-widget_type=\"text-editor.default\">\n\t\t\t\t<div class=\"elementor-widget-container\">\n\t\t\t\t\t\t\t\t\t<p>Il est l&#8217;analyste de politiques et charg\u00e9 de plaidoyer dans le portefeuille de gestion de la dette souveraine chez AFRODAD. Sous ce portefeuille, Shem prend la t\u00eate des questions li\u00e9es \u00e0 l&#8217;emprunt responsable, aux m\u00e9canismes d&#8217;arbitrage de la dette \u00e9quitables et transparents, ainsi qu&#8217;au financement priv\u00e9 soutenu publiquement.<\/p>\t\t\t\t\t\t\t\t<\/div>\n\t\t\t\t<\/div>\n\t\t\t\t<div class=\"elementor-element elementor-element-fef2a68 elementor-widget elementor-widget-heading\" data-id=\"fef2a68\" data-element_type=\"widget\" data-e-type=\"widget\" data-widget_type=\"heading.default\">\n\t\t\t\t<div class=\"elementor-widget-container\">\n\t\t\t\t\t<h5 class=\"elementor-heading-title elementor-size-default\">S\u00e9ance de Shem<\/h5>\t\t\t\t<\/div>\n\t\t\t\t<\/div>\n\t\t\t\t<div class=\"elementor-element elementor-element-fdfee29 elementor-widget-divider--view-line elementor-widget elementor-widget-divider\" data-id=\"fdfee29\" data-element_type=\"widget\" data-e-type=\"widget\" data-widget_type=\"divider.default\">\n\t\t\t\t<div class=\"elementor-widget-container\">\n\t\t\t\t\t\t\t<div class=\"elementor-divider\">\n\t\t\t<span class=\"elementor-divider-separator\">\n\t\t\t\t\t\t<\/span>\n\t\t<\/div>\n\t\t\t\t\t\t<\/div>\n\t\t\t\t<\/div>\n\t\t\t\t<section data-particle_enable=\"false\" data-particle-mobile-disabled=\"false\" class=\"elementor-section elementor-inner-section elementor-element elementor-element-ca8aeb9 elementor-section-boxed elementor-section-height-default elementor-section-height-default\" data-id=\"ca8aeb9\" data-element_type=\"section\" data-e-type=\"section\">\n\t\t\t\t\t\t<div class=\"elementor-container elementor-column-gap-no\">\n\t\t\t\t\t<div class=\"elementor-column elementor-col-100 elementor-inner-column elementor-element elementor-element-1310aa4\" data-id=\"1310aa4\" data-element_type=\"column\" data-e-type=\"column\" data-settings=\"{&quot;background_background&quot;:&quot;classic&quot;}\">\n\t\t\t<div class=\"elementor-widget-wrap elementor-element-populated\">\n\t\t\t\t\t\t<div class=\"elementor-element elementor-element-c86aea2 elementor-widget elementor-widget-elementskit-heading\" data-id=\"c86aea2\" data-element_type=\"widget\" data-e-type=\"widget\" data-widget_type=\"elementskit-heading.default\">\n\t\t\t\t<div class=\"elementor-widget-container\">\n\t\t\t\t\t<div class=\"ekit-wid-con\" ><div class=\"ekit-heading elementskit-section-title-wraper text_left   ekit_heading_tablet-   ekit_heading_mobile-text_center\"><h6 class=\"elementskit-section-subtitle  \">\n\t\t\t\t\t\tJOUR 01\n\t\t\t\t\t<\/h6><h5 class=\"ekit-heading--title elementskit-section-title \">19 mars 2024, 14h05 \u2013 14h30<\/h5><\/div><\/div>\t\t\t\t<\/div>\n\t\t\t\t<\/div>\n\t\t\t\t<div class=\"elementor-element elementor-element-f69d765 elementor-widget elementor-widget-elementskit-heading\" data-id=\"f69d765\" data-element_type=\"widget\" data-e-type=\"widget\" data-widget_type=\"elementskit-heading.default\">\n\t\t\t\t<div class=\"elementor-widget-container\">\n\t\t\t\t\t<div class=\"ekit-wid-con\" ><div class=\"ekit-heading elementskit-section-title-wraper text_left   ekit_heading_tablet-   ekit_heading_mobile-text_center\"><h5 class=\"ekit-heading--title elementskit-section-title \">SUSTAINABLE DEBT MANAGEMENT<\/h5>\t\t\t\t<div class='ekit-heading__description'>\n\t\t\t\t\t<p>Cette session abordera la situation actuelle de la dette publique en Afrique et partagera des solutions men\u00e9es par des acteurs panafricains \u00e0 la crise de la dette en Afrique, y compris la n\u00e9cessit\u00e9 d'exiger une r\u00e9forme de l'architecture mondiale de la dette, et comment les journalistes africains peuvent \u00eatre des champions de la conduite du changement, en rendant les institutions responsables et en fixant l'agenda pour que l'Afrique soit un cr\u00e9ateur de r\u00e8gles et non un suiveur de r\u00e8gles.<\/p>\n\t\t\t\t<\/div>\n\t\t\t<\/div><\/div>\t\t\t\t<\/div>\n\t\t\t\t<\/div>\n\t\t\t\t\t<\/div>\n\t\t<\/div>\n\t\t\t\t\t<\/div>\n\t\t<\/section>\n\t\t\t\t\t<\/div>\n\t\t<\/div>\n\t\t\t\t\t<\/div>\n\t\t<\/section>\n\t\t\t\t<\/div>\n\t\t","protected":false},"excerpt":{"rendered":"<p>SHEM JOSHUA Analyste de politiques et charg\u00e9 de plaidoyer, Portefeuille de gestion de la dette souveraine, AFRODAD Bref profil Il est l&#8217;analyste de politiques et charg\u00e9 de plaidoyer dans le portefeuille de gestion de la dette souveraine chez AFRODAD. Sous ce portefeuille, Shem prend la t\u00eate des questions li\u00e9es \u00e0 l&#8217;emprunt responsable, aux m\u00e9canismes d&#8217;arbitrage [&hellip;]<\/p>\n","protected":false},"author":2,"featured_media":0,"parent":0,"menu_order":0,"comment_status":"closed","ping_status":"closed","template":"","meta":{"nf_dc_page":"","footnotes":""},"class_list":["post-14062","page","type-page","status-publish","hentry"],"yoast_head":"<!-- This site is optimized with the Yoast SEO plugin v27.4 - https:\/\/yoast.com\/product\/yoast-seo-wordpress\/ -->\n<title>Shem-Fr - AFROMEDI<\/title>\n<meta name=\"robots\" content=\"index, follow, max-snippet:-1, max-image-preview:large, max-video-preview:-1\" \/>\n<link rel=\"canonical\" href=\"https:\/\/afrodad.org\/afromedi\/fr\/shem-fr\/\" \/>\n<meta property=\"og:locale\" content=\"en_US\" \/>\n<meta property=\"og:type\" content=\"article\" \/>\n<meta property=\"og:title\" content=\"Shem-Fr - AFROMEDI\" \/>\n<meta property=\"og:description\" content=\"SHEM JOSHUA Analyste de politiques et charg\u00e9 de plaidoyer, Portefeuille de gestion de la dette souveraine, AFRODAD Bref profil Il est l&#8217;analyste de politiques et charg\u00e9 de plaidoyer dans le portefeuille de gestion de la dette souveraine chez AFRODAD. Sous ce portefeuille, Shem prend la t\u00eate des questions li\u00e9es \u00e0 l&#8217;emprunt responsable, aux m\u00e9canismes d&#8217;arbitrage [&hellip;]\" \/>\n<meta property=\"og:url\" content=\"https:\/\/afrodad.org\/afromedi\/fr\/shem-fr\/\" \/>\n<meta property=\"og:site_name\" content=\"AFROMEDI\" \/>\n<meta property=\"article:modified_time\" content=\"2024-03-18T04:40:28+00:00\" \/>\n<meta property=\"og:image\" content=\"https:\/\/afrodad.org\/afromedi\/wp-content\/uploads\/2024\/03\/Shem-1.png\" \/>\n<meta name=\"twitter:card\" content=\"summary_large_image\" \/>\n<meta name=\"twitter:label1\" content=\"Est. reading time\" \/>\n\t<meta name=\"twitter:data1\" content=\"2 minutes\" \/>\n<script type=\"application\/ld+json\" class=\"yoast-schema-graph\">{\"@context\":\"https:\\\/\\\/schema.org\",\"@graph\":[{\"@type\":\"WebPage\",\"@id\":\"https:\\\/\\\/afrodad.org\\\/afromedi\\\/fr\\\/shem-fr\\\/\",\"url\":\"https:\\\/\\\/afrodad.org\\\/afromedi\\\/fr\\\/shem-fr\\\/\",\"name\":\"Shem-Fr - AFROMEDI\",\"isPartOf\":{\"@id\":\"https:\\\/\\\/afrodad.org\\\/afromedi\\\/#website\"},\"primaryImageOfPage\":{\"@id\":\"https:\\\/\\\/afrodad.org\\\/afromedi\\\/fr\\\/shem-fr\\\/#primaryimage\"},\"image\":{\"@id\":\"https:\\\/\\\/afrodad.org\\\/afromedi\\\/fr\\\/shem-fr\\\/#primaryimage\"},\"thumbnailUrl\":\"https:\\\/\\\/afrodad.org\\\/afromedi\\\/wp-content\\\/uploads\\\/2024\\\/03\\\/Shem-1.png\",\"datePublished\":\"2024-03-18T04:11:48+00:00\",\"dateModified\":\"2024-03-18T04:40:28+00:00\",\"breadcrumb\":{\"@id\":\"https:\\\/\\\/afrodad.org\\\/afromedi\\\/fr\\\/shem-fr\\\/#breadcrumb\"},\"inLanguage\":\"en-US\",\"potentialAction\":[{\"@type\":\"ReadAction\",\"target\":[\"https:\\\/\\\/afrodad.org\\\/afromedi\\\/fr\\\/shem-fr\\\/\"]}]},{\"@type\":\"ImageObject\",\"inLanguage\":\"en-US\",\"@id\":\"https:\\\/\\\/afrodad.org\\\/afromedi\\\/fr\\\/shem-fr\\\/#primaryimage\",\"url\":\"https:\\\/\\\/i0.wp.com\\\/afrodad.org\\\/afromedi\\\/wp-content\\\/uploads\\\/2024\\\/03\\\/Shem-1.png?fit=810%2C800&ssl=1\",\"contentUrl\":\"https:\\\/\\\/i0.wp.com\\\/afrodad.org\\\/afromedi\\\/wp-content\\\/uploads\\\/2024\\\/03\\\/Shem-1.png?fit=810%2C800&ssl=1\",\"width\":810,\"height\":800},{\"@type\":\"BreadcrumbList\",\"@id\":\"https:\\\/\\\/afrodad.org\\\/afromedi\\\/fr\\\/shem-fr\\\/#breadcrumb\",\"itemListElement\":[{\"@type\":\"ListItem\",\"position\":1,\"name\":\"Home\",\"item\":\"https:\\\/\\\/afrodad.org\\\/afromedi\\\/\"},{\"@type\":\"ListItem\",\"position\":2,\"name\":\"Shem-Fr\"}]},{\"@type\":\"WebSite\",\"@id\":\"https:\\\/\\\/afrodad.org\\\/afromedi\\\/#website\",\"url\":\"https:\\\/\\\/afrodad.org\\\/afromedi\\\/\",\"name\":\"AFROMEDI\",\"description\":\"\",\"publisher\":{\"@id\":\"https:\\\/\\\/afrodad.org\\\/afromedi\\\/#organization\"},\"potentialAction\":[{\"@type\":\"SearchAction\",\"target\":{\"@type\":\"EntryPoint\",\"urlTemplate\":\"https:\\\/\\\/afrodad.org\\\/afromedi\\\/?s={search_term_string}\"},\"query-input\":{\"@type\":\"PropertyValueSpecification\",\"valueRequired\":true,\"valueName\":\"search_term_string\"}}],\"inLanguage\":\"en-US\"},{\"@type\":\"Organization\",\"@id\":\"https:\\\/\\\/afrodad.org\\\/afromedi\\\/#organization\",\"name\":\"AFROMEDI\",\"url\":\"https:\\\/\\\/afrodad.org\\\/afromedi\\\/\",\"logo\":{\"@type\":\"ImageObject\",\"inLanguage\":\"en-US\",\"@id\":\"https:\\\/\\\/afrodad.org\\\/afromedi\\\/#\\\/schema\\\/logo\\\/image\\\/\",\"url\":\"https:\\\/\\\/i0.wp.com\\\/afrodad.org\\\/afromedi\\\/wp-content\\\/uploads\\\/2023\\\/03\\\/AFRODADs-logo-2.png?fit=196%2C109&ssl=1\",\"contentUrl\":\"https:\\\/\\\/i0.wp.com\\\/afrodad.org\\\/afromedi\\\/wp-content\\\/uploads\\\/2023\\\/03\\\/AFRODADs-logo-2.png?fit=196%2C109&ssl=1\",\"width\":196,\"height\":109,\"caption\":\"AFROMEDI\"},\"image\":{\"@id\":\"https:\\\/\\\/afrodad.org\\\/afromedi\\\/#\\\/schema\\\/logo\\\/image\\\/\"}}]}<\/script>\n<!-- \/ Yoast SEO plugin. -->","yoast_head_json":{"title":"Shem-Fr - AFROMEDI","robots":{"index":"index","follow":"follow","max-snippet":"max-snippet:-1","max-image-preview":"max-image-preview:large","max-video-preview":"max-video-preview:-1"},"canonical":"https:\/\/afrodad.org\/afromedi\/fr\/shem-fr\/","og_locale":"en_US","og_type":"article","og_title":"Shem-Fr - AFROMEDI","og_description":"SHEM JOSHUA Analyste de politiques et charg\u00e9 de plaidoyer, Portefeuille de gestion de la dette souveraine, AFRODAD Bref profil Il est l&#8217;analyste de politiques et charg\u00e9 de plaidoyer dans le portefeuille de gestion de la dette souveraine chez AFRODAD. Sous ce portefeuille, Shem prend la t\u00eate des questions li\u00e9es \u00e0 l&#8217;emprunt responsable, aux m\u00e9canismes d&#8217;arbitrage [&hellip;]","og_url":"https:\/\/afrodad.org\/afromedi\/fr\/shem-fr\/","og_site_name":"AFROMEDI","article_modified_time":"2024-03-18T04:40:28+00:00","og_image":[{"url":"https:\/\/afrodad.org\/afromedi\/wp-content\/uploads\/2024\/03\/Shem-1.png","type":"","width":"","height":""}],"twitter_card":"summary_large_image","twitter_misc":{"Est. reading time":"2 minutes"},"schema":{"@context":"https:\/\/schema.org","@graph":[{"@type":"WebPage","@id":"https:\/\/afrodad.org\/afromedi\/fr\/shem-fr\/","url":"https:\/\/afrodad.org\/afromedi\/fr\/shem-fr\/","name":"Shem-Fr - AFROMEDI","isPartOf":{"@id":"https:\/\/afrodad.org\/afromedi\/#website"},"primaryImageOfPage":{"@id":"https:\/\/afrodad.org\/afromedi\/fr\/shem-fr\/#primaryimage"},"image":{"@id":"https:\/\/afrodad.org\/afromedi\/fr\/shem-fr\/#primaryimage"},"thumbnailUrl":"https:\/\/afrodad.org\/afromedi\/wp-content\/uploads\/2024\/03\/Shem-1.png","datePublished":"2024-03-18T04:11:48+00:00","dateModified":"2024-03-18T04:40:28+00:00","breadcrumb":{"@id":"https:\/\/afrodad.org\/afromedi\/fr\/shem-fr\/#breadcrumb"},"inLanguage":"en-US","potentialAction":[{"@type":"ReadAction","target":["https:\/\/afrodad.org\/afromedi\/fr\/shem-fr\/"]}]},{"@type":"ImageObject","inLanguage":"en-US","@id":"https:\/\/afrodad.org\/afromedi\/fr\/shem-fr\/#primaryimage","url":"https:\/\/i0.wp.com\/afrodad.org\/afromedi\/wp-content\/uploads\/2024\/03\/Shem-1.png?fit=810%2C800&ssl=1","contentUrl":"https:\/\/i0.wp.com\/afrodad.org\/afromedi\/wp-content\/uploads\/2024\/03\/Shem-1.png?fit=810%2C800&ssl=1","width":810,"height":800},{"@type":"BreadcrumbList","@id":"https:\/\/afrodad.org\/afromedi\/fr\/shem-fr\/#breadcrumb","itemListElement":[{"@type":"ListItem","position":1,"name":"Home","item":"https:\/\/afrodad.org\/afromedi\/"},{"@type":"ListItem","position":2,"name":"Shem-Fr"}]},{"@type":"WebSite","@id":"https:\/\/afrodad.org\/afromedi\/#website","url":"https:\/\/afrodad.org\/afromedi\/","name":"AFROMEDI","description":"","publisher":{"@id":"https:\/\/afrodad.org\/afromedi\/#organization"},"potentialAction":[{"@type":"SearchAction","target":{"@type":"EntryPoint","urlTemplate":"https:\/\/afrodad.org\/afromedi\/?s={search_term_string}"},"query-input":{"@type":"PropertyValueSpecification","valueRequired":true,"valueName":"search_term_string"}}],"inLanguage":"en-US"},{"@type":"Organization","@id":"https:\/\/afrodad.org\/afromedi\/#organization","name":"AFROMEDI","url":"https:\/\/afrodad.org\/afromedi\/","logo":{"@type":"ImageObject","inLanguage":"en-US","@id":"https:\/\/afrodad.org\/afromedi\/#\/schema\/logo\/image\/","url":"https:\/\/i0.wp.com\/afrodad.org\/afromedi\/wp-content\/uploads\/2023\/03\/AFRODADs-logo-2.png?fit=196%2C109&ssl=1","contentUrl":"https:\/\/i0.wp.com\/afrodad.org\/afromedi\/wp-content\/uploads\/2023\/03\/AFRODADs-logo-2.png?fit=196%2C109&ssl=1","width":196,"height":109,"caption":"AFROMEDI"},"image":{"@id":"https:\/\/afrodad.org\/afromedi\/#\/schema\/logo\/image\/"}}]}},"jetpack_sharing_enabled":true,"_links":{"self":[{"href":"https:\/\/afrodad.org\/afromedi\/wp-json\/wp\/v2\/pages\/14062","targetHints":{"allow":["GET"]}}],"collection":[{"href":"https:\/\/afrodad.org\/afromedi\/wp-json\/wp\/v2\/pages"}],"about":[{"href":"https:\/\/afrodad.org\/afromedi\/wp-json\/wp\/v2\/types\/page"}],"author":[{"embeddable":true,"href":"https:\/\/afrodad.org\/afromedi\/wp-json\/wp\/v2\/users\/2"}],"replies":[{"embeddable":true,"href":"https:\/\/afrodad.org\/afromedi\/wp-json\/wp\/v2\/comments?post=14062"}],"version-history":[{"count":5,"href":"https:\/\/afrodad.org\/afromedi\/wp-json\/wp\/v2\/pages\/14062\/revisions"}],"predecessor-version":[{"id":14078,"href":"https:\/\/afrodad.org\/afromedi\/wp-json\/wp\/v2\/pages\/14062\/revisions\/14078"}],"wp:attachment":[{"href":"https:\/\/afrodad.org\/afromedi\/wp-json\/wp\/v2\/media?parent=14062"}],"curies":[{"name":"wp","href":"https:\/\/api.w.org\/{rel}","templated":true}]}}