{"id":14153,"date":"2024-03-18T05:48:41","date_gmt":"2024-03-18T05:48:41","guid":{"rendered":"https:\/\/afrodad.org\/afromedi\/?page_id=14153"},"modified":"2024-03-18T06:09:15","modified_gmt":"2024-03-18T06:09:15","slug":"hon-adama-fr","status":"publish","type":"page","link":"https:\/\/afrodad.org\/afromedi\/fr\/hon-adama-fr\/","title":{"rendered":"Hon. Adama-Fr"},"content":{"rendered":"\t\t<div data-elementor-type=\"wp-page\" data-elementor-id=\"14153\" class=\"elementor elementor-14153\">\n\t\t\t\t\t\t<section data-particle_enable=\"false\" data-particle-mobile-disabled=\"false\" class=\"elementor-section elementor-top-section elementor-element elementor-element-1bede21 elementor-section-boxed elementor-section-height-default elementor-section-height-default\" data-id=\"1bede21\" data-element_type=\"section\" data-e-type=\"section\">\n\t\t\t\t\t\t\t<div class=\"elementor-background-overlay\"><\/div>\n\t\t\t\t\t\t\t<div class=\"elementor-container elementor-column-gap-no\">\n\t\t\t\t\t<div class=\"elementor-column elementor-col-50 elementor-top-column elementor-element elementor-element-52af268\" data-id=\"52af268\" data-element_type=\"column\" data-e-type=\"column\">\n\t\t\t<div class=\"elementor-widget-wrap elementor-element-populated\">\n\t\t\t\t\t\t<section data-particle_enable=\"false\" data-particle-mobile-disabled=\"false\" class=\"elementor-section elementor-inner-section elementor-element elementor-element-72a31c7 elementor-section-boxed elementor-section-height-default elementor-section-height-default\" data-id=\"72a31c7\" data-element_type=\"section\" data-e-type=\"section\" data-settings=\"{&quot;background_background&quot;:&quot;gradient&quot;}\">\n\t\t\t\t\t\t\t<div class=\"elementor-background-overlay\"><\/div>\n\t\t\t\t\t\t\t<div class=\"elementor-container elementor-column-gap-no\">\n\t\t\t\t\t<div class=\"elementor-column elementor-col-100 elementor-inner-column elementor-element elementor-element-6bc7309\" data-id=\"6bc7309\" data-element_type=\"column\" data-e-type=\"column\" data-settings=\"{&quot;background_background&quot;:&quot;classic&quot;}\">\n\t\t\t<div class=\"elementor-widget-wrap elementor-element-populated\">\n\t\t\t\t\t<div class=\"elementor-background-overlay\"><\/div>\n\t\t\t\t\t\t<div class=\"elementor-element elementor-element-3382725 elementor-widget elementor-widget-image\" data-id=\"3382725\" data-element_type=\"widget\" data-e-type=\"widget\" data-widget_type=\"image.default\">\n\t\t\t\t<div class=\"elementor-widget-container\">\n\t\t\t\t\t\t\t\t\t\t\t\t\t\t\t<img fetchpriority=\"high\" decoding=\"async\" width=\"481\" height=\"485\" src=\"https:\/\/i0.wp.com\/afrodad.org\/afromedi\/wp-content\/uploads\/2024\/03\/Adama-nobackgnd.png?fit=481%2C485&amp;ssl=1\" class=\"attachment-full size-full wp-image-14149\" alt=\"\" srcset=\"https:\/\/i0.wp.com\/afrodad.org\/afromedi\/wp-content\/uploads\/2024\/03\/Adama-nobackgnd.png?w=481&amp;ssl=1 481w, https:\/\/i0.wp.com\/afrodad.org\/afromedi\/wp-content\/uploads\/2024\/03\/Adama-nobackgnd.png?resize=298%2C300&amp;ssl=1 298w, https:\/\/i0.wp.com\/afrodad.org\/afromedi\/wp-content\/uploads\/2024\/03\/Adama-nobackgnd.png?resize=150%2C150&amp;ssl=1 150w\" sizes=\"(max-width: 481px) 100vw, 481px\" \/>\t\t\t\t\t\t\t\t\t\t\t\t\t\t\t<\/div>\n\t\t\t\t<\/div>\n\t\t\t\t<div class=\"elementor-element elementor-element-b87d53c elementor-widget elementor-widget-elementskit-heading\" data-id=\"b87d53c\" data-element_type=\"widget\" data-e-type=\"widget\" data-widget_type=\"elementskit-heading.default\">\n\t\t\t\t<div class=\"elementor-widget-container\">\n\t\t\t\t\t<div class=\"ekit-wid-con\" ><div class=\"ekit-heading elementskit-section-title-wraper text_center   ekit_heading_tablet-   ekit_heading_mobile-\"><h5 class=\"ekit-heading--title elementskit-section-title \">S.E.M ADAMA COULIBALY<\/h5><p class=\"ekit-heading--subtitle elementskit-section-subtitle  \">\n\t\t\t\t\t\tMinistre de l\u2019Economie et des Finances, R\u00e9publique de C\u00f4te d&#039;Ivoire\n\t\t\t\t\t<\/p><\/div><\/div>\t\t\t\t<\/div>\n\t\t\t\t<\/div>\n\t\t\t\t<div class=\"elementor-element elementor-element-8f47700 elementor-widget__width-initial elementor-widget elementor-widget-image\" data-id=\"8f47700\" data-element_type=\"widget\" data-e-type=\"widget\" data-widget_type=\"image.default\">\n\t\t\t\t<div class=\"elementor-widget-container\">\n\t\t\t\t\t\t\t\t\t\t\t\t\t\t\t<img decoding=\"async\" width=\"703\" height=\"89\" src=\"https:\/\/i0.wp.com\/afrodad.org\/afromedi\/wp-content\/uploads\/2024\/02\/Asset-5.png?fit=703%2C89&amp;ssl=1\" class=\"attachment-full size-full wp-image-13014\" alt=\"\" srcset=\"https:\/\/i0.wp.com\/afrodad.org\/afromedi\/wp-content\/uploads\/2024\/02\/Asset-5.png?w=703&amp;ssl=1 703w, https:\/\/i0.wp.com\/afrodad.org\/afromedi\/wp-content\/uploads\/2024\/02\/Asset-5.png?resize=300%2C38&amp;ssl=1 300w\" sizes=\"(max-width: 703px) 100vw, 703px\" \/>\t\t\t\t\t\t\t\t\t\t\t\t\t\t\t<\/div>\n\t\t\t\t<\/div>\n\t\t\t\t\t<\/div>\n\t\t<\/div>\n\t\t\t\t\t<\/div>\n\t\t<\/section>\n\t\t\t\t\t<\/div>\n\t\t<\/div>\n\t\t\t\t<div class=\"elementor-column elementor-col-50 elementor-top-column elementor-element elementor-element-457322e\" data-id=\"457322e\" data-element_type=\"column\" data-e-type=\"column\">\n\t\t\t<div class=\"elementor-widget-wrap elementor-element-populated\">\n\t\t\t\t\t\t<div class=\"elementor-element elementor-element-0e698e6 elementor-widget elementor-widget-heading\" data-id=\"0e698e6\" data-element_type=\"widget\" data-e-type=\"widget\" data-widget_type=\"heading.default\">\n\t\t\t\t<div class=\"elementor-widget-container\">\n\t\t\t\t\t<h5 class=\"elementor-heading-title elementor-size-default\">S\u00e9ances<\/h5>\t\t\t\t<\/div>\n\t\t\t\t<\/div>\n\t\t\t\t<div class=\"elementor-element elementor-element-d550f79 elementor-widget-divider--view-line elementor-widget elementor-widget-divider\" data-id=\"d550f79\" data-element_type=\"widget\" data-e-type=\"widget\" data-widget_type=\"divider.default\">\n\t\t\t\t<div class=\"elementor-widget-container\">\n\t\t\t\t\t\t\t<div class=\"elementor-divider\">\n\t\t\t<span class=\"elementor-divider-separator\">\n\t\t\t\t\t\t<\/span>\n\t\t<\/div>\n\t\t\t\t\t\t<\/div>\n\t\t\t\t<\/div>\n\t\t\t\t<section data-particle_enable=\"false\" data-particle-mobile-disabled=\"false\" class=\"elementor-section elementor-inner-section elementor-element elementor-element-773db15 elementor-section-boxed elementor-section-height-default elementor-section-height-default\" data-id=\"773db15\" data-element_type=\"section\" data-e-type=\"section\">\n\t\t\t\t\t\t<div class=\"elementor-container elementor-column-gap-no\">\n\t\t\t\t\t<div class=\"elementor-column elementor-col-50 elementor-inner-column elementor-element elementor-element-9140ee6\" data-id=\"9140ee6\" data-element_type=\"column\" data-e-type=\"column\" data-settings=\"{&quot;background_background&quot;:&quot;classic&quot;}\">\n\t\t\t<div class=\"elementor-widget-wrap elementor-element-populated\">\n\t\t\t\t\t\t<div class=\"elementor-element elementor-element-c09da44 elementor-widget elementor-widget-elementskit-heading\" data-id=\"c09da44\" data-element_type=\"widget\" data-e-type=\"widget\" data-widget_type=\"elementskit-heading.default\">\n\t\t\t\t<div class=\"elementor-widget-container\">\n\t\t\t\t\t<div class=\"ekit-wid-con\" ><div class=\"ekit-heading elementskit-section-title-wraper text_left   ekit_heading_tablet-   ekit_heading_mobile-text_center\"><h6 class=\"elementskit-section-subtitle  \">\n\t\t\t\t\t\tJOUR 01\n\t\t\t\t\t<\/h6><h5 class=\"ekit-heading--title elementskit-section-title \">19 mars 2024, 9h00 - 11h55<\/h5><\/div><\/div>\t\t\t\t<\/div>\n\t\t\t\t<\/div>\n\t\t\t\t<div class=\"elementor-element elementor-element-3b52dad elementor-widget elementor-widget-elementskit-heading\" data-id=\"3b52dad\" data-element_type=\"widget\" data-e-type=\"widget\" data-widget_type=\"elementskit-heading.default\">\n\t\t\t\t<div class=\"elementor-widget-container\">\n\t\t\t\t\t<div class=\"ekit-wid-con\" ><div class=\"ekit-heading elementskit-section-title-wraper text_left   ekit_heading_tablet-   ekit_heading_mobile-text_center\"><h5 class=\"ekit-heading--title elementskit-section-title \">DISCOURS D'OUVERTURE, SESSION DE QUESTIONS-R\u00c9PONSES<\/h5>\t\t\t\t<div class='ekit-heading__description'>\n\t\t\t\t\t<p><strong>Fid\u00e9lit\u00e9 Nshimiyimana<\/strong><\/p>\n<p>Responsable des Campagnes &amp; de la Communication<\/p>\n<p><strong>\u00a0<\/strong><\/p>\n<p><strong>S.E.M Adama Coulibaly<\/strong><\/p>\n<p>Ministre de l\u2019Economie et des Finances, r\u00e9publique de C\u00f4te d'Ivoire<\/p>\n<p>\u00a0<\/p>\n<p><strong>S.E.M Amadou Coulibaly <\/strong><\/p>\n<p>Ministre de la Communication et de l'Economie Num\u00e9rique, Porte-parole du Gouvernement, r\u00e9publique de C\u00f4te d'Ivoire<\/p>\n<p>\u00a0<\/p>\n<p><strong>Mr. Jean-Claude Coulibaly<\/strong><\/p>\n<p>Le pr\u00e9sident de l'Union nationale des journalistes de C\u00f4te d'Ivoire (UNJCI)<\/p>\n\t\t\t\t<\/div>\n\t\t\t<\/div><\/div>\t\t\t\t<\/div>\n\t\t\t\t<\/div>\n\t\t\t\t\t<\/div>\n\t\t<\/div>\n\t\t\t\t<div class=\"elementor-column elementor-col-50 elementor-inner-column elementor-element elementor-element-fb95b40\" data-id=\"fb95b40\" data-element_type=\"column\" data-e-type=\"column\" data-settings=\"{&quot;background_background&quot;:&quot;classic&quot;}\">\n\t\t\t<div class=\"elementor-widget-wrap elementor-element-populated\">\n\t\t\t\t\t\t<div class=\"elementor-element elementor-element-7538556 elementor-widget elementor-widget-elementskit-heading\" data-id=\"7538556\" data-element_type=\"widget\" data-e-type=\"widget\" data-widget_type=\"elementskit-heading.default\">\n\t\t\t\t<div class=\"elementor-widget-container\">\n\t\t\t\t\t<div class=\"ekit-wid-con\" ><div class=\"ekit-heading elementskit-section-title-wraper text_left   ekit_heading_tablet-   ekit_heading_mobile-text_center\"><h6 class=\"elementskit-section-subtitle  \">\n\t\t\t\t\t\tJOUR 01\n\t\t\t\t\t<\/h6><h5 class=\"ekit-heading--title elementskit-section-title \">19 mars 2024, 12h00 \u2013 12h55<\/h5><\/div><\/div>\t\t\t\t<\/div>\n\t\t\t\t<\/div>\n\t\t\t\t<div class=\"elementor-element elementor-element-9ba6c82 elementor-widget elementor-widget-elementskit-heading\" data-id=\"9ba6c82\" data-element_type=\"widget\" data-e-type=\"widget\" data-widget_type=\"elementskit-heading.default\">\n\t\t\t\t<div class=\"elementor-widget-container\">\n\t\t\t\t\t<div class=\"ekit-wid-con\" ><div class=\"ekit-heading elementskit-section-title-wraper text_left   ekit_heading_tablet-   ekit_heading_mobile-text_center\"><h5 class=\"ekit-heading--title elementskit-section-title \">CONF\u00c9RENCE DE PRESSE<\/h5>\t\t\t\t<div class='ekit-heading__description'>\n\t\t\t\t\t<p>Discussion sur le contexte de la C\u00f4te d'Ivoire mais \u00e9tendue \u00e0 d'autres pays africains. La discussion explorera \u00e9galement comment les deux ministres, parlant au nom du gouvernement, aimeraient que les journalistes racontent l'histoire africaine sur la dette publique.<\/p>\n\t\t\t\t<\/div>\n\t\t\t<\/div><\/div>\t\t\t\t<\/div>\n\t\t\t\t<\/div>\n\t\t\t\t\t<\/div>\n\t\t<\/div>\n\t\t\t\t\t<\/div>\n\t\t<\/section>\n\t\t\t\t\t<\/div>\n\t\t<\/div>\n\t\t\t\t\t<\/div>\n\t\t<\/section>\n\t\t\t\t<\/div>\n\t\t","protected":false},"excerpt":{"rendered":"<p>S.E.M ADAMA COULIBALY Ministre de l\u2019Economie et des Finances, R\u00e9publique de C\u00f4te d&#039;Ivoire S\u00e9ances JOUR 01 19 mars 2024, 9h00 &#8211; 11h55 DISCOURS D&#8217;OUVERTURE, SESSION DE QUESTIONS-R\u00c9PONSES Fid\u00e9lit\u00e9 Nshimiyimana Responsable des Campagnes &amp; de la Communication \u00a0 S.E.M Adama Coulibaly Ministre de l\u2019Economie et des Finances, r\u00e9publique de C\u00f4te d&#8217;Ivoire \u00a0 S.E.M Amadou Coulibaly Ministre [&hellip;]<\/p>\n","protected":false},"author":2,"featured_media":0,"parent":0,"menu_order":0,"comment_status":"closed","ping_status":"closed","template":"","meta":{"nf_dc_page":"","footnotes":""},"class_list":["post-14153","page","type-page","status-publish","hentry"],"yoast_head":"<!-- This site is optimized with the Yoast SEO plugin v27.4 - https:\/\/yoast.com\/product\/yoast-seo-wordpress\/ -->\n<title>Hon. Adama-Fr - AFROMEDI<\/title>\n<meta name=\"robots\" content=\"index, follow, max-snippet:-1, max-image-preview:large, max-video-preview:-1\" \/>\n<link rel=\"canonical\" href=\"https:\/\/afrodad.org\/afromedi\/fr\/hon-adama-fr\/\" \/>\n<meta property=\"og:locale\" content=\"en_US\" \/>\n<meta property=\"og:type\" content=\"article\" \/>\n<meta property=\"og:title\" content=\"Hon. Adama-Fr - AFROMEDI\" \/>\n<meta property=\"og:description\" content=\"S.E.M ADAMA COULIBALY Ministre de l\u2019Economie et des Finances, R\u00e9publique de C\u00f4te d&#039;Ivoire S\u00e9ances JOUR 01 19 mars 2024, 9h00 &#8211; 11h55 DISCOURS D&#8217;OUVERTURE, SESSION DE QUESTIONS-R\u00c9PONSES Fid\u00e9lit\u00e9 Nshimiyimana Responsable des Campagnes &amp; de la Communication \u00a0 S.E.M Adama Coulibaly Ministre de l\u2019Economie et des Finances, r\u00e9publique de C\u00f4te d&#8217;Ivoire \u00a0 S.E.M Amadou Coulibaly Ministre [&hellip;]\" \/>\n<meta property=\"og:url\" content=\"https:\/\/afrodad.org\/afromedi\/fr\/hon-adama-fr\/\" \/>\n<meta property=\"og:site_name\" content=\"AFROMEDI\" \/>\n<meta property=\"article:modified_time\" content=\"2024-03-18T06:09:15+00:00\" \/>\n<meta property=\"og:image\" content=\"https:\/\/afrodad.org\/afromedi\/wp-content\/uploads\/2024\/03\/Adama-nobackgnd.png\" \/>\n<meta name=\"twitter:card\" content=\"summary_large_image\" \/>\n<meta name=\"twitter:label1\" content=\"Est. reading time\" \/>\n\t<meta name=\"twitter:data1\" content=\"1 minute\" \/>\n<script type=\"application\/ld+json\" class=\"yoast-schema-graph\">{\"@context\":\"https:\\\/\\\/schema.org\",\"@graph\":[{\"@type\":\"WebPage\",\"@id\":\"https:\\\/\\\/afrodad.org\\\/afromedi\\\/fr\\\/hon-adama-fr\\\/\",\"url\":\"https:\\\/\\\/afrodad.org\\\/afromedi\\\/fr\\\/hon-adama-fr\\\/\",\"name\":\"Hon. Adama-Fr - AFROMEDI\",\"isPartOf\":{\"@id\":\"https:\\\/\\\/afrodad.org\\\/afromedi\\\/#website\"},\"primaryImageOfPage\":{\"@id\":\"https:\\\/\\\/afrodad.org\\\/afromedi\\\/fr\\\/hon-adama-fr\\\/#primaryimage\"},\"image\":{\"@id\":\"https:\\\/\\\/afrodad.org\\\/afromedi\\\/fr\\\/hon-adama-fr\\\/#primaryimage\"},\"thumbnailUrl\":\"https:\\\/\\\/afrodad.org\\\/afromedi\\\/wp-content\\\/uploads\\\/2024\\\/03\\\/Adama-nobackgnd.png\",\"datePublished\":\"2024-03-18T05:48:41+00:00\",\"dateModified\":\"2024-03-18T06:09:15+00:00\",\"breadcrumb\":{\"@id\":\"https:\\\/\\\/afrodad.org\\\/afromedi\\\/fr\\\/hon-adama-fr\\\/#breadcrumb\"},\"inLanguage\":\"en-US\",\"potentialAction\":[{\"@type\":\"ReadAction\",\"target\":[\"https:\\\/\\\/afrodad.org\\\/afromedi\\\/fr\\\/hon-adama-fr\\\/\"]}]},{\"@type\":\"ImageObject\",\"inLanguage\":\"en-US\",\"@id\":\"https:\\\/\\\/afrodad.org\\\/afromedi\\\/fr\\\/hon-adama-fr\\\/#primaryimage\",\"url\":\"https:\\\/\\\/i0.wp.com\\\/afrodad.org\\\/afromedi\\\/wp-content\\\/uploads\\\/2024\\\/03\\\/Adama-nobackgnd.png?fit=481%2C485&ssl=1\",\"contentUrl\":\"https:\\\/\\\/i0.wp.com\\\/afrodad.org\\\/afromedi\\\/wp-content\\\/uploads\\\/2024\\\/03\\\/Adama-nobackgnd.png?fit=481%2C485&ssl=1\",\"width\":481,\"height\":485},{\"@type\":\"BreadcrumbList\",\"@id\":\"https:\\\/\\\/afrodad.org\\\/afromedi\\\/fr\\\/hon-adama-fr\\\/#breadcrumb\",\"itemListElement\":[{\"@type\":\"ListItem\",\"position\":1,\"name\":\"Home\",\"item\":\"https:\\\/\\\/afrodad.org\\\/afromedi\\\/\"},{\"@type\":\"ListItem\",\"position\":2,\"name\":\"Hon. Adama-Fr\"}]},{\"@type\":\"WebSite\",\"@id\":\"https:\\\/\\\/afrodad.org\\\/afromedi\\\/#website\",\"url\":\"https:\\\/\\\/afrodad.org\\\/afromedi\\\/\",\"name\":\"AFROMEDI\",\"description\":\"\",\"publisher\":{\"@id\":\"https:\\\/\\\/afrodad.org\\\/afromedi\\\/#organization\"},\"potentialAction\":[{\"@type\":\"SearchAction\",\"target\":{\"@type\":\"EntryPoint\",\"urlTemplate\":\"https:\\\/\\\/afrodad.org\\\/afromedi\\\/?s={search_term_string}\"},\"query-input\":{\"@type\":\"PropertyValueSpecification\",\"valueRequired\":true,\"valueName\":\"search_term_string\"}}],\"inLanguage\":\"en-US\"},{\"@type\":\"Organization\",\"@id\":\"https:\\\/\\\/afrodad.org\\\/afromedi\\\/#organization\",\"name\":\"AFROMEDI\",\"url\":\"https:\\\/\\\/afrodad.org\\\/afromedi\\\/\",\"logo\":{\"@type\":\"ImageObject\",\"inLanguage\":\"en-US\",\"@id\":\"https:\\\/\\\/afrodad.org\\\/afromedi\\\/#\\\/schema\\\/logo\\\/image\\\/\",\"url\":\"https:\\\/\\\/i0.wp.com\\\/afrodad.org\\\/afromedi\\\/wp-content\\\/uploads\\\/2023\\\/03\\\/AFRODADs-logo-2.png?fit=196%2C109&ssl=1\",\"contentUrl\":\"https:\\\/\\\/i0.wp.com\\\/afrodad.org\\\/afromedi\\\/wp-content\\\/uploads\\\/2023\\\/03\\\/AFRODADs-logo-2.png?fit=196%2C109&ssl=1\",\"width\":196,\"height\":109,\"caption\":\"AFROMEDI\"},\"image\":{\"@id\":\"https:\\\/\\\/afrodad.org\\\/afromedi\\\/#\\\/schema\\\/logo\\\/image\\\/\"}}]}<\/script>\n<!-- \/ Yoast SEO plugin. -->","yoast_head_json":{"title":"Hon. Adama-Fr - AFROMEDI","robots":{"index":"index","follow":"follow","max-snippet":"max-snippet:-1","max-image-preview":"max-image-preview:large","max-video-preview":"max-video-preview:-1"},"canonical":"https:\/\/afrodad.org\/afromedi\/fr\/hon-adama-fr\/","og_locale":"en_US","og_type":"article","og_title":"Hon. Adama-Fr - AFROMEDI","og_description":"S.E.M ADAMA COULIBALY Ministre de l\u2019Economie et des Finances, R\u00e9publique de C\u00f4te d&#039;Ivoire S\u00e9ances JOUR 01 19 mars 2024, 9h00 &#8211; 11h55 DISCOURS D&#8217;OUVERTURE, SESSION DE QUESTIONS-R\u00c9PONSES Fid\u00e9lit\u00e9 Nshimiyimana Responsable des Campagnes &amp; de la Communication \u00a0 S.E.M Adama Coulibaly Ministre de l\u2019Economie et des Finances, r\u00e9publique de C\u00f4te d&#8217;Ivoire \u00a0 S.E.M Amadou Coulibaly Ministre [&hellip;]","og_url":"https:\/\/afrodad.org\/afromedi\/fr\/hon-adama-fr\/","og_site_name":"AFROMEDI","article_modified_time":"2024-03-18T06:09:15+00:00","og_image":[{"url":"https:\/\/afrodad.org\/afromedi\/wp-content\/uploads\/2024\/03\/Adama-nobackgnd.png","type":"","width":"","height":""}],"twitter_card":"summary_large_image","twitter_misc":{"Est. reading time":"1 minute"},"schema":{"@context":"https:\/\/schema.org","@graph":[{"@type":"WebPage","@id":"https:\/\/afrodad.org\/afromedi\/fr\/hon-adama-fr\/","url":"https:\/\/afrodad.org\/afromedi\/fr\/hon-adama-fr\/","name":"Hon. Adama-Fr - AFROMEDI","isPartOf":{"@id":"https:\/\/afrodad.org\/afromedi\/#website"},"primaryImageOfPage":{"@id":"https:\/\/afrodad.org\/afromedi\/fr\/hon-adama-fr\/#primaryimage"},"image":{"@id":"https:\/\/afrodad.org\/afromedi\/fr\/hon-adama-fr\/#primaryimage"},"thumbnailUrl":"https:\/\/afrodad.org\/afromedi\/wp-content\/uploads\/2024\/03\/Adama-nobackgnd.png","datePublished":"2024-03-18T05:48:41+00:00","dateModified":"2024-03-18T06:09:15+00:00","breadcrumb":{"@id":"https:\/\/afrodad.org\/afromedi\/fr\/hon-adama-fr\/#breadcrumb"},"inLanguage":"en-US","potentialAction":[{"@type":"ReadAction","target":["https:\/\/afrodad.org\/afromedi\/fr\/hon-adama-fr\/"]}]},{"@type":"ImageObject","inLanguage":"en-US","@id":"https:\/\/afrodad.org\/afromedi\/fr\/hon-adama-fr\/#primaryimage","url":"https:\/\/i0.wp.com\/afrodad.org\/afromedi\/wp-content\/uploads\/2024\/03\/Adama-nobackgnd.png?fit=481%2C485&ssl=1","contentUrl":"https:\/\/i0.wp.com\/afrodad.org\/afromedi\/wp-content\/uploads\/2024\/03\/Adama-nobackgnd.png?fit=481%2C485&ssl=1","width":481,"height":485},{"@type":"BreadcrumbList","@id":"https:\/\/afrodad.org\/afromedi\/fr\/hon-adama-fr\/#breadcrumb","itemListElement":[{"@type":"ListItem","position":1,"name":"Home","item":"https:\/\/afrodad.org\/afromedi\/"},{"@type":"ListItem","position":2,"name":"Hon. Adama-Fr"}]},{"@type":"WebSite","@id":"https:\/\/afrodad.org\/afromedi\/#website","url":"https:\/\/afrodad.org\/afromedi\/","name":"AFROMEDI","description":"","publisher":{"@id":"https:\/\/afrodad.org\/afromedi\/#organization"},"potentialAction":[{"@type":"SearchAction","target":{"@type":"EntryPoint","urlTemplate":"https:\/\/afrodad.org\/afromedi\/?s={search_term_string}"},"query-input":{"@type":"PropertyValueSpecification","valueRequired":true,"valueName":"search_term_string"}}],"inLanguage":"en-US"},{"@type":"Organization","@id":"https:\/\/afrodad.org\/afromedi\/#organization","name":"AFROMEDI","url":"https:\/\/afrodad.org\/afromedi\/","logo":{"@type":"ImageObject","inLanguage":"en-US","@id":"https:\/\/afrodad.org\/afromedi\/#\/schema\/logo\/image\/","url":"https:\/\/i0.wp.com\/afrodad.org\/afromedi\/wp-content\/uploads\/2023\/03\/AFRODADs-logo-2.png?fit=196%2C109&ssl=1","contentUrl":"https:\/\/i0.wp.com\/afrodad.org\/afromedi\/wp-content\/uploads\/2023\/03\/AFRODADs-logo-2.png?fit=196%2C109&ssl=1","width":196,"height":109,"caption":"AFROMEDI"},"image":{"@id":"https:\/\/afrodad.org\/afromedi\/#\/schema\/logo\/image\/"}}]}},"jetpack_sharing_enabled":true,"_links":{"self":[{"href":"https:\/\/afrodad.org\/afromedi\/wp-json\/wp\/v2\/pages\/14153","targetHints":{"allow":["GET"]}}],"collection":[{"href":"https:\/\/afrodad.org\/afromedi\/wp-json\/wp\/v2\/pages"}],"about":[{"href":"https:\/\/afrodad.org\/afromedi\/wp-json\/wp\/v2\/types\/page"}],"author":[{"embeddable":true,"href":"https:\/\/afrodad.org\/afromedi\/wp-json\/wp\/v2\/users\/2"}],"replies":[{"embeddable":true,"href":"https:\/\/afrodad.org\/afromedi\/wp-json\/wp\/v2\/comments?post=14153"}],"version-history":[{"count":5,"href":"https:\/\/afrodad.org\/afromedi\/wp-json\/wp\/v2\/pages\/14153\/revisions"}],"predecessor-version":[{"id":14161,"href":"https:\/\/afrodad.org\/afromedi\/wp-json\/wp\/v2\/pages\/14153\/revisions\/14161"}],"wp:attachment":[{"href":"https:\/\/afrodad.org\/afromedi\/wp-json\/wp\/v2\/media?parent=14153"}],"curies":[{"name":"wp","href":"https:\/\/api.w.org\/{rel}","templated":true}]}}